{"id":8,"date":"2017-02-08T11:05:29","date_gmt":"2017-02-08T11:05:29","guid":{"rendered":"http:\/\/127.0.0.1\/wordpress\/?page_id=5"},"modified":"2025-03-24T14:35:39","modified_gmt":"2025-03-24T13:35:39","slug":"descripcion-del-proyecto","status":"publish","type":"page","link":"https:\/\/espanolcontacto.unirioja.es\/","title":{"rendered":"COREC: CORPUS ORAL DE REFERENCIA DEL ESPA\u00d1OL EN CONTACTO"},"content":{"rendered":"<div class=\"wp-block-image\">\n<figure class=\"alignleft size-full is-resized\"><img decoding=\"async\" width=\"123\" height=\"164\" src=\"https:\/\/espanolcontacto.unirioja.es\/wp-content\/uploads\/2022\/01\/Logo-WEB-edited.png\" alt=\"\" class=\"wp-image-4341\" style=\"width:115px;height:auto\"\/><\/figure><\/div>\n\n<p style=\"text-align: justify;\">COREC: CORPUS ORAL DE REFERENCIA DEL ESPA\u00d1OL EN CONTACTO. FASE II: LENGUAS MINORITARIAS (COREC-II; PID2023-147098NB-I00) es un proyecto dirigido por Sara G\u00f3mez Seibane y Azucena Palacios financiado por el Ministerio de Econom\u00eda y Competitividad. Se inscribe en los grupos de investigaci\u00f3n de inform\u00e1tica PSYCOTRIP (UR) y Cambio ling\u00fc\u00edstico en situaciones de contacto (UAM).<\/p>\n\n\n<div class=\"wp-block-group\"><div class=\"wp-block-group__inner-container is-layout-constrained wp-block-group-is-layout-constrained\">\n<h2 class=\"wp-block-heading\" id=\"los-objetivos-del-proyecto-son\"><strong>Los objetivos del proyecto son: <\/strong><\/h2>\n\n\n\n<p style=\"text-align: justify;\"><strong>1)<\/strong> Informatizar el corpus COREC para permitir b\u00fasquedas automatizadas con acceso por lemas, palabras y etiquetas.<\/p>\n<p style=\"text-align: justify;\"><strong>2)<\/strong> Ampliar el tama\u00f1o del corpus disponible para proporcionar nuevos datos para el an\u00e1lisis del espa\u00f1ol en contacto.<\/p>\n<p style=\"text-align: justify;\"><strong>3)<\/strong> Continuar con la descripci\u00f3n e interpretaci\u00f3n de los efectos ling\u00fc\u00edsticos del contacto en el espa\u00f1ol, siempre con el hablante como eje central de la investigaci\u00f3n.<\/p>\n<p style=\"text-align: justify;\">Entendemos la variaci\u00f3n y el cambio ling\u00fc\u00edstico inducidos por contacto como procesos din\u00e1micos modelados a partir de las necesidades comunicativas de los hablantes, que implican en muchos casos cambios conceptuales, cognitivos, culturales o pragm\u00e1ticos, y que permiten delinear principios te\u00f3ricos generalizables a otras situaciones de contacto.<\/p>\n<p style=\"text-align: justify;\">En su vertiente social, el proyecto reivindica el valor de las lenguas y de las variedades de espa\u00f1ol de contacto, no siempre consideradas positivamente en la sociedad. Este corpus y los estudios del grupo contribuyen a promover el di\u00e1logo intercultural para atenuar, si no eliminar, barreras, estereotipos y evaluaciones negativas sobre las comunidades biling\u00fces y, en definitiva, para combatir la discriminaci\u00f3n ling\u00fc\u00edstica.<\/p>\n\n\n\n<p><\/p>\n\n\n\n<p><\/p>\n\n\n\n<p><\/p>\n\n\n\n<p><\/p>\n<\/div><\/div>\n","protected":false},"excerpt":{"rendered":"<p>COREC: CORPUS ORAL DE REFERENCIA DEL ESPA\u00d1OL EN CONTACTO. FASE II: LENGUAS MINORITARIAS (COREC-II; PID2023-147098NB-I00) es un proyecto dirigido por Sara G\u00f3mez Seibane y Azucena Palacios financiado por el Ministerio de Econom\u00eda y Competitividad. Se inscribe en los grupos de investigaci\u00f3n de inform\u00e1tica PSYCOTRIP (UR) y Cambio ling\u00fc\u00edstico en situaciones<\/p>\n","protected":false},"author":1,"featured_media":0,"parent":0,"menu_order":0,"comment_status":"closed","ping_status":"closed","template":"","meta":{"footnotes":""},"_links":{"self":[{"href":"https:\/\/espanolcontacto.unirioja.es\/index.php\/wp-json\/wp\/v2\/pages\/8"}],"collection":[{"href":"https:\/\/espanolcontacto.unirioja.es\/index.php\/wp-json\/wp\/v2\/pages"}],"about":[{"href":"https:\/\/espanolcontacto.unirioja.es\/index.php\/wp-json\/wp\/v2\/types\/page"}],"author":[{"embeddable":true,"href":"https:\/\/espanolcontacto.unirioja.es\/index.php\/wp-json\/wp\/v2\/users\/1"}],"replies":[{"embeddable":true,"href":"https:\/\/espanolcontacto.unirioja.es\/index.php\/wp-json\/wp\/v2\/comments?post=8"}],"version-history":[{"count":29,"href":"https:\/\/espanolcontacto.unirioja.es\/index.php\/wp-json\/wp\/v2\/pages\/8\/revisions"}],"predecessor-version":[{"id":5549,"href":"https:\/\/espanolcontacto.unirioja.es\/index.php\/wp-json\/wp\/v2\/pages\/8\/revisions\/5549"}],"wp:attachment":[{"href":"https:\/\/espanolcontacto.unirioja.es\/index.php\/wp-json\/wp\/v2\/media?parent=8"}],"curies":[{"name":"wp","href":"https:\/\/api.w.org\/{rel}","templated":true}]}}