{"id":60,"date":"2017-02-09T09:31:35","date_gmt":"2017-02-09T09:31:35","guid":{"rendered":"https:\/\/espanolcontacto.unirioja.es\/?page_id=60"},"modified":"2017-02-09T09:31:35","modified_gmt":"2017-02-09T09:31:35","slug":"proyectos-vinculados","status":"publish","type":"page","link":"https:\/\/espanolcontacto.unirioja.es\/index.php\/proyectos-vinculados\/","title":{"rendered":"Enlaces"},"content":{"rendered":"<h1><span style=\"color: #000000;\"><a href=\"http:\/\/espanoldelosandes.org\/\">RED TEM\u00c1TICA &#8220;ESPA\u00d1OL DE LOS ANDES&#8221;<\/a><\/span><\/h1>\n<h1><a href=\"http:\/\/www.oralidadmodernidad.com\/\">PROYECTO &#8220;ORALIDAD MODERNIDAD&#8221;<\/a><\/h1>\n<p style=\"text-align: justify;\"><span style=\"color: #000000;\">&#8220;Oralidad Modernidad&#8221; es un proyecto interdisciplinario. Sus metas principales son establecer cu\u00e1l es la situaci\u00f3n de las <strong>lenguas ind\u00edgenas del Ecuador<\/strong> en su relaci\u00f3n de contacto con la sociedad globalizante y aumentar el uso de <strong>lenguas minorizadas<\/strong> en un n\u00famero mayor de situaciones sociocomunicativas. Con ello se pretende la <strong>revitalizaci\u00f3n de lenguas<\/strong> ancestrales e incentivar la <strong>interculturalidad<\/strong> para promover el respeto a la diversidad.<\/span><\/p>\n<h1><span style=\"color: #000000;\"><a href=\"http:\/\/www.mayfeortega.com\">PROYECTO \u201cAS\u00cd DICEN MIS ABUELOS\u201d<\/a>\u00a0<\/span><\/h1>\n<p style=\"text-align: justify;\"><span style=\"color: #000000;\">&#8220;As\u00ed dicen mis abuelos&#8221; es un proyecto cuyo fin es la transmisi\u00f3n de saberes ancestrales de los abuelos y abuelas de <strong>comunidades ind\u00edgenas<\/strong> a las nuevas generaciones a trav\u00e9s de la creaci\u00f3n de materiales y talleres\u00a0educativos y l\u00fadicos. Con este proyecto, se busca generar m\u00e1s tolerancia a partir de la autoaceptaci\u00f3n, el autoreconocimiento y la<strong> revalorizaci\u00f3n de\u00a0los or\u00edgenes ind\u00edgenas<\/strong>.<\/span><\/p>\n<h1><span style=\"color: #000000;\"><a href=\"http:\/\/www.puce.edu.ec\/sitios\/linguistica\/geolinguistica\/\">PROYECTO \u201cGEOLING\u00dc\u00cdSTICA ECUADOR\u201d<\/a><\/span><\/h1>\n<p style=\"text-align: justify;\"><span style=\"color: #000000;\">&#8220;Geoling\u00fc\u00edstica del Ecuador&#8221; es un proyecto dependiente de &#8220;Oralidad Modernidad&#8221;. \u00a0En esta parte del proyecto se est\u00e1n desarrollando\u00a0<strong>mapas coropl\u00e9ticos<\/strong> de las <strong>lenguas de los pueblos originarios del Ecuador<\/strong>. Este trabajo permitir\u00e1 visualizar comparativamente el n\u00famero de hablantes, precisar su ubicaci\u00f3n y sus tendencias de vitalidad y movilizaci\u00f3n. Podr\u00e1s consultar m\u00e1s informaci\u00f3n y los mapas en su p\u00e1gina web.<\/span><\/p>\n<h1><span style=\"color: #000000;\"><a href=\"http:\/\/www.anaigarcia-espanol.com\/\">PROYECTO \u201cESPA\u00d1OL DE CHINCHERO\u201d<\/a><\/span><\/h1>\n<h1><a href=\"http:\/\/diversidadycontact.wixsite.com\/lenguasencontacto\">LENGUAS EN CONTACTO: DESAF\u00cdOS EN LA DIVERSIDAD<\/a><\/h1>\n<p style=\"text-align: justify;\"><span style=\"color: #000000;\">P\u00e1gina del congreso &#8220;<strong>Lenguas en contacto<\/strong>: desaf\u00edos en la diversidad&#8221; realizado durante el mes de mayo en la ciudad de Quito. En esta direcci\u00f3n web podr\u00e1s encontrar m\u00e1s informaci\u00f3n sobre este congreso al que asistieron varios miembros del equipo de este proyecto, as\u00ed como los res\u00famenes de todas las ponencias, audios de <strong>lenguas de Ecuador<\/strong>, v\u00eddeos de las conferencias y mucho m\u00e1s.<\/span><\/p>\n<h1><span style=\"color: #000000;\"><a href=\"http:\/\/www.inicios.es\/vocesmigranteshispanoamerica\/\">IDEOLOG\u00cdAS LING\u00dc\u00cdSTICAS Y CATEGORIZACI\u00d3N SOCIAL: VOCES DE MIGRANTES BILING\u00dcES EN HISPANOAM\u00c9RICA<\/a><\/span><\/h1>\n<p style=\"text-align: justify;\"><span style=\"color: #000000;\">&#8220;Ideolog\u00edas ling\u00fc\u00edsticas y categorizaci\u00f3n social: voces de migrantes biling\u00fces en Hispanoam\u00e9rica&#8221; es un proyecto\u00a0dedicado a la recopilaci\u00f3n de experiencias de <strong>migrantes en Hispanoam\u00e9rica<\/strong>. Se ha centrado en <strong>migraciones internas rural\/urbano<\/strong> en Ecuador y en la regi\u00f3n de Chaco en Argentina, y migraciones transfronterizas en Argentina. Estas \u00faltimas integradas por <strong>migrantes bolivianos y paraguayos<\/strong> residentes en La Plata y paraguayos en Resistencia.<\/span><\/p>\n<p style=\"text-align: justify;\"><span style=\"color: #000000;\">Este\u00a0proyecto tiene dos finalidades:\u00a0por un lado, se pretende\u00a0comprender los complejos <strong>aspectos ling\u00fc\u00edsticos y socioling\u00fc\u00edsticos<\/strong> de las <strong>situaciones multiculturales y multiling\u00fc\u00edsticas<\/strong> producto de la migraci\u00f3n. Por otro lado, desarrollar estrategias capaces de apoyar procesos de visibilizaci\u00f3n de <strong>colectivos minorizados<\/strong> en contextos de <strong>diversidad ling\u00fc\u00edstica y cultural<\/strong>.<\/span><\/p>\n<p style=\"text-align: justify;\"><span style=\"color: #000000;\">M\u00e1s informaci\u00f3n sobre el proyecto en la p\u00e1gina de <a href=\"https:\/\/espanolcontacto.unirioja.es\/grupo-de-investigacion\/proyectos-anteriores\/\">proyectos anteriores.<\/a><\/span><\/p>\n<h1 style=\"text-align: justify;\"><a href=\"http:\/\/arcas.fahce.unlp.edu.ar\/arcas\/portada\/colecciones\/cordmia\">CORDEMIA<\/a><\/h1>\n<p align=\"justify\"><span style=\"color: #000000;\">El <strong>Corpus Oral de Espa\u00f1ol de Migrantes en la Argentina (CORdEMIA)<\/strong> es una colecci\u00f3n de textos\u00a0creado por estudiantes y docentes\u00a0de la c\u00e1tedra de Ling\u00fc\u00edstica I de la de la Facultad de Humanidades y Ciencias de la Educaci\u00f3n (FaHCE) de la Universidad Nacional de La Plata. Este corpus tiene como cometido la colecci\u00f3n de\u00a0muestra de <strong>variedades del espa\u00f1o<\/strong>l resultado\u00a0de la nueva <strong>inmigraci\u00f3n en la Argentina<\/strong>.<\/span><\/p>\n<p align=\"justify\"><span style=\"color: #000000;\">Los objetivos de <strong>CORdEMIA<\/strong> son, en primer lugar, crear una base de datos para el estudio de la <strong>variaci\u00f3n ling\u00fc\u00edstica<\/strong>, el <strong>contacto de lenguas<\/strong>, el <strong>cambio ling\u00fc\u00edstico<\/strong> y la<strong> socioling\u00fc\u00edstica<\/strong>. En segundo lugar,\u00a0CORdEMIA tambi\u00e9n forma parte de un proyecto a mayor escala de La Universidad de Friburgo, el cual ha aportado no solo\u00a0los recursos tecnol\u00f3gicos para desarrollar el corpus, sino que tambi\u00e9n ha permtido aumentar el n\u00famero de grabaciones gracias al trabajo cooperativo desempe\u00f1ado entre los dos equipos de investigaci\u00f3n. En la actualidad, esta plataforma\u00a0re\u00fane m\u00e1s de cien horas de grabaci\u00f3n de<strong> espa\u00f1ol en contacto con las lenguas quechua y guaran\u00ed<\/strong>.<\/span><\/p>\n<h1><a href=\"http:\/\/sfb1252.uni-koeln.de\/a05.html?&amp;L=1\">PROYECTO &#8220;REALIZACI\u00d3N DE PROMINENCIA Y CONTACTO DE LENGUAS EN EL ESPA\u00d1OL DE QUINTANA ROO&#8221;<\/a><\/h1>\n<p style=\"text-align: justify;\"><span style=\"color: #000000;\">Este proyecto de\u00a0<strong>Melanie Uth<\/strong>\u00a0forma parte del\u00a0Centro Colaborativo de Investigaci\u00f3n 1252 \u201c<strong>Prominencia en el lenguaje<\/strong>\u201d fundado por la Fundaci\u00f3n Alemana para la Inverstigaci\u00f3n (DFG) desde el mes de enero de 2017. En \u00e9l se analizan <strong>hablantes monoling\u00fces y biling\u00fces<\/strong> (espa\u00f1ol, maya) con relaci\u00f3n a sus estrategias sint\u00e1cticas y pros\u00f3dicas de realizaci\u00f3n de prominencia (prominencia pragm\u00e1tica del foco y otros, y prominencia estructural, como p. ej. el acento l\u00e9xico) que parecen ser opuestas diametralmente. Un tema central es la <strong>variaci\u00f3n ling\u00fc\u00edstica<\/strong> en regiones de <strong>contacto de lenguas<\/strong>. De manera innovadora, ponemos en correlaci\u00f3n datos de variaci\u00f3n con Bilingual Language Profiles (BLP scores) graduales, los cuales indican el grado de biling\u00fcismo de un hablante a trav\u00e9s de un formulario complejo de autoevaluaci\u00f3n con una escala entre -280, 0 (biling\u00fce equilibrado) y +280 (Birdsong et al. 2012). De esta manera podemos investigar el modelo complejo de variaci\u00f3n en la regi\u00f3n analizada de manera mucho m\u00e1s detallada que con clasificaciones categ\u00f3ricas convencionales. Nuestro inter\u00e9s se centra en las siguientes preguntas de investigaci\u00f3n:<\/span><\/p>\n<p style=\"text-align: justify;\"><span style=\"color: #000000;\">&#8211; \u00bfDe qu\u00e9 manera influye el <strong>contacto de lenguas<\/strong> en la realizaci\u00f3n de<strong> prominencia sint\u00e1ctica y pros\u00f3dica en espa\u00f1ol y maya<\/strong>?<\/span><\/p>\n<p style=\"text-align: justify;\">&#8211;<span style=\"color: #000000;\"> \u00bfSe integran estrategias de realizaci\u00f3n de prominencia de una lengua en el sistema gramatical de la otra lengua?<\/span><\/p>\n<p style=\"text-align: justify;\"><span style=\"color: #000000;\">&#8211; \u00bfCu\u00e1les son las diferencias que existen entre <strong>hablantes monoling\u00fces y biling\u00fces<\/strong>? \u00bfExiste una correlaci\u00f3n entre ciertos perfiles de lengua (BLP, Birdsong y otros 2012) y modelos de realizaci\u00f3n de prominencia?<\/span><\/p>\n<p style=\"text-align: justify;\"><span style=\"color: #000000;\">&#8211; \u00bfDe qu\u00e9 tipo y en qu\u00e9 grado es la <strong>variaci\u00f3n socioling\u00fc\u00edstica<\/strong> dentro de los distintos grupos de hablantes analizados y cu\u00e1l es papel de <strong>factores socioling\u00fc\u00edsticos<\/strong> como edad, g\u00e9nero, redes sociales, prestigio de lengua y se\u00f1alizaci\u00f3n de identidad?<\/span><\/p>\n","protected":false},"excerpt":{"rendered":"<p>RED TEM\u00c1TICA &#8220;ESPA\u00d1OL DE LOS ANDES&#8221; PROYECTO &#8220;ORALIDAD MODERNIDAD&#8221; &#8220;Oralidad Modernidad&#8221; es un proyecto interdisciplinario. Sus metas principales son establecer cu\u00e1l es la situaci\u00f3n de las lenguas ind\u00edgenas del Ecuador en su relaci\u00f3n de contacto con la sociedad globalizante y aumentar el uso de lenguas minorizadas en un n\u00famero mayor<\/p>\n","protected":false},"author":1,"featured_media":0,"parent":0,"menu_order":0,"comment_status":"closed","ping_status":"closed","template":"","meta":{"footnotes":""},"_links":{"self":[{"href":"https:\/\/espanolcontacto.unirioja.es\/index.php\/wp-json\/wp\/v2\/pages\/60"}],"collection":[{"href":"https:\/\/espanolcontacto.unirioja.es\/index.php\/wp-json\/wp\/v2\/pages"}],"about":[{"href":"https:\/\/espanolcontacto.unirioja.es\/index.php\/wp-json\/wp\/v2\/types\/page"}],"author":[{"embeddable":true,"href":"https:\/\/espanolcontacto.unirioja.es\/index.php\/wp-json\/wp\/v2\/users\/1"}],"replies":[{"embeddable":true,"href":"https:\/\/espanolcontacto.unirioja.es\/index.php\/wp-json\/wp\/v2\/comments?post=60"}],"version-history":[{"count":0,"href":"https:\/\/espanolcontacto.unirioja.es\/index.php\/wp-json\/wp\/v2\/pages\/60\/revisions"}],"wp:attachment":[{"href":"https:\/\/espanolcontacto.unirioja.es\/index.php\/wp-json\/wp\/v2\/media?parent=60"}],"curies":[{"name":"wp","href":"https:\/\/api.w.org\/{rel}","templated":true}]}}