{"id":5785,"date":"2025-05-06T11:01:45","date_gmt":"2025-05-06T09:01:45","guid":{"rendered":"https:\/\/espanolcontacto.unirioja.es\/?page_id=5785"},"modified":"2025-05-06T11:01:45","modified_gmt":"2025-05-06T09:01:45","slug":"publicaciones-ramon-dandres-diaz","status":"publish","type":"page","link":"https:\/\/espanolcontacto.unirioja.es\/index.php\/publicaciones-ramon-dandres-diaz\/","title":{"rendered":"Publicaciones Ram\u00f3n d\u2019Andr\u00e9s D\u00edaz"},"content":{"rendered":"\n<p>D\u2019Andr\u00e9s D\u00edaz, R. (2022). <em>Frontera ling\u00fc\u00edstica entre el gallegoportugu\u00e9s y el asturleon\u00e9s: el atlas ETLEN<\/em>. En I. Molina Martos &amp; P. Garc\u00eda Mouton (Eds.), <em>Geoling\u00fc\u00edstica en la Pen\u00ednsula Ib\u00e9rica<\/em> (pp. 171\u2013200). CSIC.<\/p>\n\n\n\n<p>D\u2019Andr\u00e9s D\u00edaz, R. (2021). <em>Diccionariu de consultes lling\u00fc\u00edstiques del asturianu<\/em>. Ediciones Trabe.<\/p>\n\n\n\n<p>D\u2019Andr\u00e9s D\u00edaz, R. (2020). <em>Las Glosas Emilianenses no son la cuna del castellano<\/em>. En <em>Origen aragon\u00e9s de las Glosas Emilianenses. Estudios y edici\u00f3n facs\u00edmil<\/em> (pp. 11\u201318). Aladrada Ediciones.<\/p>\n\n\n\n<p>D\u2019Andr\u00e9s D\u00edaz, R. (2020). <em>Contacto de lenguas en Asturias: asturiano, \u201camest\u00e1u\u201d y castellano<\/em>. En F. Dubert-Garc\u00eda, V. M\u00edguez &amp; X. Sousa (Eds.), <em>Variedades ling\u00fc\u00edsticas en contacto na Pen\u00ednsula Ib\u00e9rica<\/em> (pp. 48\u201379). Consello da Cultura Galega.<\/p>\n\n\n\n<p>D\u2019Andr\u00e9s D\u00edaz, R. (2020). <em>Nuevo atlas ling\u00fc\u00edstico ETLEN, sobre la frontera entre el gallegoportugu\u00e9s y el asturleon\u00e9s en Asturias<\/em>. En W. Nowikow et al. (Eds.), <em>Ling\u00fc\u00edstica hisp\u00e1nica te\u00f3rica y aplicada. Estudios l\u00e9xico-gramaticales did\u00e1cticos y traductol\u00f3gicos<\/em> (pp. 51\u201368). Wydawnictwo Uniwersytetu \u0141\u00f3d\u017akiego.<\/p>\n\n\n\n<p>D\u2019Andr\u00e9s D\u00edaz, R., P\u00e9rez Toral, M., &amp; Garc\u00eda \u00c1lvarez, T. C. (Eds.). <em>Papeletas lexicogr\u00e1ficas del Padre Galo<\/em>. Real Instituto de Estudios Asturianos.<\/p>\n\n\n\n<p>D\u2019Andr\u00e9s D\u00edaz, R., &amp; Rodr\u00edguez Monteavaro, M. (en prensa). <em>La frontera asturiana entre el gallegoportugu\u00e9s y el asturleon\u00e9s: un an\u00e1lisis cuantitativo<\/em>. En <em>Actas do II Congresso Internacional em Varia\u00e7\u00e3o Lisgu\u00edstica nas L\u00ednguas Rom\u00e2nicas<\/em>. Universidade de Aveiro.<\/p>\n","protected":false},"excerpt":{"rendered":"<p>D\u2019Andr\u00e9s D\u00edaz, R. (2022). Frontera ling\u00fc\u00edstica entre el gallegoportugu\u00e9s y el asturleon\u00e9s: el atlas ETLEN. En I. Molina Martos &amp; P. Garc\u00eda Mouton (Eds.), Geoling\u00fc\u00edstica en la Pen\u00ednsula Ib\u00e9rica (pp. 171\u2013200). CSIC. D\u2019Andr\u00e9s D\u00edaz, R. (2021). Diccionariu de consultes lling\u00fc\u00edstiques del asturianu. Ediciones Trabe. D\u2019Andr\u00e9s D\u00edaz, R. (2020). Las Glosas<\/p>\n","protected":false},"author":3,"featured_media":0,"parent":0,"menu_order":0,"comment_status":"closed","ping_status":"closed","template":"","meta":{"footnotes":""},"_links":{"self":[{"href":"https:\/\/espanolcontacto.unirioja.es\/index.php\/wp-json\/wp\/v2\/pages\/5785"}],"collection":[{"href":"https:\/\/espanolcontacto.unirioja.es\/index.php\/wp-json\/wp\/v2\/pages"}],"about":[{"href":"https:\/\/espanolcontacto.unirioja.es\/index.php\/wp-json\/wp\/v2\/types\/page"}],"author":[{"embeddable":true,"href":"https:\/\/espanolcontacto.unirioja.es\/index.php\/wp-json\/wp\/v2\/users\/3"}],"replies":[{"embeddable":true,"href":"https:\/\/espanolcontacto.unirioja.es\/index.php\/wp-json\/wp\/v2\/comments?post=5785"}],"version-history":[{"count":1,"href":"https:\/\/espanolcontacto.unirioja.es\/index.php\/wp-json\/wp\/v2\/pages\/5785\/revisions"}],"predecessor-version":[{"id":5786,"href":"https:\/\/espanolcontacto.unirioja.es\/index.php\/wp-json\/wp\/v2\/pages\/5785\/revisions\/5786"}],"wp:attachment":[{"href":"https:\/\/espanolcontacto.unirioja.es\/index.php\/wp-json\/wp\/v2\/media?parent=5785"}],"curies":[{"name":"wp","href":"https:\/\/api.w.org\/{rel}","templated":true}]}}