{"id":5774,"date":"2025-05-06T10:56:33","date_gmt":"2025-05-06T08:56:33","guid":{"rendered":"https:\/\/espanolcontacto.unirioja.es\/?page_id=5774"},"modified":"2025-05-06T10:58:06","modified_gmt":"2025-05-06T08:58:06","slug":"publicaciones-de-zoe-dominguez","status":"publish","type":"page","link":"https:\/\/espanolcontacto.unirioja.es\/index.php\/publicaciones-de-zoe-dominguez\/","title":{"rendered":"Publicaciones de Zoe Dom\u00ednguez"},"content":{"rendered":"\n<p>Dom\u00ednguez, Z. (2022). An\u00e1lisis socioling\u00fc\u00edstico del espa\u00f1ol de Tucum\u00e1n: \u00bfUna variedad de contacto con el quechua?\u00a0<em>Biblioteca de Babel: Revista de Filolog\u00eda Hisp\u00e1nica, 3<\/em>, 21\u201396.\u00a0<a class=\"\" href=\"https:\/\/doi.org\/10.15366\/bibliotecababel2022.3.002\">https:\/\/doi.org\/10.15366\/bibliotecababel2022.3.002<\/a><\/p>\n","protected":false},"excerpt":{"rendered":"<p>Dom\u00ednguez, Z. (2022). An\u00e1lisis socioling\u00fc\u00edstico del espa\u00f1ol de Tucum\u00e1n: \u00bfUna variedad de contacto con el quechua?\u00a0Biblioteca de Babel: Revista de Filolog\u00eda Hisp\u00e1nica, 3, 21\u201396.\u00a0https:\/\/doi.org\/10.15366\/bibliotecababel2022.3.002<\/p>\n","protected":false},"author":3,"featured_media":0,"parent":0,"menu_order":0,"comment_status":"closed","ping_status":"closed","template":"","meta":{"footnotes":""},"_links":{"self":[{"href":"https:\/\/espanolcontacto.unirioja.es\/index.php\/wp-json\/wp\/v2\/pages\/5774"}],"collection":[{"href":"https:\/\/espanolcontacto.unirioja.es\/index.php\/wp-json\/wp\/v2\/pages"}],"about":[{"href":"https:\/\/espanolcontacto.unirioja.es\/index.php\/wp-json\/wp\/v2\/types\/page"}],"author":[{"embeddable":true,"href":"https:\/\/espanolcontacto.unirioja.es\/index.php\/wp-json\/wp\/v2\/users\/3"}],"replies":[{"embeddable":true,"href":"https:\/\/espanolcontacto.unirioja.es\/index.php\/wp-json\/wp\/v2\/comments?post=5774"}],"version-history":[{"count":1,"href":"https:\/\/espanolcontacto.unirioja.es\/index.php\/wp-json\/wp\/v2\/pages\/5774\/revisions"}],"predecessor-version":[{"id":5775,"href":"https:\/\/espanolcontacto.unirioja.es\/index.php\/wp-json\/wp\/v2\/pages\/5774\/revisions\/5775"}],"wp:attachment":[{"href":"https:\/\/espanolcontacto.unirioja.es\/index.php\/wp-json\/wp\/v2\/media?parent=5774"}],"curies":[{"name":"wp","href":"https:\/\/api.w.org\/{rel}","templated":true}]}}