{"id":5685,"date":"2025-04-30T17:37:17","date_gmt":"2025-04-30T15:37:17","guid":{"rendered":"https:\/\/espanolcontacto.unirioja.es\/?page_id=5685"},"modified":"2025-05-08T13:41:16","modified_gmt":"2025-05-08T11:41:16","slug":"publicaciones-de-christian-puma-ninacuri","status":"publish","type":"page","link":"https:\/\/espanolcontacto.unirioja.es\/index.php\/publicaciones-de-christian-puma-ninacuri\/","title":{"rendered":"Publicaciones de Christian Puma Ninacuri"},"content":{"rendered":"\n<p>Puma Ninacuri, C. (2025). Dinamismo y cambio del paisaje ling\u00fc\u00edstico en Bushwick. En M. Haboud (Ed.), <em>Desaf\u00edos en la diversidad 4<\/em>. PUCE\/Abya-Yala. (En prensa)<\/p>\n\n\n\n<p>Puma Ninacuri, C. &amp; Biezma, M. (2025). The challenges of doing fieldwork with minoritized languages and varieties: The case of Ecuadorian Andean Spanish. En M. Haboud (Ed.), <em>Desaf\u00edos en la diversidad 4<\/em>. PUCE\/Abya-Yala. (En prensa)<\/p>\n\n\n\n<p>Puma Ninacuri, C. &amp; Haboud, M. (2025). Contactos ling\u00fc\u00edsticos en Ecuador y su di\u00e1spora en Nueva York. En S. Ch\u00e1vez &amp; J. L. Ram\u00edrez Luengo (Eds.), <em>Panorama de estudios actuales del espa\u00f1ol de Am\u00e9rica<\/em>. Universidad de Antioquia. (En prensa)<\/p>\n\n\n\n<p>Puma Ninacuri, C. &amp; Gubitosi, P. (2024). Ecuadorians in NYC: Language and cultural practices of a community in the diaspora. <em>Languages, 9<\/em>(6), 193. <a class=\"\" href=\"https:\/\/doi.org\/10.3390\/languages9060193\">https:\/\/doi.org\/10.3390\/languages9060193<\/a><\/p>\n","protected":false},"excerpt":{"rendered":"<p>Puma Ninacuri, C. (2025). Dinamismo y cambio del paisaje ling\u00fc\u00edstico en Bushwick. En M. Haboud (Ed.), Desaf\u00edos en la diversidad 4. PUCE\/Abya-Yala. (En prensa) Puma Ninacuri, C. &amp; Biezma, M. (2025). The challenges of doing fieldwork with minoritized languages and varieties: The case of Ecuadorian Andean Spanish. En M. Haboud<\/p>\n","protected":false},"author":3,"featured_media":0,"parent":0,"menu_order":0,"comment_status":"closed","ping_status":"closed","template":"","meta":{"footnotes":""},"_links":{"self":[{"href":"https:\/\/espanolcontacto.unirioja.es\/index.php\/wp-json\/wp\/v2\/pages\/5685"}],"collection":[{"href":"https:\/\/espanolcontacto.unirioja.es\/index.php\/wp-json\/wp\/v2\/pages"}],"about":[{"href":"https:\/\/espanolcontacto.unirioja.es\/index.php\/wp-json\/wp\/v2\/types\/page"}],"author":[{"embeddable":true,"href":"https:\/\/espanolcontacto.unirioja.es\/index.php\/wp-json\/wp\/v2\/users\/3"}],"replies":[{"embeddable":true,"href":"https:\/\/espanolcontacto.unirioja.es\/index.php\/wp-json\/wp\/v2\/comments?post=5685"}],"version-history":[{"count":4,"href":"https:\/\/espanolcontacto.unirioja.es\/index.php\/wp-json\/wp\/v2\/pages\/5685\/revisions"}],"predecessor-version":[{"id":5843,"href":"https:\/\/espanolcontacto.unirioja.es\/index.php\/wp-json\/wp\/v2\/pages\/5685\/revisions\/5843"}],"wp:attachment":[{"href":"https:\/\/espanolcontacto.unirioja.es\/index.php\/wp-json\/wp\/v2\/media?parent=5685"}],"curies":[{"name":"wp","href":"https:\/\/api.w.org\/{rel}","templated":true}]}}