{"id":5683,"date":"2025-04-30T17:26:36","date_gmt":"2025-04-30T15:26:36","guid":{"rendered":"https:\/\/espanolcontacto.unirioja.es\/?page_id=5683"},"modified":"2025-05-09T09:18:00","modified_gmt":"2025-05-09T07:18:00","slug":"publicaciones-de-marina-mayor-rocher","status":"publish","type":"page","link":"https:\/\/espanolcontacto.unirioja.es\/index.php\/publicaciones-de-marina-mayor-rocher\/","title":{"rendered":"Publicaciones de Marina Mayor Rocher"},"content":{"rendered":"\n<p>Mayor-Rocher, M., Melero, N., Merino-G\u00f3mez, E. et al. (2025). TELEIA: A Spanish language dataset for evaluating artificial intelligence models.<em>\u00a0Data in Brief,<\/em>\u00a059. \u00a0<a href=\"https:\/\/doi.org\/10.1016\/j.dib.2025.111437\">https:\/\/doi.org\/10.1016\/j.dib.2025.111437<\/a><\/p>\n\n\n\n<p>Mayor-Rocher, M. &amp; S\u00e1ez-Rivera, D. M. (2024). Estudio socioling\u00fc\u00edstico de los paraguayos en Madrid.\u00a0<em>Bolet\u00edn De Filolog\u00eda<\/em>,\u00a0<em>59<\/em>(1), 295\u2013323. de\u00a0<a href=\"https:\/\/boletinfilologia.uchile.cl\/index.php\/BDF\/article\/view\/75040\">https:\/\/boletinfilologia.uchile.cl\/index.php\/BDF\/article\/view\/75040<\/a><\/p>\n\n\n\n<p>Mayor-Rocher, M. &amp; G\u00f3mez-Seibane, S. (2024). El castellano en la Comunidad Valenciana: una variedad de prestigio.&nbsp;<em>Dialectologia. Special issue<\/em>, 14, 91-114. &nbsp;<a href=\"https:\/\/doi.org\/10.1344\/Dialectologia2024.2024c.4\">https:\/\/doi.org\/10.1344\/Dialectologia2024.2024c.4<\/a><\/p>\n","protected":false},"excerpt":{"rendered":"<p>Mayor-Rocher, M., Melero, N., Merino-G\u00f3mez, E. et al. (2025). TELEIA: A Spanish language dataset for evaluating artificial intelligence models.\u00a0Data in Brief,\u00a059. \u00a0https:\/\/doi.org\/10.1016\/j.dib.2025.111437 Mayor-Rocher, M. &amp; S\u00e1ez-Rivera, D. M. (2024). Estudio socioling\u00fc\u00edstico de los paraguayos en Madrid.\u00a0Bolet\u00edn De Filolog\u00eda,\u00a059(1), 295\u2013323. de\u00a0https:\/\/boletinfilologia.uchile.cl\/index.php\/BDF\/article\/view\/75040 Mayor-Rocher, M. &amp; G\u00f3mez-Seibane, S. (2024). El castellano en la<\/p>\n","protected":false},"author":3,"featured_media":0,"parent":0,"menu_order":0,"comment_status":"closed","ping_status":"closed","template":"","meta":{"footnotes":""},"_links":{"self":[{"href":"https:\/\/espanolcontacto.unirioja.es\/index.php\/wp-json\/wp\/v2\/pages\/5683"}],"collection":[{"href":"https:\/\/espanolcontacto.unirioja.es\/index.php\/wp-json\/wp\/v2\/pages"}],"about":[{"href":"https:\/\/espanolcontacto.unirioja.es\/index.php\/wp-json\/wp\/v2\/types\/page"}],"author":[{"embeddable":true,"href":"https:\/\/espanolcontacto.unirioja.es\/index.php\/wp-json\/wp\/v2\/users\/3"}],"replies":[{"embeddable":true,"href":"https:\/\/espanolcontacto.unirioja.es\/index.php\/wp-json\/wp\/v2\/comments?post=5683"}],"version-history":[{"count":4,"href":"https:\/\/espanolcontacto.unirioja.es\/index.php\/wp-json\/wp\/v2\/pages\/5683\/revisions"}],"predecessor-version":[{"id":5896,"href":"https:\/\/espanolcontacto.unirioja.es\/index.php\/wp-json\/wp\/v2\/pages\/5683\/revisions\/5896"}],"wp:attachment":[{"href":"https:\/\/espanolcontacto.unirioja.es\/index.php\/wp-json\/wp\/v2\/media?parent=5683"}],"curies":[{"name":"wp","href":"https:\/\/api.w.org\/{rel}","templated":true}]}}