{"id":4971,"date":"2023-02-10T20:12:12","date_gmt":"2023-02-10T19:12:12","guid":{"rendered":"https:\/\/espanolcontacto.unirioja.es\/?page_id=4971"},"modified":"2025-07-11T10:56:41","modified_gmt":"2025-07-11T08:56:41","slug":"xixon-asturias","status":"publish","type":"page","link":"https:\/\/espanolcontacto.unirioja.es\/index.php\/xixon-asturias\/","title":{"rendered":"Gij\u00f3n\/Xix\u00f3n &#8211; Asturias"},"content":{"rendered":"\n<h1 class=\"wp-block-heading\"><a href=\"https:\/\/espanolcontacto.unirioja.es\/corpus\/mapa-corec\/\">COREC<\/a> &#8211; ESPA\u00d1OL EN CONTACTO CON ASTURIANO<\/h1>\n\n\n\n<h2 class=\"wp-block-heading\">Gij\u00f3n\/Xix\u00f3n &#8211; Asturias<\/h2>\n\n\n\n<p>Muestras de <strong>espa\u00f1ol en contacto con asturiano<\/strong> realizadas en Xix\u00f3n, Asturias.&nbsp;Si desea utilizar el material expuesto en la p\u00e1gina web, deber\u00e1 seguir las indicaciones descritas en <a href=\"https:\/\/espanolcontacto.unirioja.es\/index.php\/condiciones-de-uso-del-corec\/\"><strong>Condiciones de uso del COREC<\/strong><\/a> (Corpus Oral de Referencia de Espa\u00f1ol en Contacto) y notificarlo al equipo a trav\u00e9s de nuestra direcci\u00f3n de correo electr\u00f3nico (espanolcontactolenguas@gmail.com).&nbsp;<\/p>\n\n\n\n<hr class=\"wp-block-separator has-alpha-channel-opacity is-style-wide\"\/>\n\n\n\n<h2 class=\"wp-block-heading\">Muestra 1<\/h2>\n\n\n\n<figure class=\"wp-block-table is-style-stripes\"><table><tbody><tr><td><strong>Enclave<\/strong><\/td><td>Gij\u00f3n\/Xix\u00f3n, Asturias<\/td><\/tr><tr><td><strong>Fecha<\/strong><\/td><td>11\/2016<\/td><\/tr><tr><td><strong>Duraci\u00f3n <\/strong><\/td><td>1:10:09<\/td><\/tr><tr><td><strong>Informante<\/strong> <\/td><td>Hombre de 70 a\u00f1os<\/td><\/tr><tr><td><strong>Entrevistador<\/strong> <\/td><td>Miguel Rodr\u00edguez Monteavaro<\/td><\/tr><tr><td><strong>Tema<\/strong><\/td><td>Activismo pol\u00edtico en la dictadura<br>Ideolog\u00eda<br>Pol\u00edtica actual<\/td><\/tr><tr><td><strong>Lenguas en contacto<\/strong><\/td><td>Espa\u00f1ol-Asturiano<\/td><\/tr><\/tbody><\/table><\/figure>\n\n\n\n<figure class=\"wp-block-audio\"><audio controls src=\"https:\/\/espanolcontacto.unirioja.es\/wp-content\/uploads\/2023\/02\/xixon-asturias-1-1.mp3\"><\/audio><\/figure>\n\n\n\n<div data-wp-interactive=\"core\/file\" class=\"wp-block-file\"><object data-wp-bind--hidden=\"!state.hasPdfPreview\"  class=\"wp-block-file__embed\" data=\"https:\/\/espanolcontacto.unirioja.es\/wp-content\/uploads\/2023\/02\/1-Xixon-1.docx-1.pdf\" type=\"application\/pdf\" style=\"width:100%;height:600px\" aria-label=\"Incrustado de 1-Xixon-1.docx-1.\"><\/object><a id=\"wp-block-file--media-8849957c-9ef7-400c-bab9-8f6765fdc9b6\" href=\"https:\/\/espanolcontacto.unirioja.es\/wp-content\/uploads\/2023\/02\/1-Xixon-1.docx-1.pdf\">1-Xixon-1.docx-1<\/a><a href=\"https:\/\/espanolcontacto.unirioja.es\/wp-content\/uploads\/2023\/02\/1-Xixon-1.docx-1.pdf\" class=\"wp-block-file__button wp-element-button\" download aria-describedby=\"wp-block-file--media-8849957c-9ef7-400c-bab9-8f6765fdc9b6\">Descarga<\/a><\/div>\n\n\n\n<hr class=\"wp-block-separator has-alpha-channel-opacity is-style-wide\"\/>\n\n\n\n<h2 class=\"wp-block-heading\">Muestra 2<\/h2>\n\n\n\n<figure class=\"wp-block-table is-style-stripes\"><table><tbody><tr><td><strong>Enclave<\/strong><\/td><td>Gij\u00f3n\/Xix\u00f3n, Asturias<\/td><\/tr><tr><td><strong>Fecha<\/strong><\/td><td>11\/2022<\/td><\/tr><tr><td><strong>Duraci\u00f3n <\/strong><\/td><td>1:13:50<\/td><\/tr><tr><td><strong>Informante<\/strong> <\/td><td>Hombre de 64 a\u00f1os<\/td><\/tr><tr><td><strong>Entrevistador<\/strong> <\/td><td>Ram\u00f3n de Andr\u00e9s D\u00edaz<\/td><\/tr><tr><td><strong>Tema<\/strong><\/td><td>Temas biogr\u00e1ficos<br>Ni\u00f1ez y adolescencia<br>Entorno familia<br>Amistades<br>Estudios<br>Juegos<br>Gustos y aficiones<br>Viajes<\/td><\/tr><tr><td><strong>Lenguas en contacto<\/strong><\/td><td>Espa\u00f1ol-Asturiano<\/td><\/tr><\/tbody><\/table><\/figure>\n\n\n\n<figure class=\"wp-block-audio\"><audio controls src=\"https:\/\/espanolcontacto.unirioja.es\/wp-content\/uploads\/2023\/07\/xixon2-audio-anonimizado.mp3\"><\/audio><\/figure>\n\n\n\n<div data-wp-interactive=\"core\/file\" class=\"wp-block-file\"><object data-wp-bind--hidden=\"!state.hasPdfPreview\"  class=\"wp-block-file__embed\" data=\"https:\/\/espanolcontacto.unirioja.es\/wp-content\/uploads\/2023\/07\/Xixon-2-Transcripcion.docx.pdf\" type=\"application\/pdf\" style=\"width:100%;height:600px\" aria-label=\"Incrustado de Xixon-2-Transcripcion.docx.\"><\/object><a id=\"wp-block-file--media-ea0a6f31-f4eb-47d0-9bf0-ae60201edc31\" href=\"https:\/\/espanolcontacto.unirioja.es\/wp-content\/uploads\/2023\/07\/Xixon-2-Transcripcion.docx.pdf\">Xixon-2-Transcripcion.docx<\/a><a href=\"https:\/\/espanolcontacto.unirioja.es\/wp-content\/uploads\/2023\/07\/Xixon-2-Transcripcion.docx.pdf\" class=\"wp-block-file__button wp-element-button\" download aria-describedby=\"wp-block-file--media-ea0a6f31-f4eb-47d0-9bf0-ae60201edc31\">Descarga<\/a><\/div>\n\n\n\n<hr class=\"wp-block-separator has-alpha-channel-opacity is-style-wide\"\/>\n\n\n\n<h2 class=\"wp-block-heading\">Muestra 3<\/h2>\n\n\n\n<figure class=\"wp-block-table is-style-stripes\"><table><tbody><tr><td><strong>Enclave<\/strong><\/td><td>Gij\u00f3n\/Xix\u00f3n, Asturias<\/td><\/tr><tr><td><strong>Fecha<\/strong><\/td><td>01\/2023<\/td><\/tr><tr><td><strong>Duraci\u00f3n <\/strong><\/td><td>1:03:01<\/td><\/tr><tr><td><strong>Informante<\/strong> <\/td><td>Hombre de 63 a\u00f1os<\/td><\/tr><tr><td><strong>Entrevistador<\/strong> <\/td><td>Ram\u00f3n de Andr\u00e9s D\u00edaz<\/td><\/tr><tr><td><strong>Tema<\/strong><\/td><td>Temas biogr\u00e1ficos<br>Ni\u00f1ez y adolescencia<br>Entorno familia<br>Amistades<br>Estudios<br>Juegos<br>Gustos y aficiones<br>Viajes<\/td><\/tr><tr><td><strong>Lenguas en contacto<\/strong><\/td><td>Espa\u00f1ol-Asturiano<\/td><\/tr><\/tbody><\/table><\/figure>\n\n\n\n<figure class=\"wp-block-audio\"><audio controls src=\"https:\/\/espanolcontacto.unirioja.es\/wp-content\/uploads\/2023\/07\/xixon3-audio-anonimizado.mp3\"><\/audio><\/figure>\n\n\n\n<div data-wp-interactive=\"core\/file\" class=\"wp-block-file\"><object data-wp-bind--hidden=\"!state.hasPdfPreview\"  class=\"wp-block-file__embed\" data=\"https:\/\/espanolcontacto.unirioja.es\/wp-content\/uploads\/2023\/07\/Xixon-3-Transcripcion.docx.pdf\" type=\"application\/pdf\" style=\"width:100%;height:600px\" aria-label=\"Incrustado de Xixon-3-Transcripcion.docx.\"><\/object><a id=\"wp-block-file--media-7887dad5-6cf3-4ad3-a147-00dddf8ef2a0\" href=\"https:\/\/espanolcontacto.unirioja.es\/wp-content\/uploads\/2023\/07\/Xixon-3-Transcripcion.docx.pdf\">Xixon-3-Transcripcion.docx<\/a><a href=\"https:\/\/espanolcontacto.unirioja.es\/wp-content\/uploads\/2023\/07\/Xixon-3-Transcripcion.docx.pdf\" class=\"wp-block-file__button wp-element-button\" download aria-describedby=\"wp-block-file--media-7887dad5-6cf3-4ad3-a147-00dddf8ef2a0\">Descarga<\/a><\/div>\n\n\n\n<hr class=\"wp-block-separator has-alpha-channel-opacity is-style-wide\"\/>\n\n\n\n<h2 class=\"wp-block-heading\">Muestra 4<\/h2>\n\n\n\n<figure class=\"wp-block-table is-style-stripes\"><table><tbody><tr><td><strong>Enclave<\/strong><\/td><td>Gij\u00f3n\/Xix\u00f3n, Asturias<\/td><\/tr><tr><td><strong>Fecha<\/strong><\/td><td>02\/2023<\/td><\/tr><tr><td><strong>Duraci\u00f3n <\/strong><\/td><td>59:44<\/td><\/tr><tr><td><strong>Informante<\/strong> <\/td><td>Mujer de 64 a\u00f1os<\/td><\/tr><tr><td><strong>Entrevistador<\/strong><\/td><td>Ram\u00f3n de Andr\u00e9s D\u00edaz<\/td><\/tr><tr><td><strong>Tema<\/strong><\/td><td>Asuntos biogr\u00e1ficos del entrevistado desde su ni\u00f1ez <br>Gustos<br>Aficiones<\/td><\/tr><tr><td><strong>Lenguas en contacto<\/strong><\/td><td>Espa\u00f1ol-Asturiano<\/td><\/tr><\/tbody><\/table><\/figure>\n\n\n\n<figure class=\"wp-block-audio\"><audio controls src=\"https:\/\/espanolcontacto.unirioja.es\/wp-content\/uploads\/2023\/07\/xixon4-audio-anonimizado.mp3\"><\/audio><\/figure>\n\n\n\n<div data-wp-interactive=\"core\/file\" class=\"wp-block-file\"><object data-wp-bind--hidden=\"!state.hasPdfPreview\"  class=\"wp-block-file__embed\" data=\"https:\/\/espanolcontacto.unirioja.es\/wp-content\/uploads\/2023\/07\/Xixon-4-Transcripcion.pdf\" type=\"application\/pdf\" style=\"width:100%;height:600px\" aria-label=\"Incrustado de Xixon-4-Transcripcion.\"><\/object><a id=\"wp-block-file--media-0983cef8-8747-403a-a8df-9650c66694e9\" href=\"https:\/\/espanolcontacto.unirioja.es\/wp-content\/uploads\/2023\/07\/Xixon-4-Transcripcion.pdf\">Xixon-4-Transcripcion<\/a><a href=\"https:\/\/espanolcontacto.unirioja.es\/wp-content\/uploads\/2023\/07\/Xixon-4-Transcripcion.pdf\" class=\"wp-block-file__button wp-element-button\" download aria-describedby=\"wp-block-file--media-0983cef8-8747-403a-a8df-9650c66694e9\">Descarga<\/a><\/div>\n","protected":false},"excerpt":{"rendered":"<p>COREC &#8211; ESPA\u00d1OL EN CONTACTO CON ASTURIANO Gij\u00f3n\/Xix\u00f3n &#8211; Asturias Muestras de espa\u00f1ol en contacto con asturiano realizadas en Xix\u00f3n, Asturias.&nbsp;Si desea utilizar el material expuesto en la p\u00e1gina web, deber\u00e1 seguir las indicaciones descritas en Condiciones de uso del COREC (Corpus Oral de Referencia de Espa\u00f1ol en Contacto) y<\/p>\n","protected":false},"author":1,"featured_media":0,"parent":0,"menu_order":0,"comment_status":"closed","ping_status":"closed","template":"","meta":{"footnotes":""},"_links":{"self":[{"href":"https:\/\/espanolcontacto.unirioja.es\/index.php\/wp-json\/wp\/v2\/pages\/4971"}],"collection":[{"href":"https:\/\/espanolcontacto.unirioja.es\/index.php\/wp-json\/wp\/v2\/pages"}],"about":[{"href":"https:\/\/espanolcontacto.unirioja.es\/index.php\/wp-json\/wp\/v2\/types\/page"}],"author":[{"embeddable":true,"href":"https:\/\/espanolcontacto.unirioja.es\/index.php\/wp-json\/wp\/v2\/users\/1"}],"replies":[{"embeddable":true,"href":"https:\/\/espanolcontacto.unirioja.es\/index.php\/wp-json\/wp\/v2\/comments?post=4971"}],"version-history":[{"count":20,"href":"https:\/\/espanolcontacto.unirioja.es\/index.php\/wp-json\/wp\/v2\/pages\/4971\/revisions"}],"predecessor-version":[{"id":5994,"href":"https:\/\/espanolcontacto.unirioja.es\/index.php\/wp-json\/wp\/v2\/pages\/4971\/revisions\/5994"}],"wp:attachment":[{"href":"https:\/\/espanolcontacto.unirioja.es\/index.php\/wp-json\/wp\/v2\/media?parent=4971"}],"curies":[{"name":"wp","href":"https:\/\/api.w.org\/{rel}","templated":true}]}}