{"id":4964,"date":"2023-02-10T19:00:47","date_gmt":"2023-02-10T18:00:47","guid":{"rendered":"https:\/\/espanolcontacto.unirioja.es\/?page_id=4964"},"modified":"2023-07-17T21:19:22","modified_gmt":"2023-07-17T19:19:22","slug":"espanol-en-contacto-con-asturiano","status":"publish","type":"page","link":"https:\/\/espanolcontacto.unirioja.es\/index.php\/espanol-en-contacto-con-asturiano\/","title":{"rendered":"Espa\u00f1ol en contacto con asturiano"},"content":{"rendered":"\n<p>Este apartado del corpus\u00a0<strong>COREC (Corpus Oral de Referencia de Espa\u00f1ol en Contacto)<\/strong>\u00a0est\u00e1 conformado por fragmentos de entrevistas recogidas en diferentes enclaves de Asturias, Espa\u00f1a, cuyos informantes son hablantes biling\u00fces espa\u00f1ol-asturiano o monoling\u00fces de espa\u00f1ol. Las muestras de espa\u00f1ol en contacto con asturiano que les ofrecemos en nuestra p\u00e1gina web se localizan en:<\/p>\n\n\n\n<ul>\n<li><a href=\"https:\/\/espanolcontacto.unirioja.es\/index.php\/xixon-asturias\/\"><strong>Gij\u00f3n\/Xix\u00f3n<\/strong><\/a><\/li>\n\n\n\n<li><strong><a href=\"https:\/\/espanolcontacto.unirioja.es\/index.php\/grau-asturias\/\">Grado\/Grau<\/a><\/strong><\/li>\n\n\n\n<li><strong><a href=\"https:\/\/espanolcontacto.unirioja.es\/index.php\/oviedo-asturias\/\">Oviedo\/Uvi\u00e9u<\/a><\/strong><\/li>\n\n\n\n<li><a href=\"https:\/\/espanolcontacto.unirioja.es\/index.php\/la-pola-de-siero-asturias\/\"><strong>Siero<\/strong><\/a><\/li>\n<\/ul>\n\n\n\n<hr class=\"wp-block-separator has-alpha-channel-opacity is-style-wide\"\/>\n\n\n\n<figure class=\"wp-block-image size-full\"><img fetchpriority=\"high\" decoding=\"async\" width=\"1015\" height=\"271\" src=\"https:\/\/espanolcontacto.unirioja.es\/wp-content\/uploads\/2021\/04\/Logo-COREC.jpg.png\" alt=\"\" class=\"wp-image-3672\" srcset=\"https:\/\/espanolcontacto.unirioja.es\/wp-content\/uploads\/2021\/04\/Logo-COREC.jpg.png 1015w, https:\/\/espanolcontacto.unirioja.es\/wp-content\/uploads\/2021\/04\/Logo-COREC.jpg-300x80.png 300w, https:\/\/espanolcontacto.unirioja.es\/wp-content\/uploads\/2021\/04\/Logo-COREC.jpg-768x205.png 768w\" sizes=\"(max-width: 1015px) 100vw, 1015px\" \/><\/figure>\n","protected":false},"excerpt":{"rendered":"<p>Este apartado del corpus\u00a0COREC (Corpus Oral de Referencia de Espa\u00f1ol en Contacto)\u00a0est\u00e1 conformado por fragmentos de entrevistas recogidas en diferentes enclaves de Asturias, Espa\u00f1a, cuyos informantes son hablantes biling\u00fces espa\u00f1ol-asturiano o monoling\u00fces de espa\u00f1ol. Las muestras de espa\u00f1ol en contacto con asturiano que les ofrecemos en nuestra p\u00e1gina web se<\/p>\n","protected":false},"author":1,"featured_media":0,"parent":0,"menu_order":0,"comment_status":"closed","ping_status":"closed","template":"","meta":{"footnotes":""},"_links":{"self":[{"href":"https:\/\/espanolcontacto.unirioja.es\/index.php\/wp-json\/wp\/v2\/pages\/4964"}],"collection":[{"href":"https:\/\/espanolcontacto.unirioja.es\/index.php\/wp-json\/wp\/v2\/pages"}],"about":[{"href":"https:\/\/espanolcontacto.unirioja.es\/index.php\/wp-json\/wp\/v2\/types\/page"}],"author":[{"embeddable":true,"href":"https:\/\/espanolcontacto.unirioja.es\/index.php\/wp-json\/wp\/v2\/users\/1"}],"replies":[{"embeddable":true,"href":"https:\/\/espanolcontacto.unirioja.es\/index.php\/wp-json\/wp\/v2\/comments?post=4964"}],"version-history":[{"count":13,"href":"https:\/\/espanolcontacto.unirioja.es\/index.php\/wp-json\/wp\/v2\/pages\/4964\/revisions"}],"predecessor-version":[{"id":5218,"href":"https:\/\/espanolcontacto.unirioja.es\/index.php\/wp-json\/wp\/v2\/pages\/4964\/revisions\/5218"}],"wp:attachment":[{"href":"https:\/\/espanolcontacto.unirioja.es\/index.php\/wp-json\/wp\/v2\/media?parent=4964"}],"curies":[{"name":"wp","href":"https:\/\/api.w.org\/{rel}","templated":true}]}}