{"id":4947,"date":"2023-02-10T18:39:40","date_gmt":"2023-02-10T17:39:40","guid":{"rendered":"https:\/\/espanolcontacto.unirioja.es\/?page_id=4947"},"modified":"2023-07-03T19:39:18","modified_gmt":"2023-07-03T17:39:18","slug":"vitoria-pais-vasco-espana","status":"publish","type":"page","link":"https:\/\/espanolcontacto.unirioja.es\/index.php\/vitoria-pais-vasco-espana\/","title":{"rendered":"Vitoria-Gasteiz, Pa\u00eds Vasco &#8211; Espa\u00f1a"},"content":{"rendered":"\n<h2 class=\"wp-block-heading\"><a href=\"https:\/\/espanolcontacto.unirioja.es\/corpus\/mapa-corec\/\">ESPA\u00d1OL EN CONTACTO CON EUSKERA<\/a><\/h2>\n\n\n\n<h2 class=\"wp-block-heading\">Vitoria-Gasteiz, Pa\u00eds Vasco &#8211; Espa\u00f1a<\/h2>\n\n\n\n<p>Muestras de <strong>espa\u00f1ol en contacto con euskera<\/strong>&nbsp;realizadas en Espa\u00f1a.&nbsp;Si desea utilizar el material expuesto en la p\u00e1gina web, deber\u00e1 seguir las indicaciones descritas en <a href=\"https:\/\/espanolcontacto.unirioja.es\/index.php\/condiciones-de-uso-del-corec\/\"><strong>Condiciones de uso del COREC<\/strong><\/a> (Corpus Oral de Referencia de Espa\u00f1ol en Contacto) y notificarlo al equipo a trav\u00e9s de nuestra direcci\u00f3n de correo electr\u00f3nico (espanolcontactolenguas@gmail.com).&nbsp;<\/p>\n\n\n\n<hr class=\"wp-block-separator has-alpha-channel-opacity is-style-wide\"\/>\n\n\n\n<h2 class=\"wp-block-heading\">Muestra 1<\/h2>\n\n\n\n<figure class=\"wp-block-table\"><table><tbody><tr><td><strong>Enclave<\/strong><\/td><td>Vitoria-Gasteiz, Espa\u00f1a<\/td><\/tr><tr><td><strong>Fecha<\/strong><\/td><td>01\/2022<\/td><\/tr><tr><td><strong>Duraci\u00f3n de entrevista completa<\/strong><\/td><td>1:09:53<\/td><\/tr><tr><td><strong>Informante<\/strong><\/td><td>Mujer de 55 a\u00f1os<\/td><\/tr><tr><td><strong>Entrevistadora<\/strong><\/td><td>Sara G\u00f3mez Seibane<\/td><\/tr><tr><td><strong>Tema<\/strong><\/td><td>La pandemia de Covid-19, la situaci\u00f3n laboral, la vida cotidiana (tareas, hijos, familia, vacaciones, etc.), ocio y tiempo libre.<\/td><\/tr><tr><td><strong>Lenguas en contacto<\/strong><\/td><td>Espa\u00f1ol-Euskera<\/td><\/tr><\/tbody><\/table><\/figure>\n\n\n\n<figure class=\"wp-block-audio\"><audio controls src=\"https:\/\/espanolcontacto.unirioja.es\/wp-content\/uploads\/2023\/02\/Estibaliz-Vitoria-21-01-22.mp3\"><\/audio><\/figure>\n\n\n\n<div data-wp-interactive=\"core\/file\" class=\"wp-block-file\"><object data-wp-bind--hidden=\"!state.hasPdfPreview\"  class=\"wp-block-file__embed\" data=\"https:\/\/espanolcontacto.unirioja.es\/wp-content\/uploads\/2023\/02\/Vitoria-Estibaliz-Edicion-1.pdf\" type=\"application\/pdf\" style=\"width:100%;height:600px\" aria-label=\"Incrustado de Vitoria-Edicion-2.\"><\/object><a id=\"wp-block-file--media-a7c7eaf5-a4dc-4275-afa6-cd5c222369fe\" href=\"https:\/\/espanolcontacto.unirioja.es\/wp-content\/uploads\/2023\/02\/Vitoria-Estibaliz-Edicion-1.pdf\">Vitoria-Edicion-2<\/a><a href=\"https:\/\/espanolcontacto.unirioja.es\/wp-content\/uploads\/2023\/02\/Vitoria-Estibaliz-Edicion-1.pdf\" class=\"wp-block-file__button wp-element-button\" download aria-describedby=\"wp-block-file--media-a7c7eaf5-a4dc-4275-afa6-cd5c222369fe\">Descarga<\/a><\/div>\n\n\n\n<hr class=\"wp-block-separator has-alpha-channel-opacity is-style-wide\"\/>\n\n\n\n<h2 class=\"wp-block-heading\">Muestra 2<\/h2>\n\n\n\n<figure class=\"wp-block-table\"><table><tbody><tr><td><strong>Enclave<\/strong><\/td><td>Vitoria-Gasteiz, Espa\u00f1a<\/td><\/tr><tr><td><strong>Fecha<\/strong><\/td><td>01\/2022<\/td><\/tr><tr><td><strong>Duraci\u00f3n de entrevista completa<\/strong><\/td><td>1:02:53<\/td><\/tr><tr><td><strong>Informante<\/strong><\/td><td>Mujer de 21 a\u00f1os<\/td><\/tr><tr><td><strong>Entrevistadora<\/strong><\/td><td>Sara G\u00f3mez Seibane<\/td><\/tr><tr><td><strong>Tema<\/strong><\/td><td>Estudios, la vida cotidiana (tareas, familia, vacaciones, etc.), ocio, deporte y tiempo libre.<\/td><\/tr><tr><td><strong>Lenguas en contacto<\/strong><\/td><td>Espa\u00f1ol-Euskera<\/td><\/tr><\/tbody><\/table><\/figure>\n\n\n\n<figure class=\"wp-block-audio\"><audio controls src=\"https:\/\/espanolcontacto.unirioja.es\/wp-content\/uploads\/2023\/02\/Uxue-Vitoria-27-01-22.mp3\"><\/audio><\/figure>\n\n\n\n<div data-wp-interactive=\"core\/file\" class=\"wp-block-file\"><object data-wp-bind--hidden=\"!state.hasPdfPreview\"  class=\"wp-block-file__embed\" data=\"https:\/\/espanolcontacto.unirioja.es\/wp-content\/uploads\/2023\/02\/Vitoria-Uxue-Edicion.pdf\" type=\"application\/pdf\" style=\"width:100%;height:600px\" aria-label=\"Incrustado de Vitoria3-Edicion.\"><\/object><a id=\"wp-block-file--media-5989c164-de57-45c2-9972-bc41dd4549db\" href=\"https:\/\/espanolcontacto.unirioja.es\/wp-content\/uploads\/2023\/02\/Vitoria-Uxue-Edicion.pdf\">Vitoria3-Edicion<\/a><a href=\"https:\/\/espanolcontacto.unirioja.es\/wp-content\/uploads\/2023\/02\/Vitoria-Uxue-Edicion.pdf\" class=\"wp-block-file__button wp-element-button\" download aria-describedby=\"wp-block-file--media-5989c164-de57-45c2-9972-bc41dd4549db\">Descarga<\/a><\/div>\n","protected":false},"excerpt":{"rendered":"<p>ESPA\u00d1OL EN CONTACTO CON EUSKERA Vitoria-Gasteiz, Pa\u00eds Vasco &#8211; Espa\u00f1a Muestras de espa\u00f1ol en contacto con euskera&nbsp;realizadas en Espa\u00f1a.&nbsp;Si desea utilizar el material expuesto en la p\u00e1gina web, deber\u00e1 seguir las indicaciones descritas en Condiciones de uso del COREC (Corpus Oral de Referencia de Espa\u00f1ol en Contacto) y notificarlo al<\/p>\n","protected":false},"author":1,"featured_media":0,"parent":0,"menu_order":0,"comment_status":"closed","ping_status":"closed","template":"","meta":{"footnotes":""},"_links":{"self":[{"href":"https:\/\/espanolcontacto.unirioja.es\/index.php\/wp-json\/wp\/v2\/pages\/4947"}],"collection":[{"href":"https:\/\/espanolcontacto.unirioja.es\/index.php\/wp-json\/wp\/v2\/pages"}],"about":[{"href":"https:\/\/espanolcontacto.unirioja.es\/index.php\/wp-json\/wp\/v2\/types\/page"}],"author":[{"embeddable":true,"href":"https:\/\/espanolcontacto.unirioja.es\/index.php\/wp-json\/wp\/v2\/users\/1"}],"replies":[{"embeddable":true,"href":"https:\/\/espanolcontacto.unirioja.es\/index.php\/wp-json\/wp\/v2\/comments?post=4947"}],"version-history":[{"count":4,"href":"https:\/\/espanolcontacto.unirioja.es\/index.php\/wp-json\/wp\/v2\/pages\/4947\/revisions"}],"predecessor-version":[{"id":5108,"href":"https:\/\/espanolcontacto.unirioja.es\/index.php\/wp-json\/wp\/v2\/pages\/4947\/revisions\/5108"}],"wp:attachment":[{"href":"https:\/\/espanolcontacto.unirioja.es\/index.php\/wp-json\/wp\/v2\/media?parent=4947"}],"curies":[{"name":"wp","href":"https:\/\/api.w.org\/{rel}","templated":true}]}}