{"id":4829,"date":"2022-07-15T17:21:10","date_gmt":"2022-07-15T15:21:10","guid":{"rendered":"https:\/\/espanolcontacto.unirioja.es\/?page_id=4829"},"modified":"2025-05-09T09:27:07","modified_gmt":"2025-05-09T07:27:07","slug":"publicaciones-de-miguel-rodriguez-monteavaro","status":"publish","type":"page","link":"https:\/\/espanolcontacto.unirioja.es\/index.php\/publicaciones-de-miguel-rodriguez-monteavaro\/","title":{"rendered":"Publicaciones de Miguel Rodr\u00edguez Monteavaro"},"content":{"rendered":"\n<p>Rodr\u00edguez Monteavaro, M. (en prensa). Breve an\u00e1lisis dialectom\u00e9tricu nel centru-occidente d\u2019Asturies. En B. Alonso Pascua &amp; A. Aguete Cajiao (Coords.), <em>SIANI 3<\/em>. <em>Colecci\u00f3n Beihefte zur Zeitschrift f\u00fcr Romanische Philologie<\/em>. De Gruyter.<\/p>\n\n\n\n<p>Rodr\u00edguez Monteavaro, M. (2023). <em>Estudiu lling\u00fc\u00edsticu nel centru-occidente asturianu (ELCOA). Peque\u00f1u atles dialectogr\u00e1ficu<\/em>. Trabe.<\/p>\n\n\n\n<p>Rodr\u00edguez Monteavaro, M., \u00c1lvarez-Balbuena Garc\u00eda, F. &amp; Torre, E. (Coords.). (2023). <em>Llingua, cultura y socied\u00e1 nel noroccidente ib\u00e9ricu<\/em>. Universidad de Oviedo.<\/p>\n\n\n\n<p>Rodr\u00edguez Monteavaro, M. &amp; Andr\u00e9s D\u00edaz, R. d\u2019. (2022). <em>La diversid\u00e1 lling\u00fc\u00edstica d\u2019Espa\u00f1a y d\u2019Asturies. Encuesta na ciud\u00e1 de Xix\u00f3n, 2017<\/em>. Trabe.<\/p>\n\n\n\n<p>Rodr\u00edguez Monteavaro, M. &amp; Andr\u00e9s D\u00edaz, R. d&#8217;. (2022). La frontera asturiana entre el gallegoportugu\u00e9s y el asturleon\u00e9s: Un an\u00e1lisis cuantitativo. En L. C. Moutinho, A. G\u00f3mez Bautista, E. F. Rei, H. Rebelo, R. L. Coimbra &amp; X. Sousa (Eds.), <em>Estudos em varia\u00e7\u00e3o lingu\u00edstica nas l\u00ednguas rom\u00e2nicas \u2013 2<\/em> (pp. 228\u2013253). Universidade de Aveiro.<\/p>\n\n\n\n<p>Rodr\u00edguez Monteavaro, M. (2022). Fronteras morfosint\u00e1cticas internas del asturleon\u00e9s: El neutro de materia en la zona centro-occidental de Asturias. En E. Torre (Coord.), <em>El mapa ling\u00fc\u00edstico del noroccidente ib\u00e9rico: Contacto, variaci\u00f3n y cambio<\/em> (pp. 99\u2013120). Lincom (Studies in Spanish Linguistics).<\/p>\n\n\n\n<p>Rodr\u00edguez Monteavaro, M. (2022). Cuestiones dialectom\u00e9triques y sociolling\u00fc\u00edstiques nel \u00e1rea centro-occidental asturiana. En A. G\u00f3mez Bautista, H. Rebelo, L. P. Salema, L. C. Moutinho &amp; T. Flores P\u00e9rez (Coords.), <em>L\u00ednguas minorit\u00e1rias e varia\u00e7\u00e3o lingu\u00edstica | 2<\/em> (pp. 120\u2013148). UA Editora.<\/p>\n\n\n\n<p>Rodr\u00edguez Monteavaro, M. &amp; Andr\u00e9s D\u00edaz, R. d\u2019. (2022). Nuevos datos dialectales asturleoneses: Breve an\u00e1lisis dialectogr\u00e1fico y dialectom\u00e9trico en el centro-occidente asturiano. En L. C. Moutinho, A. G\u00f3mez Bautista, E. F. Rei, H. Rebelo, R. L. Coimbra &amp; X. Sousa (Eds.), <em>Estudos em varia\u00e7\u00e3o lingu\u00edstica nas l\u00ednguas rom\u00e2nicas \u2013 2<\/em> (pp. 183\u2013208). Universidade de Aveiro.<\/p>\n\n\n\n<p>Rodr\u00edguez Monteavaro, M. (2022). Isabel Molina Martos\/Pilar Garc\u00eda Mouton (eds.): Geoling\u00fc\u00edstica en la Pen\u00ednsula Ib\u00e9rica.&nbsp;<em>Revista Internacional de Ling\u00fc\u00edstica Iberoamericana<\/em>,&nbsp;<em>20<\/em>(40), 220-224.<\/p>\n\n\n\n<p>Rodr\u00edguez Monteavaro, M. (2020). La fala de Trubia (Asturies): estudiu sincr\u00f3nicu y diacr\u00f3nicu.&nbsp;<em>Archivum: Revista de la Facultad de Filosof\u00eda y Letras<\/em>, (70), 397-403.<\/p>\n","protected":false},"excerpt":{"rendered":"<p>Rodr\u00edguez Monteavaro, M. (en prensa). Breve an\u00e1lisis dialectom\u00e9tricu nel centru-occidente d\u2019Asturies. En B. Alonso Pascua &amp; A. Aguete Cajiao (Coords.), SIANI 3. Colecci\u00f3n Beihefte zur Zeitschrift f\u00fcr Romanische Philologie. De Gruyter. Rodr\u00edguez Monteavaro, M. (2023). Estudiu lling\u00fc\u00edsticu nel centru-occidente asturianu (ELCOA). Peque\u00f1u atles dialectogr\u00e1ficu. Trabe. Rodr\u00edguez Monteavaro, M., \u00c1lvarez-Balbuena Garc\u00eda,<\/p>\n","protected":false},"author":1,"featured_media":0,"parent":0,"menu_order":0,"comment_status":"closed","ping_status":"closed","template":"","meta":{"footnotes":""},"_links":{"self":[{"href":"https:\/\/espanolcontacto.unirioja.es\/index.php\/wp-json\/wp\/v2\/pages\/4829"}],"collection":[{"href":"https:\/\/espanolcontacto.unirioja.es\/index.php\/wp-json\/wp\/v2\/pages"}],"about":[{"href":"https:\/\/espanolcontacto.unirioja.es\/index.php\/wp-json\/wp\/v2\/types\/page"}],"author":[{"embeddable":true,"href":"https:\/\/espanolcontacto.unirioja.es\/index.php\/wp-json\/wp\/v2\/users\/1"}],"replies":[{"embeddable":true,"href":"https:\/\/espanolcontacto.unirioja.es\/index.php\/wp-json\/wp\/v2\/comments?post=4829"}],"version-history":[{"count":9,"href":"https:\/\/espanolcontacto.unirioja.es\/index.php\/wp-json\/wp\/v2\/pages\/4829\/revisions"}],"predecessor-version":[{"id":5899,"href":"https:\/\/espanolcontacto.unirioja.es\/index.php\/wp-json\/wp\/v2\/pages\/4829\/revisions\/5899"}],"wp:attachment":[{"href":"https:\/\/espanolcontacto.unirioja.es\/index.php\/wp-json\/wp\/v2\/media?parent=4829"}],"curies":[{"name":"wp","href":"https:\/\/api.w.org\/{rel}","templated":true}]}}