{"id":4755,"date":"2022-05-25T21:37:10","date_gmt":"2022-05-25T19:37:10","guid":{"rendered":"https:\/\/espanolcontacto.unirioja.es\/?page_id=4755"},"modified":"2025-07-11T10:51:08","modified_gmt":"2025-07-11T08:51:08","slug":"narino-colombia","status":"publish","type":"page","link":"https:\/\/espanolcontacto.unirioja.es\/index.php\/narino-colombia\/","title":{"rendered":"Nari\u00f1o &#8211; Colombia"},"content":{"rendered":"\n<h2 class=\"wp-block-heading\"><a href=\"https:\/\/espanolcontacto.unirioja.es\/corpus\/mapa-corec\/\">COREC<\/a> &#8211; Espa\u00f1ol en contacto con andino colombiano<\/h2>\n\n\n\n<p><span style=\"color: #000000;\"> Si desea utilizar el material expuesto en la p\u00e1gina web, deber\u00e1 seguir las indicaciones descritas en <a href=\"https:\/\/espanolcontacto.unirioja.es\/index.php\/condiciones-de-uso-del-corec\/\"><strong>Condiciones de uso del COREC<\/strong><\/a> (Corpus Oral de Referencia de Espa\u00f1ol en Contacto) y notificarlo al equipo a trav\u00e9s de nuestra direcci\u00f3n de correo electr\u00f3nico (espanolcontactolenguas@gmail.com).&nbsp;<\/span><\/p>\n\n\n\n<hr class=\"wp-block-separator has-alpha-channel-opacity is-style-wide\"\/>\n\n\n\n<h2 class=\"wp-block-heading\" id=\"muestra-4\"><strong>Muestra <\/strong>1<\/h2>\n\n\n\n<figure class=\"wp-block-table is-style-stripes\"><table><tbody><tr><td><strong>Enclave<\/strong><\/td><td><span style=\"color: #000000;\">Pasto, Nari\u00f1o<\/span><\/td><\/tr><tr><td><strong>Fecha<\/strong><\/td><td> 09\/2020<\/td><\/tr><tr><td><strong>Duraci\u00f3n<\/strong><\/td><td>01:02:41<\/td><\/tr><tr><td><strong>Informante<\/strong><br><\/td><td>El informante es un hombre de 64 a\u00f1os, jubilado, profesor universitario que actualmente dicta algunas clases en postgrados. Por su perfil, puede verse que es una persona con alto nivel educativo y poder adquisitivo que le permite realizar viajes de vacaciones fuera del pa\u00eds y tener un estilo de vida sin preocupaciones econ\u00f3micas. Vivi\u00f3 varios a\u00f1os fuera de Colombia mientras estudiaba su carrera universitaria y maestr\u00eda. Al terminar sus estudios regres\u00f3 al pa\u00eds para asentarse siendo profesor de econom\u00eda&nbsp;<br>Adem\u00e1s de profesor tambi\u00e9n ha sido rector, vicerrector, jefe de planeaci\u00f3n, decano, entre otros. Se muestra como un hombre intelectual y humilde a la vez. El aspecto de su casa, por lo que pudo verse en la videoconferencia, es el de una casa ubicada en un sector de buen nivel econ\u00f3mico.&nbsp;<br>Sobre la familia no mencion\u00f3 a sus padres, pero s\u00ed el n\u00famero de hijos que tuvieron -12- que para la \u00e9poca y su cultura es algo muy com\u00fan. Naci\u00f3 y creci\u00f3 en un pueblo de Nari\u00f1o llamado Guaitarilla y en la edad de educaci\u00f3n m\u00e1s avanzada se mud\u00f3 a Pasto, lugar de su actual residencia. Nunca ha estado inmerso en ambientes biling\u00fces en cuanto a lenguas ind\u00edgenas y, por su aspecto y apellidos, no tiene relaci\u00f3n gen\u00e9tica de rasgos ind\u00edgenas.<\/td><\/tr><tr><td><strong>Entrevistadora<\/strong><\/td><td>Carolina Correa<\/td><\/tr><tr><td><strong>Tema<\/strong><\/td><td>Historias de vida personales<br>An\u00e9cdotas<br>Cultura de su regi\u00f3n<br>Viajes<br>Comidas y fiestas t\u00edpicas<br>Econom\u00eda<br>Lugares para visitar<\/td><\/tr><tr><td><strong>Lenguas en contacto<\/strong><\/td><td><span style=\"color: #000000;\">Espa\u00f1ol-<\/span>Andino colombiano<\/td><\/tr><\/tbody><\/table><\/figure>\n\n\n\n<figure class=\"wp-block-audio\"><audio controls src=\"https:\/\/espanolcontacto.unirioja.es\/wp-content\/uploads\/2022\/05\/01-09-2020-Informante.mp3\"><\/audio><\/figure>\n\n\n\n<div data-wp-interactive=\"core\/file\" class=\"wp-block-file\"><object data-wp-bind--hidden=\"!state.hasPdfPreview\"  class=\"wp-block-file__embed\" data=\"https:\/\/espanolcontacto.unirioja.es\/wp-content\/uploads\/2022\/05\/Informante-1.docx.pdf\" type=\"application\/pdf\" style=\"width:100%;height:600px\" aria-label=\"Incrustado de Informante 1.docx.\"><\/object><a id=\"wp-block-file--media-09bdeb9c-74a5-477d-820d-9ab9dbad3b0c\" href=\"https:\/\/espanolcontacto.unirioja.es\/wp-content\/uploads\/2022\/05\/Informante-1.docx.pdf\">Informante 1.docx<\/a><a href=\"https:\/\/espanolcontacto.unirioja.es\/wp-content\/uploads\/2022\/05\/Informante-1.docx.pdf\" class=\"wp-block-file__button wp-element-button\" download aria-describedby=\"wp-block-file--media-09bdeb9c-74a5-477d-820d-9ab9dbad3b0c\">Descarga<\/a><\/div>\n\n\n\n<hr class=\"wp-block-separator has-alpha-channel-opacity is-style-wide\"\/>\n\n\n\n<h2 class=\"wp-block-heading\" id=\"muestra-4\"><strong>Muestra <\/strong>2<\/h2>\n\n\n\n<figure class=\"wp-block-table is-style-stripes\"><table><tbody><tr><td><strong>Enclave<\/strong><\/td><td><span style=\"color: #000000;\">Pasto, Nari\u00f1o<\/span><\/td><\/tr><tr><td><strong>Fecha<\/strong><\/td><td>09\/2020<\/td><\/tr><tr><td><strong>Duraci\u00f3n <\/strong><\/td><td>57:02<\/td><\/tr><tr><td><strong>Informante<\/strong><br><\/td><td>Es una mujer de 37 a\u00f1os, profesional y con una visi\u00f3n amplia del mundo. Soci\u00f3loga, bailarina, artista y emprendedora. Dentro de su educaci\u00f3n ha estudiado temas diversos. Ha viajado a otros pa\u00edses para capacitarse en danzas orientales y otros temas. Su aspecto y el de su entorno es agradable y ordenado. Su familia materna es de un municipio cercano a Pasto llamado Yacuanquer. No ha estado expuesta a entornos biling\u00fces, sin embargo le ha interesado la recuperaci\u00f3n de lenguas ind\u00edgenas, por lo cual alguna vez hizo un curso de lengua Inga en la Universidad de Nari\u00f1o; adem\u00e1s tiene algunos conocidos de zonas campesinas en el departamento de Putumayo que es frontera con Nari\u00f1o, y all\u00ed hay comunidades ind\u00edgenas.<\/td><\/tr><tr><td><strong>Entrevistadora<\/strong><\/td><td>Carolina Correa<\/td><\/tr><tr><td><strong>Tema<\/strong><\/td><td>Historias de su vida y su trabajo<br>Cultura de su regi\u00f3n<br>Festivales<br>Comidas<\/td><\/tr><tr><td><strong>Lenguas en contacto<\/strong><\/td><td><span style=\"color: #000000;\">Espa\u00f1ol-<\/span>Andino colombiano<\/td><\/tr><\/tbody><\/table><\/figure>\n\n\n\n<figure class=\"wp-block-audio\"><audio controls src=\"https:\/\/espanolcontacto.unirioja.es\/wp-content\/uploads\/2022\/05\/05-09-2020-Informante-2.mp3\"><\/audio><\/figure>\n\n\n\n<div data-wp-interactive=\"core\/file\" class=\"wp-block-file\"><object data-wp-bind--hidden=\"!state.hasPdfPreview\"  class=\"wp-block-file__embed\" data=\"https:\/\/espanolcontacto.unirioja.es\/wp-content\/uploads\/2022\/05\/Informante-2-Narino.docx.pdf\" type=\"application\/pdf\" style=\"width:100%;height:600px\" aria-label=\"Incrustado de Informante 2 - Nari\u00f1o.docx.\"><\/object><a id=\"wp-block-file--media-347b5c3e-f974-42a7-ba80-2bb4c0a812ba\" href=\"https:\/\/espanolcontacto.unirioja.es\/wp-content\/uploads\/2022\/05\/Informante-2-Narino.docx.pdf\">Informante 2 &#8211; Nari\u00f1o.docx<\/a><a href=\"https:\/\/espanolcontacto.unirioja.es\/wp-content\/uploads\/2022\/05\/Informante-2-Narino.docx.pdf\" class=\"wp-block-file__button wp-element-button\" download aria-describedby=\"wp-block-file--media-347b5c3e-f974-42a7-ba80-2bb4c0a812ba\">Descarga<\/a><\/div>\n\n\n\n<hr class=\"wp-block-separator has-alpha-channel-opacity is-style-wide\"\/>\n\n\n\n<h2 class=\"wp-block-heading\" id=\"muestra-4\"><strong>Muestra <\/strong>3<\/h2>\n\n\n\n<figure class=\"wp-block-table is-style-stripes\"><table><tbody><tr><td><strong>Enclave<\/strong><\/td><td><span style=\"color: #000000;\">Pasto, Nari\u00f1o<\/span><\/td><\/tr><tr><td><strong>Fecha<\/strong><\/td><td>09\/2020<\/td><\/tr><tr><td><strong>Duraci\u00f3n <\/strong><\/td><td>01:03:08<\/td><\/tr><tr><td><strong>Informante<\/strong><br><\/td><td>La informante es una mujer de 48 a\u00f1os, de apariencia agradable, al igual que su casa. Economista con especializaciones, ha viajado por muchos lugares de Colombia y disfruta de la cultura en sus diferentes manifestaciones. Trabaj\u00f3 en otros lugares del pa\u00eds por alg\u00fan tiempo y se siente orgullosa de sus ra\u00edces. A pesar de no tener un v\u00ednculo con comunidades ind\u00edgenas, se siente orgullosa de que en su regi\u00f3n haya comunidades que sigan preservando las ra\u00edces ancestrales. Cuando tuvo la oportunidad de estar cerca a algunas comunidades ind\u00edgenas por cuestiones laborales, le gustaba escucharlos hablando en sus lenguas, aunque no entendiera lo que dec\u00edan, pero lamenta que las lenguas se est\u00e9n perdiendo actualmente en el departamento de Nari\u00f1o.<\/td><\/tr><tr><td><strong>Entrevistadora<\/strong><\/td><td>Carolina Correa<\/td><\/tr><tr><td><strong>Tema<\/strong><\/td><td>Vida personal con respecto a sus actividades de pasatiempo (danza \u00e1rabe)<br>Cultura general de su regi\u00f3n<br>Comida<br>An\u00e9cdotas personales e historias de la \u00e9poca colonial.<\/td><\/tr><tr><td><strong>Lenguas en contacto<\/strong><\/td><td><span style=\"color: #000000;\">Espa\u00f1ol-<\/span>Andino colombiano<\/td><\/tr><\/tbody><\/table><\/figure>\n\n\n\n<figure class=\"wp-block-audio\"><audio controls src=\"https:\/\/espanolcontacto.unirioja.es\/wp-content\/uploads\/2022\/05\/07-09-2020-Informante-3-1.mp3\"><\/audio><\/figure>\n\n\n\n<div data-wp-interactive=\"core\/file\" class=\"wp-block-file\"><object data-wp-bind--hidden=\"!state.hasPdfPreview\"  class=\"wp-block-file__embed\" data=\"https:\/\/espanolcontacto.unirioja.es\/wp-content\/uploads\/2022\/05\/Informante-3.docx.pdf\" type=\"application\/pdf\" style=\"width:100%;height:600px\" aria-label=\"Incrustado de Informante 3.docx.\"><\/object><a id=\"wp-block-file--media-869e60ba-4e37-4183-a213-e1af469775d9\" href=\"https:\/\/espanolcontacto.unirioja.es\/wp-content\/uploads\/2022\/05\/Informante-3.docx.pdf\">Informante 3.docx<\/a><a href=\"https:\/\/espanolcontacto.unirioja.es\/wp-content\/uploads\/2022\/05\/Informante-3.docx.pdf\" class=\"wp-block-file__button wp-element-button\" download aria-describedby=\"wp-block-file--media-869e60ba-4e37-4183-a213-e1af469775d9\">Descarga<\/a><\/div>\n\n\n\n<hr class=\"wp-block-separator has-alpha-channel-opacity is-style-wide\"\/>\n\n\n\n<h2 class=\"wp-block-heading\">Muestra 4<\/h2>\n\n\n\n<figure class=\"wp-block-table is-style-stripes\"><table><tbody><tr><td><strong>Enclave<\/strong><\/td><td><span style=\"color: #000000;\">Pasto, Nari\u00f1o<\/span><\/td><\/tr><tr><td><strong>Fecha<\/strong><\/td><td>09\/2020<\/td><\/tr><tr><td><strong>Duraci\u00f3n <\/strong><\/td><td>1:00:24<\/td><\/tr><tr><td><strong>Informante<\/strong><br><\/td><td>Mujer zootecnista de profesi\u00f3n, actualmente terapeuta y profesora de medicina tradicional china. Una mujer de mente abierta y constante actualizaci\u00f3n de aprendizajes. Por su historia y recorrido se nota que tiene buen nivel econ\u00f3mico, pues ha estudiado y viajado mucho. De aspecto agradable, sobrio y elegante. Se mueve en un mundo hol\u00edstico donde no cabe ning\u00fan tipo de juzgamiento. No se mencion\u00f3 el tema ind\u00edgena directamente pero no parece estar muy relacionada con las tradiciones ancestrales, pues al mencionar viajes a zonas donde hay comunidades ind\u00edgenas no ahond\u00f3 en este tema.<\/td><\/tr><tr><td><strong>Entrevistadora<\/strong><br><\/td><td>Carolina Correa<\/td><\/tr><tr><td><strong>Tema<\/strong><\/td><td>Historia de vida<br>Trabajo<br>Estilo de vida<br>Pasatiempos<\/td><\/tr><tr><td><strong>Lenguas en contacto<\/strong><\/td><td><span style=\"color: #000000;\">Espa\u00f1ol-<\/span>Andino colombiano<\/td><\/tr><\/tbody><\/table><\/figure>\n\n\n\n<figure class=\"wp-block-audio\"><audio controls src=\"https:\/\/espanolcontacto.unirioja.es\/wp-content\/uploads\/2022\/05\/09-10-2020-Informante-4.mp3\"><\/audio><\/figure>\n\n\n\n<div data-wp-interactive=\"core\/file\" class=\"wp-block-file\"><object data-wp-bind--hidden=\"!state.hasPdfPreview\"  class=\"wp-block-file__embed\" data=\"https:\/\/espanolcontacto.unirioja.es\/wp-content\/uploads\/2022\/05\/Informante-4.docx.pdf\" type=\"application\/pdf\" style=\"width:100%;height:600px\" aria-label=\"Incrustado de Informante 4.docx.\"><\/object><a id=\"wp-block-file--media-8c1ae21e-508f-4c59-a3a1-09984c09e4c8\" href=\"https:\/\/espanolcontacto.unirioja.es\/wp-content\/uploads\/2022\/05\/Informante-4.docx.pdf\">Informante 4.docx<\/a><a href=\"https:\/\/espanolcontacto.unirioja.es\/wp-content\/uploads\/2022\/05\/Informante-4.docx.pdf\" class=\"wp-block-file__button wp-element-button\" download aria-describedby=\"wp-block-file--media-8c1ae21e-508f-4c59-a3a1-09984c09e4c8\">Descarga<\/a><\/div>\n\n\n\n<hr class=\"wp-block-separator has-alpha-channel-opacity is-style-wide\"\/>\n\n\n\n<figure class=\"wp-block-image size-full\"><img fetchpriority=\"high\" decoding=\"async\" width=\"1015\" height=\"271\" src=\"https:\/\/espanolcontacto.unirioja.es\/wp-content\/uploads\/2021\/04\/Logo-COREC.jpg.png\" alt=\"\" class=\"wp-image-3672\" srcset=\"https:\/\/espanolcontacto.unirioja.es\/wp-content\/uploads\/2021\/04\/Logo-COREC.jpg.png 1015w, https:\/\/espanolcontacto.unirioja.es\/wp-content\/uploads\/2021\/04\/Logo-COREC.jpg-300x80.png 300w, https:\/\/espanolcontacto.unirioja.es\/wp-content\/uploads\/2021\/04\/Logo-COREC.jpg-768x205.png 768w\" sizes=\"(max-width: 1015px) 100vw, 1015px\" \/><\/figure>\n","protected":false},"excerpt":{"rendered":"<p>COREC &#8211; Espa\u00f1ol en contacto con andino colombiano Si desea utilizar el material expuesto en la p\u00e1gina web, deber\u00e1 seguir las indicaciones descritas en Condiciones de uso del COREC (Corpus Oral de Referencia de Espa\u00f1ol en Contacto) y notificarlo al equipo a trav\u00e9s de nuestra direcci\u00f3n de correo electr\u00f3nico (espanolcontactolenguas@gmail.com).&nbsp;<\/p>\n","protected":false},"author":1,"featured_media":0,"parent":0,"menu_order":0,"comment_status":"closed","ping_status":"closed","template":"","meta":{"footnotes":""},"_links":{"self":[{"href":"https:\/\/espanolcontacto.unirioja.es\/index.php\/wp-json\/wp\/v2\/pages\/4755"}],"collection":[{"href":"https:\/\/espanolcontacto.unirioja.es\/index.php\/wp-json\/wp\/v2\/pages"}],"about":[{"href":"https:\/\/espanolcontacto.unirioja.es\/index.php\/wp-json\/wp\/v2\/types\/page"}],"author":[{"embeddable":true,"href":"https:\/\/espanolcontacto.unirioja.es\/index.php\/wp-json\/wp\/v2\/users\/1"}],"replies":[{"embeddable":true,"href":"https:\/\/espanolcontacto.unirioja.es\/index.php\/wp-json\/wp\/v2\/comments?post=4755"}],"version-history":[{"count":6,"href":"https:\/\/espanolcontacto.unirioja.es\/index.php\/wp-json\/wp\/v2\/pages\/4755\/revisions"}],"predecessor-version":[{"id":5992,"href":"https:\/\/espanolcontacto.unirioja.es\/index.php\/wp-json\/wp\/v2\/pages\/4755\/revisions\/5992"}],"wp:attachment":[{"href":"https:\/\/espanolcontacto.unirioja.es\/index.php\/wp-json\/wp\/v2\/media?parent=4755"}],"curies":[{"name":"wp","href":"https:\/\/api.w.org\/{rel}","templated":true}]}}