{"id":4753,"date":"2022-05-25T20:38:13","date_gmt":"2022-05-25T18:38:13","guid":{"rendered":"https:\/\/espanolcontacto.unirioja.es\/?page_id=4753"},"modified":"2022-05-25T21:43:29","modified_gmt":"2022-05-25T19:43:29","slug":"espanol-en-contacto-con-andino-colombiano","status":"publish","type":"page","link":"https:\/\/espanolcontacto.unirioja.es\/index.php\/espanol-en-contacto-con-andino-colombiano\/","title":{"rendered":"Espa\u00f1ol en contacto con andino colombiano"},"content":{"rendered":"\n<h1 class=\"wp-block-heading\">ESPA\u00d1OL EN CONTACTO CON ANDINO COLOMBIANO<\/h1>\n\n\n\n<p><span style=\"color: #000000;\">Este apartado del corpus <strong>COREC (Corpus Oral de Referencia de Espa\u00f1ol en Contacto)<\/strong> est\u00e1 conformado por fragmentos de entrevistas recogidas en Colombia, cuyos informantes son hablantes biling\u00fces espa\u00f1ol-pasto. Las muestras de espa\u00f1ol en contacto con pasto que les ofrecemos en nuestra p\u00e1gina web se localizan en:<\/span><\/p>\n\n\n\n<ul><li><a href=\"https:\/\/espanolcontacto.unirioja.es\/index.php\/narino-colombia\/\"><strong>Nari\u00f1o<\/strong><\/a><\/li><\/ul>\n\n\n\n<hr class=\"wp-block-separator has-alpha-channel-opacity is-style-wide\"\/>\n\n\n\n<figure class=\"wp-block-image size-full\"><img fetchpriority=\"high\" decoding=\"async\" width=\"1015\" height=\"271\" src=\"https:\/\/espanolcontacto.unirioja.es\/wp-content\/uploads\/2021\/04\/Logo-COREC.jpg.png\" alt=\"\" class=\"wp-image-3672\" srcset=\"https:\/\/espanolcontacto.unirioja.es\/wp-content\/uploads\/2021\/04\/Logo-COREC.jpg.png 1015w, https:\/\/espanolcontacto.unirioja.es\/wp-content\/uploads\/2021\/04\/Logo-COREC.jpg-300x80.png 300w, https:\/\/espanolcontacto.unirioja.es\/wp-content\/uploads\/2021\/04\/Logo-COREC.jpg-768x205.png 768w\" sizes=\"(max-width: 1015px) 100vw, 1015px\" \/><\/figure>\n","protected":false},"excerpt":{"rendered":"<p>ESPA\u00d1OL EN CONTACTO CON ANDINO COLOMBIANO Este apartado del corpus COREC (Corpus Oral de Referencia de Espa\u00f1ol en Contacto) est\u00e1 conformado por fragmentos de entrevistas recogidas en Colombia, cuyos informantes son hablantes biling\u00fces espa\u00f1ol-pasto. Las muestras de espa\u00f1ol en contacto con pasto que les ofrecemos en nuestra p\u00e1gina web se<\/p>\n","protected":false},"author":1,"featured_media":0,"parent":0,"menu_order":0,"comment_status":"closed","ping_status":"closed","template":"","meta":{"footnotes":""},"_links":{"self":[{"href":"https:\/\/espanolcontacto.unirioja.es\/index.php\/wp-json\/wp\/v2\/pages\/4753"}],"collection":[{"href":"https:\/\/espanolcontacto.unirioja.es\/index.php\/wp-json\/wp\/v2\/pages"}],"about":[{"href":"https:\/\/espanolcontacto.unirioja.es\/index.php\/wp-json\/wp\/v2\/types\/page"}],"author":[{"embeddable":true,"href":"https:\/\/espanolcontacto.unirioja.es\/index.php\/wp-json\/wp\/v2\/users\/1"}],"replies":[{"embeddable":true,"href":"https:\/\/espanolcontacto.unirioja.es\/index.php\/wp-json\/wp\/v2\/comments?post=4753"}],"version-history":[{"count":9,"href":"https:\/\/espanolcontacto.unirioja.es\/index.php\/wp-json\/wp\/v2\/pages\/4753\/revisions"}],"predecessor-version":[{"id":4778,"href":"https:\/\/espanolcontacto.unirioja.es\/index.php\/wp-json\/wp\/v2\/pages\/4753\/revisions\/4778"}],"wp:attachment":[{"href":"https:\/\/espanolcontacto.unirioja.es\/index.php\/wp-json\/wp\/v2\/media?parent=4753"}],"curies":[{"name":"wp","href":"https:\/\/api.w.org\/{rel}","templated":true}]}}