{"id":3474,"date":"2021-03-24T14:11:30","date_gmt":"2021-03-24T13:11:30","guid":{"rendered":"https:\/\/espanolcontacto.unirioja.es\/?page_id=3474"},"modified":"2025-05-09T10:48:34","modified_gmt":"2025-05-09T08:48:34","slug":"publicaciones-de-nadiezdha-torres-sanchez","status":"publish","type":"page","link":"https:\/\/espanolcontacto.unirioja.es\/index.php\/publicaciones-de-nadiezdha-torres-sanchez\/","title":{"rendered":"Publicaciones de Nadiezdha Torres S\u00e1nchez"},"content":{"rendered":"\n<p>Torres S\u00e1nchez, N. (2023). La gesti\u00f3n de la concordancia de g\u00e9nero gramatical en el espa\u00f1ol de biling\u00fces pur\u00e9pecha y espa\u00f1ol. <em>Borealis. An International Journal of Hispanic Linguistics<\/em>, <em>11<\/em>(1), 51-69.<\/p>\n\n\n\n<p>Torres S\u00e1nchez, N. &amp; Guerrero, A. (2023). Las dimensiones antropol\u00f3gicas del diccionario. En <em>Lexicograf\u00eda Hisp\u00e1nica\/ The Routledge Handbook of Spanish Lexicography<\/em> (pp. 126-137). Routledge.<\/p>\n\n\n\n<p>Torres S\u00e1nchez, N. (2023). El espa\u00f1ol en contacto con las lenguas originarias de M\u00e9xico y Centroam\u00e9rica. En F. Moreno Fern\u00e1ndez &amp; R. Caravedo (Eds.), <em>Dialectolog\u00eda hisp\u00e1nica<\/em> (pp. 444-455). Routledge.<\/p>\n\n\n\n<p>Torres S\u00e1nchez, N. (2023). El sistema pronominal de objeto directo del espa\u00f1ol en contacto con el zoque de Chapultenango. <em>Anuario de Letras. Ling\u00fc\u00edstica y Filolog\u00eda, 9<\/em>(2), 111\u2013139.<\/p>\n\n\n\n<p>Torres S\u00e1nchez, N. &amp; Mart\u00edn Butrague\u00f1o, P. (2022). Lexical borrowing and variation: the case of Amerindian words in Latin American Spanish. En M. D\u00edaz-Campos (Ed.), <em>Handbook of Variationist Approaches to Spanish<\/em> (pp. 546\u2013558). Routledge.<\/p>\n\n\n\n<p>Guerrero Galv\u00e1n, A. &amp; Torres S\u00e1nchez, N. (2021). El habitus ling\u00fc\u00edstico de tres redes ind\u00edgenas: Otom\u00ed, chichimeca y tepehuano del sureste. En S. S\u00e1nchez Moreano &amp; \u00c9. Blestel (Eds.), <em>Pr\u00e1cticas ling\u00fc\u00edsticas heterog\u00e9neas: Nuevas perspectivas para el estudio del espa\u00f1ol en contacto con lenguas amerindias<\/em> (Contact and Multilingualism 4, pp. 87\u2013114). Language Science Press. <a>https:\/\/doi.org\/10.5281\/zenodo.5636761<\/a><\/p>\n\n\n\n<p>Torres S\u00e1nchez, N., &amp; Guerrero Galv\u00e1n, A. (2021). Purismo Ling\u00fc\u00edstico y lenguas en contacto. En S. G\u00f3mez Seibane, M. S\u00e1nchez Para\u00edso &amp; A. Palacios (Eds.), <em>Traspasando lo ling\u00fc\u00edstico: factores esenciales en el contacto de lenguas<\/em> (pp. 103\u2013118). Iberoamericana\/Vervuert.<\/p>\n\n\n\n<p>Torres S\u00e1nchez, N., &amp; Avelino Sierra, R. (2021). Efectos del contacto en la duplicaci\u00f3n de objeto directo en dos situaciones de contacto en M\u00e9xico. En A. Palacios &amp; M. S\u00e1nchez Para\u00edso (Eds.), <em>Din\u00e1micas ling\u00fc\u00edsticas de las situaciones de contacto<\/em> (pp. 95\u2013116). De Gruyter.<\/p>\n\n\n\n<p>Torres S\u00e1nchez, N. (2021). An\u00e1lisis de la concordancia de g\u00e9nero y n\u00famero en el espa\u00f1ol de biling\u00fces o\u2019dam (tepehuano del sureste) y espa\u00f1ol. En \u00c9. Blestel &amp; A. Palacios (Eds.), <em>Variedades del espa\u00f1ol en contacto con otras lenguas<\/em> (pp. 57\u201376). Peter Lang.<\/p>\n\n\n\n<p>Torres S\u00e1nchez, N. (2020). Elisi\u00f3n del pronombre de objeto directo de tercera persona en el espa\u00f1ol de biling\u00fces tepehuano del sureste y espa\u00f1ol. Un primer acercamiento. En M. A. Soler &amp; J. Serrano (Eds.), <em>Contacto Ling\u00fc\u00edstico y contacto social. Estudios de variaci\u00f3n y cambio<\/em> (pp. 163\u2013179). UNAM-IIFL.<\/p>\n\n\n\n<p>Torres S\u00e1nchez, N. (2018). <em>Aqu\u00ed hablamos tepehuano y all\u00e1 espa\u00f1ol. Un estudio de la situaci\u00f3n de biling\u00fcismo incipiente entre espa\u00f1ol y tepehuano del sureste (o\u2019dam) en Santa Mar\u00eda de Ocot\u00e1n y Durango<\/em> (Tesis doctoral). El Colegio de M\u00e9xico.<\/p>\n\n\n\n<p>Torres S\u00e1nchez, N. (2017). Discordancia de n\u00famero en el espa\u00f1ol de contacto de biling\u00fces tepehuano del sureste-espa\u00f1ol: un primer acercamiento. En A. Palacios (Ed.), <em>Variaci\u00f3n y cambio ling\u00fc\u00edstico en situaciones de contacto<\/em> (pp. 113\u2013126). Iberoamericana.<\/p>\n\n\n\n<p>Torres S\u00e1nchez, N. (2015). El sistema pronominal en el espa\u00f1ol de biling\u00fces tepehuano del sureste-espa\u00f1ol. <em>C\u00edrculo de Ling\u00fc\u00edstica Aplicada a la Comunicaci\u00f3n (CLAC), 61<\/em>, 10\u201335.<\/p>\n\n\n\n<p>Torres S\u00e1nchez, N. (2014).<em> El l\u00e9xico ind\u00edgena en la ciudad de Guadalajara.<\/em> En P. M. Butrague\u00f1o &amp; L. Orozco (Eds.), <em>Segundo Coloquio de Cambio y Variaci\u00f3n Ling\u00fc\u00edstica. Argumentos cuantitativos y cualitativos en socioling\u00fc\u00edstica<\/em> (pp. 371-396). El Colegio de M\u00e9xico.<\/p>\n\n\n\n<p>Torres S\u00e1nchez, N. (2013). <em>La evidencialidad en las lenguas ind\u00edgenas americanas. Un enfoque areotipol\u00f3gico<\/em>. Instituto Nacional de Antropolog\u00eda e Historia.<\/p>\n","protected":false},"excerpt":{"rendered":"<p>Torres S\u00e1nchez, N. (2023). La gesti\u00f3n de la concordancia de g\u00e9nero gramatical en el espa\u00f1ol de biling\u00fces pur\u00e9pecha y espa\u00f1ol. Borealis. An International Journal of Hispanic Linguistics, 11(1), 51-69. Torres S\u00e1nchez, N. &amp; Guerrero, A. (2023). Las dimensiones antropol\u00f3gicas del diccionario. En Lexicograf\u00eda Hisp\u00e1nica\/ The Routledge Handbook of Spanish Lexicography<\/p>\n","protected":false},"author":1,"featured_media":0,"parent":0,"menu_order":0,"comment_status":"closed","ping_status":"closed","template":"","meta":{"footnotes":""},"_links":{"self":[{"href":"https:\/\/espanolcontacto.unirioja.es\/index.php\/wp-json\/wp\/v2\/pages\/3474"}],"collection":[{"href":"https:\/\/espanolcontacto.unirioja.es\/index.php\/wp-json\/wp\/v2\/pages"}],"about":[{"href":"https:\/\/espanolcontacto.unirioja.es\/index.php\/wp-json\/wp\/v2\/types\/page"}],"author":[{"embeddable":true,"href":"https:\/\/espanolcontacto.unirioja.es\/index.php\/wp-json\/wp\/v2\/users\/1"}],"replies":[{"embeddable":true,"href":"https:\/\/espanolcontacto.unirioja.es\/index.php\/wp-json\/wp\/v2\/comments?post=3474"}],"version-history":[{"count":12,"href":"https:\/\/espanolcontacto.unirioja.es\/index.php\/wp-json\/wp\/v2\/pages\/3474\/revisions"}],"predecessor-version":[{"id":5908,"href":"https:\/\/espanolcontacto.unirioja.es\/index.php\/wp-json\/wp\/v2\/pages\/3474\/revisions\/5908"}],"wp:attachment":[{"href":"https:\/\/espanolcontacto.unirioja.es\/index.php\/wp-json\/wp\/v2\/media?parent=3474"}],"curies":[{"name":"wp","href":"https:\/\/api.w.org\/{rel}","templated":true}]}}