{"id":3464,"date":"2021-03-24T14:09:23","date_gmt":"2021-03-24T13:09:23","guid":{"rendered":"https:\/\/espanolcontacto.unirioja.es\/?page_id=3464"},"modified":"2025-05-09T09:16:18","modified_gmt":"2025-05-09T07:16:18","slug":"publicaciones-de-ji-son-jang","status":"publish","type":"page","link":"https:\/\/espanolcontacto.unirioja.es\/index.php\/publicaciones-de-ji-son-jang\/","title":{"rendered":"Publicaciones de Ji Son Jang"},"content":{"rendered":"\n<p>Jang, J. S. &amp; Garc\u00eda Tesoro, A. I. (2023). Gramaticalizaci\u00f3n inducida por contacto en espa\u00f1ol en contacto con la lengua maya tzutujil: El sistema pronominal \u00e1tono de tercera persona.\u00a0<em>Rilce. Revista de Filolog\u00eda Hisp\u00e1nica, 39<\/em>(1), 260\u2013284.\u00a0 <a class=\"\" href=\"https:\/\/doi.org\/10.15581\/008.39.1.260-84\">https:\/\/doi.org\/10.15581\/008.39.1.260-84<\/a><\/p>\n\n\n\n<p>Jang, J. S. &amp; Garc\u00eda Tesoro, A. I. (2023). Pragm\u00e1tica sociocultural del tuteo en el espa\u00f1ol hablado en Medell\u00edn (Colombia): Caracteres refinado, cari\u00f1oso y afeminado.\u00a0<em>Bulletin of Hispanic Studies, 100<\/em>(6), 583\u2013600.  <a class=\"\" href=\"https:\/\/doi.org\/10.3828\/bhs.2023.37\">https:\/\/doi.org\/10.3828\/bhs.2023.37<\/a><\/p>\n\n\n\n<p>Jang, J. S. &amp; Garc\u00eda Tesoro, A. I. (2023). El voseo como orgullo paisa: El uso pronominal en el espa\u00f1ol hablado en Medell\u00edn (Colombia).&nbsp;<em>Bolet\u00edn de Filolog\u00eda, 58<\/em>(2), 347-369. &nbsp;<a class=\"\" href=\"https:\/\/boletinfilologia.uchile.cl\/index.php\/BDF\/article\/view\/73296\">https:\/\/boletinfilologia.uchile.cl\/index.php\/BDF\/article\/view\/73296<\/a><\/p>\n\n\n\n<p>Jang, J. S. &amp; Garc\u00eda-Tesoro, A. I. (2018). Descubriendo las im\u00e1genes predominantes en el grupo sociocultural de Medell\u00edn (Colombia): imagen de ser y parecer trabajador. <em>Ling\u00fc\u00edstica y Literatura, 73<\/em>, 37\u201353.<\/p>\n\n\n\n<p>Jang, J. S. (2018). Descubriendo las im\u00e1genes predominantes en el grupo sociocultural de Medell\u00edn (Colombia): Hacia la construcci\u00f3n de un modelo te\u00f3rico y metodol\u00f3gico para estudios de cortes\u00eda sociocultural, atenuaci\u00f3n e intensificaci\u00f3n. En L. S. Casta\u00f1eda Naranjo &amp; I. Luna Coutin (Eds.), <em>Investigaci\u00f3n ling\u00fc\u00edstica en Colombia. Interacci\u00f3n, escritura acad\u00e9mica y lexicograf\u00eda<\/em> (pp. 51\u201368). Peter Lang GmbH.<\/p>\n\n\n\n<p>Jang, J. S. &amp; Garc\u00eda Tesoro, A. I. (2018).<em> <\/em>El pret\u00e9rito perfecto compuesto en el espa\u00f1ol andino peruano: Usos innovadores y extensi\u00f3n a contextos de aoristo. <em>Forma y Funci\u00f3n, 31<\/em>(1), 93\u2013123.<\/p>\n\n\n\n<p>Jang, J. S. (2015). La frecuencia del tuteo en tres zonas del departamento de Antioquia (Colombia): Influencia de la zona urbana\/rural. <em>Forma y Funci\u00f3n, 28<\/em>(1), 11\u201329.<\/p>\n\n\n\n<p>Jang, J. S. (2015). Matiz feminizante del tuteo y el futuro del voseo en el departamento de Antioquia (Colombia). <em>Estudios filol\u00f3gicos, 56<\/em>, 85\u201399.<\/p>\n\n\n\n<p>Jang, J. S. (2015). Dependencia entre el uso del usted y la edad del interlocutor en tres zonas del Departamento de Antioquia (Colombia). En L. S. Casta\u00f1eda Naranjo (Ed.), <em>Estudios l\u00e9xico-sem\u00e1nticos y pragm\u00e1ticos del espa\u00f1ol antioque\u00f1o y colombiano<\/em> (pp. 27\u201345). Peter Lang GmbH.<\/p>\n\n\n\n<p>Jang, J. S. (2014). La frecuencia del uso del usted en tres zonas del departamento de Antioquia (Colombia). <em>Forma y Funci\u00f3n, 27<\/em>(1), 45\u201365.<\/p>\n\n\n\n<p>Jang, J. S. (2013). Voseo medellinense como expresi\u00f3n de identidad paisa. <em>\u00cdkala, revista de lenguaje y cultura, 18<\/em>(1), 61\u201381.<\/p>\n\n\n\n<p>Jang, J. S. (2012). Correlaciones entre la selecci\u00f3n pronominal, el origen urbano\/rural y la edad: El caso de j\u00f3venes universitarios de Medell\u00edn (Colombia). <em>\u00cdkala, revista de lenguaje y cultura, 17<\/em>(2), 145\u2013166.<\/p>\n\n\n\n<p>Jang, J. S. (2012). La din\u00e1mica de la alternancia entre t\u00fa, vos y usted en Medell\u00edn (Colombia) desde la teor\u00eda de la acomodaci\u00f3n comunicativa. <em>Forma y Funci\u00f3n, 25<\/em>(1), 129\u2013144.<\/p>\n\n\n\n<p>Jang, J. S. (2012). Cambio pronominal moment\u00e1neo en las relaciones interpersonales solidarias en los j\u00f3venes universitarios de Medell\u00edn (Colombia). En J. Escamilla &amp; H. Vega Grandfield (Eds.), <em>Miradas multidisciplinarias a los fen\u00f3menos de cortes\u00eda y descortes\u00eda en el mundo hisp\u00e1nico<\/em> (pp. 178\u2013213). Universidad del Atl\u00e1ntico.<\/p>\n\n\n\n<p>Jang, J. S. (2011). Cortes\u00eda sociocultural en las sociedades medellinense y japonesa: Una introducci\u00f3n. <em>\u00cdkala, revista de lenguaje y cultura, 16<\/em>(28), 119\u2013157.<\/p>\n\n\n\n<p>Jang, J. S. (2010). F\u00f3rmulas de tratamiento pronominales en los j\u00f3venes universitarios de Medell\u00edn (Colombia) desde la \u00f3ptica socio-pragm\u00e1tica: Estrato socioecon\u00f3mico y sexo. <em>\u00cdkala, revista de lenguaje y cultura, 15<\/em>(26), 43\u2013116.<\/p>\n\n\n\n<p>Jang, J. S. (2009). <em>F\u00f3rmulas de tratamiento pronominales en los j\u00f3venes universitarios de Medell\u00edn: Una aproximaci\u00f3n socio-pragm\u00e1tica<\/em>. (Tesis doctoral publicada). Universidad de Kansai Gaidai. Ishikawa Special Express Binding Co.<\/p>\n\n\n\n<p>Jang, J. S. (2008). Estudio intercultural con el enfoque pragm\u00e1tico: Cortes\u00eda medellinense y cortes\u00eda japonesa. En J. I. Henao Salazar (Comp.), <em>Investigaciones Ling\u00fc\u00edsticas en Antioquia<\/em> (pp. 65\u201375). La Carreta.<\/p>\n\n\n\n<p>Jang, J. S. (2007). Enfoque pragm\u00e1tico para la ense\u00f1anza de lenguas extranjeras. <em>Fons Linguae, 27<\/em>, 57\u201369.<\/p>\n\n\n\n<p>Jang, J. S. (2007). Estudio intercultural entre Barranquilla y Medell\u00edn, Colombia. <em>Fons Linguae, 27<\/em>, 71\u201379.<\/p>\n\n\n\n<p>Jang, J. S. (2007). Aproximaci\u00f3n al estado actual del uso pronominal en Medell\u00edn, Colombia: Estudio emp\u00edrico socio-pragmaling\u00fc\u00edstico. <em>Fons Linguae, 28<\/em>, 19\u201356.<\/p>\n\n\n\n<p>Jang, J. S. (2006). \u00bfPapi, p\u00e1same el lapicerito azul, por fa?: Reflexi\u00f3n del t\u00e9rmino cort\u00e9s en la teor\u00eda de la cortes\u00eda de Brown y Levinson. <em>Fons Linguae, 26<\/em>, 31\u201349.<\/p>\n","protected":false},"excerpt":{"rendered":"<p>Jang, J. S. &amp; Garc\u00eda Tesoro, A. I. (2023). Gramaticalizaci\u00f3n inducida por contacto en espa\u00f1ol en contacto con la lengua maya tzutujil: El sistema pronominal \u00e1tono de tercera persona.\u00a0Rilce. Revista de Filolog\u00eda Hisp\u00e1nica, 39(1), 260\u2013284.\u00a0 https:\/\/doi.org\/10.15581\/008.39.1.260-84 Jang, J. S. &amp; Garc\u00eda Tesoro, A. I. (2023). Pragm\u00e1tica sociocultural del tuteo en<\/p>\n","protected":false},"author":1,"featured_media":0,"parent":0,"menu_order":0,"comment_status":"closed","ping_status":"closed","template":"","meta":{"footnotes":""},"_links":{"self":[{"href":"https:\/\/espanolcontacto.unirioja.es\/index.php\/wp-json\/wp\/v2\/pages\/3464"}],"collection":[{"href":"https:\/\/espanolcontacto.unirioja.es\/index.php\/wp-json\/wp\/v2\/pages"}],"about":[{"href":"https:\/\/espanolcontacto.unirioja.es\/index.php\/wp-json\/wp\/v2\/types\/page"}],"author":[{"embeddable":true,"href":"https:\/\/espanolcontacto.unirioja.es\/index.php\/wp-json\/wp\/v2\/users\/1"}],"replies":[{"embeddable":true,"href":"https:\/\/espanolcontacto.unirioja.es\/index.php\/wp-json\/wp\/v2\/comments?post=3464"}],"version-history":[{"count":9,"href":"https:\/\/espanolcontacto.unirioja.es\/index.php\/wp-json\/wp\/v2\/pages\/3464\/revisions"}],"predecessor-version":[{"id":5894,"href":"https:\/\/espanolcontacto.unirioja.es\/index.php\/wp-json\/wp\/v2\/pages\/3464\/revisions\/5894"}],"wp:attachment":[{"href":"https:\/\/espanolcontacto.unirioja.es\/index.php\/wp-json\/wp\/v2\/media?parent=3464"}],"curies":[{"name":"wp","href":"https:\/\/api.w.org\/{rel}","templated":true}]}}