{"id":3408,"date":"2021-03-24T13:52:39","date_gmt":"2021-03-24T12:52:39","guid":{"rendered":"https:\/\/espanolcontacto.unirioja.es\/?page_id=3408"},"modified":"2025-05-08T10:48:55","modified_gmt":"2025-05-08T08:48:55","slug":"publicaciones-de-bruno-camus-bergareche","status":"publish","type":"page","link":"https:\/\/espanolcontacto.unirioja.es\/index.php\/publicaciones-de-bruno-camus-bergareche\/","title":{"rendered":"Publicaciones de Bruno Camus Bergareche"},"content":{"rendered":"\n<p>Camus, B. &amp; G\u00f3mez Seibane, S. (2023). Historia de los contactos entre el espa\u00f1ol y otras lenguas de la pen\u00ednsula ib\u00e9rica: Contactos entre el espa\u00f1ol y el vasco. En S. N. Dworkin, G. Claver\u00eda &amp; \u00c1. S. Octavio de Toledo (Eds.), <em>Ling\u00fc\u00edstica hist\u00f3rica del espa\u00f1ol \/ The Routledge Handbook of Spanish Historical Linguistics<\/em> (pp. 485\u2013492). Routledge.<\/p>\n\n\n\n<p>Camus, B. (2022). Marcadores y otros procedimientos de atenuaci\u00f3n ling\u00fc\u00edstica en un escenario de contacto de lenguas. <em>Bolet\u00edn de Filolog\u00eda de la Universidad de Chile, 57<\/em>(1), 159\u2013174.<\/p>\n\n\n\n<p>Camus, B. (2021). Un corpus de castellano del Pa\u00eds Vasco: Dificultades y soluciones. En \u00c9. Blestel &amp; A. Palacios (Eds.), <em>Variedades del espa\u00f1ol en contacto con otras lenguas<\/em> (pp. 115\u2013130). Peter Lang.<\/p>\n\n\n\n<p>Camus, B. (2021). Evidencialidad y modalidad en el castellano del Pa\u00eds Vasco. En V. B\u00f6hm &amp; A. Heinemann (Eds.), <em>La interconexi\u00f3n de las categor\u00edas sem\u00e1ntico-funcionales en algunas variedades del espa\u00f1ol<\/em> (pp. 223\u2013236). Peter Lang.<\/p>\n\n\n\n<p>Camus, B. (2021). Una encuesta sobre el le\u00edsmo femenino en el castellano del Pa\u00eds Vasco. En S. G\u00f3mez Seibane, M. S\u00e1nchez Para\u00edso &amp; A. Palacios (Coords.), <em>Traspasando lo ling\u00fc\u00edstico: Factores esenciales en el contacto de lenguas<\/em> (pp. 85\u2013102). Iberoamericana Vervuert.<\/p>\n\n\n\n<p>Camus, B. &amp; G\u00f3mez Seibane, S. (2021). Gender loss in accusative clitics in Basque Spanish: A contact-induced convergence phenomenon. En M. Bouzouita, R. Enghels &amp; C. Vanderschueren (Eds.), <em>Convergence and divergence in Ibero-Romance across contact situations and beyond<\/em> (pp. 25\u201354). De Gruyter.<\/p>\n\n\n\n<p>Camus, B. (2020). Notes on extended uses of <em>pues<\/em> in Basque Country Spanish. <em>Isogloss. Open Journal of Romance Linguistics, 6<\/em>(9), 1\u201319.<\/p>\n\n\n\n<p>Camus, B. &amp; G\u00f3mez Seibane, S. (2020). Lenguas y socioling\u00fc\u00edstica en el interior del Pa\u00eds Vasco en el siglo XIX: Testimonios del Archivo Zavala. En E. Santazilia, D. Krajewska, E. Zuloaga &amp; B. Ariztimu\u00f1o (Eds.), <em>Fontes Linguae Vasconum 50 urte. Ekarpen berriak euskararen ikerketari \/ Nuevas aportaciones al estudio de la lengua vasca<\/em> (pp. 163\u2013175). Gobierno de Navarra.<\/p>\n\n\n\n<p>Camus, B. (2017). Hablar sin cl\u00edticos: Una muestra del espa\u00f1ol aprendido del Pa\u00eds Vasco. En A. Palacios (Coord.), <em>Variaci\u00f3n y cambio ling\u00fc\u00edstico en situaciones de contacto<\/em> (pp. 127\u2013142). Iberoamericana.<\/p>\n\n\n\n<p>Camus, B. (2015). El castellano del Pa\u00eds Vasco en el siglo XIX: Las cartas del Archivo Zavala. En <em>Actas del IX Congreso Internacional de Historia de la Lengua Espa\u00f1ola<\/em>. Iberoamericana.<\/p>\n\n\n\n<p>Camus, B. &amp; G\u00f3mez Seibane, S. (2015). La p\u00e9rdida del l\u00e9xico dialectal: Algunos datos de castellanoparlantes de San Sebasti\u00e1n. En A. Lucas Vicente, A. Gordejuela Senosi\u00e1in, D. Izquierdo Alegr\u00eda, F. Jim\u00e9nez Berrio &amp; M. Casado Velarde (Eds.), <em>Lenguas, lenguaje y ling\u00fc\u00edstica: Contribuciones desde la Ling\u00fc\u00edstica General<\/em> (pp. 117- 127). Servicio de Publicaciones de la Universidad de Navarra. <\/p>\n\n\n\n<p>Camus, B. &amp; G\u00f3mez Seibane, S. (2015). Nuevos datos sobre la omisi\u00f3n de objetos en el castellano del Pa\u00eds Vasco. <em>C\u00edrculo de Ling\u00fc\u00edstica Aplicada a la Comunicaci\u00f3n, 61<\/em>, 211\u2013236.<\/p>\n\n\n\n<p>Camus, B. &amp; G\u00f3mez Seibane, S. (2015). Un cambio inducido por contacto: El caso del le\u00edsmo femenino en el castellano del Pa\u00eds Vasco. Comunicaci\u00f3n presentada en <em>IberoCon: Ibero-Romance in contact and contrast<\/em>, Universidad de Gante, 14\u201315 diciembre 2015.<\/p>\n\n\n\n<p>Camus, B. &amp; G\u00f3mez Seibane, S. (2013). Los castellanos del Pa\u00eds Vasco: Sistemas pronominales en \u00c1lava a partir de las encuestas de COSER. En <em>IV Jornadas de Ling\u00fc\u00edstica vasco-rom\u00e1nica<\/em>. Universidad de Deusto. (Versi\u00f3n ampliada aceptada en <em>Revista de Filolog\u00eda Espa\u00f1ola<\/em> como <em>La diversidad del espa\u00f1ol en \u00c1lava<\/em>).<\/p>\n\n\n\n<p>Camus, B. (2013). La definici\u00f3n del castellano del Pa\u00eds Vasco. En A. Cabedo Nebot, M. J. Aguilar Ruiz &amp; E. L\u00f3pez-Navarro Vidal (Eds.), <em>Estudios de Ling\u00fc\u00edstica: Investigaciones, propuestas y aplicaciones<\/em> (pp. 135\u2013144). Universitat de Val\u00e8ncia.<\/p>\n\n\n\n<p>Camus, B. (2013). <em>Ya<\/em> como part\u00edcula afirmativa en el castellano del Pa\u00eds Vasco. En J. F. Val \u00c1lvaro et al. (Eds.), <em>De la unidad del lenguaje a la diversidad de las lenguas<\/em> (pp. 106\u2013111). Universidad de Zaragoza.<\/p>\n","protected":false},"excerpt":{"rendered":"<p>Camus, B. &amp; G\u00f3mez Seibane, S. (2023). Historia de los contactos entre el espa\u00f1ol y otras lenguas de la pen\u00ednsula ib\u00e9rica: Contactos entre el espa\u00f1ol y el vasco. En S. N. Dworkin, G. Claver\u00eda &amp; \u00c1. S. Octavio de Toledo (Eds.), Ling\u00fc\u00edstica hist\u00f3rica del espa\u00f1ol \/ The Routledge Handbook of<\/p>\n","protected":false},"author":1,"featured_media":0,"parent":0,"menu_order":0,"comment_status":"closed","ping_status":"closed","template":"","meta":{"footnotes":""},"_links":{"self":[{"href":"https:\/\/espanolcontacto.unirioja.es\/index.php\/wp-json\/wp\/v2\/pages\/3408"}],"collection":[{"href":"https:\/\/espanolcontacto.unirioja.es\/index.php\/wp-json\/wp\/v2\/pages"}],"about":[{"href":"https:\/\/espanolcontacto.unirioja.es\/index.php\/wp-json\/wp\/v2\/types\/page"}],"author":[{"embeddable":true,"href":"https:\/\/espanolcontacto.unirioja.es\/index.php\/wp-json\/wp\/v2\/users\/1"}],"replies":[{"embeddable":true,"href":"https:\/\/espanolcontacto.unirioja.es\/index.php\/wp-json\/wp\/v2\/comments?post=3408"}],"version-history":[{"count":5,"href":"https:\/\/espanolcontacto.unirioja.es\/index.php\/wp-json\/wp\/v2\/pages\/3408\/revisions"}],"predecessor-version":[{"id":5824,"href":"https:\/\/espanolcontacto.unirioja.es\/index.php\/wp-json\/wp\/v2\/pages\/3408\/revisions\/5824"}],"wp:attachment":[{"href":"https:\/\/espanolcontacto.unirioja.es\/index.php\/wp-json\/wp\/v2\/media?parent=3408"}],"curies":[{"name":"wp","href":"https:\/\/api.w.org\/{rel}","templated":true}]}}