{"id":3392,"date":"2021-03-24T13:33:19","date_gmt":"2021-03-24T12:33:19","guid":{"rendered":"https:\/\/espanolcontacto.unirioja.es\/?page_id=3392"},"modified":"2025-05-06T11:07:08","modified_gmt":"2025-05-06T09:07:08","slug":"publicaciones-de-gabriela-bravo-de-laguna","status":"publish","type":"page","link":"https:\/\/espanolcontacto.unirioja.es\/index.php\/publicaciones-de-gabriela-bravo-de-laguna\/","title":{"rendered":"Publicaciones de Gabriela Bravo de Laguna"},"content":{"rendered":"\n<p>Bravo de Laguna, G. (2018). <em>Qu\u00e9 muestran las narraciones de eventos cotidianos orales de las comunidades de hablantes bolivianos de la ciudad de La Plata. Metodolog\u00eda, descripci\u00f3n y an\u00e1lisis de rasgos socio-culturales y ling\u00fc\u00edsticos. Un corpus comentado<\/em> (Tesis de posgrado, Magister en Ling\u00fc\u00edstica). Universidad Nacional de La Plata.<\/p>\n\n\n\n<p>Speranza, A., Pagliaro, M., &amp; Bravo de Laguna, G. (2018). La ense\u00f1anza del espa\u00f1ol en contextos de diversidad ling\u00fc\u00edstica. En A. Serrano (Coord.), <em>La investigaci\u00f3n en los institutos de formaci\u00f3n docente. Volumen 3. Inclusi\u00f3n, trayectorias educativas y aprendizajes de los estudiantes<\/em> (pp. 196\u2013220).<\/p>\n\n\n\n<p>Mart\u00ednez, A., Bravo de Laguna, G., &amp; Risco, R. (2017). Senegaleses en La Plata: Una aproximaci\u00f3n socioling\u00fc\u00edstica. En A. Speranza (Comp.), <em>Cuestiones de socioling\u00fc\u00edstica: aproximaciones a la lengua en uso<\/em> (pp. 51\u201364).<\/p>\n","protected":false},"excerpt":{"rendered":"<p>Bravo de Laguna, G. (2018). Qu\u00e9 muestran las narraciones de eventos cotidianos orales de las comunidades de hablantes bolivianos de la ciudad de La Plata. Metodolog\u00eda, descripci\u00f3n y an\u00e1lisis de rasgos socio-culturales y ling\u00fc\u00edsticos. Un corpus comentado (Tesis de posgrado, Magister en Ling\u00fc\u00edstica). Universidad Nacional de La Plata. Speranza, A.,<\/p>\n","protected":false},"author":1,"featured_media":0,"parent":0,"menu_order":0,"comment_status":"closed","ping_status":"closed","template":"","meta":{"footnotes":""},"_links":{"self":[{"href":"https:\/\/espanolcontacto.unirioja.es\/index.php\/wp-json\/wp\/v2\/pages\/3392"}],"collection":[{"href":"https:\/\/espanolcontacto.unirioja.es\/index.php\/wp-json\/wp\/v2\/pages"}],"about":[{"href":"https:\/\/espanolcontacto.unirioja.es\/index.php\/wp-json\/wp\/v2\/types\/page"}],"author":[{"embeddable":true,"href":"https:\/\/espanolcontacto.unirioja.es\/index.php\/wp-json\/wp\/v2\/users\/1"}],"replies":[{"embeddable":true,"href":"https:\/\/espanolcontacto.unirioja.es\/index.php\/wp-json\/wp\/v2\/comments?post=3392"}],"version-history":[{"count":1,"href":"https:\/\/espanolcontacto.unirioja.es\/index.php\/wp-json\/wp\/v2\/pages\/3392\/revisions"}],"predecessor-version":[{"id":5791,"href":"https:\/\/espanolcontacto.unirioja.es\/index.php\/wp-json\/wp\/v2\/pages\/3392\/revisions\/5791"}],"wp:attachment":[{"href":"https:\/\/espanolcontacto.unirioja.es\/index.php\/wp-json\/wp\/v2\/media?parent=3392"}],"curies":[{"name":"wp","href":"https:\/\/api.w.org\/{rel}","templated":true}]}}