{"id":3368,"date":"2021-03-24T13:13:31","date_gmt":"2021-03-24T12:13:31","guid":{"rendered":"https:\/\/espanolcontacto.unirioja.es\/?page_id=3368"},"modified":"2025-05-09T08:35:39","modified_gmt":"2025-05-09T06:35:39","slug":"publicaciones-de-rosnataly-avelino-sierra","status":"publish","type":"page","link":"https:\/\/espanolcontacto.unirioja.es\/index.php\/publicaciones\/publicaciones-de-rosnataly-avelino-sierra\/","title":{"rendered":"Publicaciones de Rosn\u00e1taly Avelino Sierra"},"content":{"rendered":"\n<p>Avelino Sierra, R. (en dictamen). Los efectos en el otom\u00ed en contacto con el espa\u00f1ol. En <em>Reflexiones sobre la vitalidad ling\u00fc\u00edstica<\/em>. Universidad Nacional Aut\u00f3noma de M\u00e9xico.<\/p>\n\n\n\n<p>Avelino Sierra, R., Guerrero Galv\u00e1n, A., &amp; Torres S\u00e1nchez, N. (en prensa). Elisi\u00f3n de \/s\/ en posici\u00f3n final de palabra en tres variedades de espa\u00f1ol en contacto. En A. Palacios Alcaine &amp; S. G\u00f3mez Seibane (Eds.), <em>Espacios de contacto ling\u00fc\u00edstico y cambios en el espa\u00f1ol<\/em>. Peter Lang.<\/p>\n\n\n\n<p>Avelino Sierra, R. (en prensa). Otomi and Spanish social contact. En F. Di Garbo, E. Kashima, &amp; K. Sinnem\u00e4ki (Eds.), <em>Social foundations of language contact: A comparative survey<\/em>. Language Science Press.<\/p>\n\n\n\n<p>Avelino Sierra, R. (en prensa). Variedades de espa\u00f1ol en contacto en M\u00e9xico: El caso de la concordancia plural en el espa\u00f1ol otom\u00ed. En J. L. Ram\u00edrez Luengo &amp; S. Ch\u00e1vez Fajardo (Eds.), <em>Panorama de estudios actuales del espa\u00f1ol de Am\u00e9rica<\/em>. Universidad de Antioquia.<\/p>\n\n\n\n<p>Avelino Sierra, R. &amp; Torres S\u00e1nchez, N. (en prensa). La variaci\u00f3n morfosint\u00e1ctica del espa\u00f1ol central mexicano. En M. D\u00edaz-Campoy &amp; J. M. Hern\u00e1ndez-Campoy (Eds.), <em>Enciclopedia Concisa de los Dialectos del Espa\u00f1ol (ENCODES)<\/em>. Wiley.<\/p>\n\n\n\n<p>Avelino Sierra, R. (2025). Rese\u00f1a de M. Jara, R. Zariquiey, P. Valenzuela, &amp; A. M. Escobar (Eds.), <em>Spanish Diversity in the Amazon<\/em>. <em>Anuario de Letras. Ling\u00fc\u00edstica y Filolog\u00eda, 13<\/em>(1), 259\u2013270. <a class=\"\" href=\"https:\/\/doi.org\/10.19130\/iifl.adel.2025.13.1.00X328SW40\">https:\/\/doi.org\/10.19130\/iifl.adel.2025.13.1.00X328SW40<\/a><\/p>\n\n\n\n<p>Avelino Sierra, R. &amp; de Le\u00f3n Pasquel, L. (2024). Talking to children in Tsotsil Mayan: Interactional format types in child-directed communication across multigenerational caregivers. <em>First Language, 44<\/em>(6), 1\u201326. <a class=\"\" href=\"https:\/\/doi.org\/10.1177\/01427237241272708\">https:\/\/doi.org\/10.1177\/01427237241272708<\/a><\/p>\n\n\n\n<p>Avelino Sierra, R. (2024). El espa\u00f1ol en M\u00e9xico. En <em>Anuario del Instituto Cervantes. El espa\u00f1ol en el mundo<\/em> (pp. 209\u2013241). Instituto Cervantes.<\/p>\n\n\n\n<p>Avelino Sierra, R. (2024). El desarrollo de la morfolog\u00eda de los cl\u00edticos de tercera persona en ni\u00f1os de preescolar y primaria con diferentes contextos familiares. En R. Barriga Villanueva (Ed.), <em>Serpientes y escaleras<\/em> (pp. 93\u2013132). El Colegio de M\u00e9xico.<\/p>\n\n\n\n<p>Avelino Sierra, R. (2023). Rese\u00f1a de M. D\u00edaz-Campos &amp; S. Sessarego (Eds.), <em>Aspects of Latin American Spanish Dialectology<\/em>. <em>Spanish in Context, 20<\/em>(3), 633\u2013641. <a class=\"\" href=\"https:\/\/doi.org\/10.1075\/sic.00098.ave\">https:\/\/doi.org\/10.1075\/sic.00098.ave<\/a><\/p>\n\n\n\n<p>Avelino Sierra, R. (2022). Marcadores discursivos del espa\u00f1ol en narraciones otom\u00edes. <em>Bolet\u00edn de Filolog\u00eda, 57<\/em>(1), 175\u2013207.<\/p>\n\n\n\n<p>Avelino Sierra, R. (2022). <em>La gesti\u00f3n del n\u00famero en los miembros de dos comunidades biling\u00fces espa\u00f1ol-otom\u00ed<\/em> [Tesis doctoral, El Colegio de M\u00e9xico].<\/p>\n\n\n\n<p>Avelino Sierra, R. (2022). Rese\u00f1a de S. G\u00f3mez Seibane, M. S\u00e1nchez Para\u00edso, &amp; A. Palacios (Coords.), <em>Traspasando lo ling\u00fc\u00edstico<\/em>. <em>Philologia Hispalensis, 36<\/em>(1), 245\u2013249. <a class=\"\" href=\"https:\/\/dx.doi.org\/10.12795\/PH.2022.v36.i01.14\">https:\/\/dx.doi.org\/10.12795\/PH.2022.v36.i01.14<\/a><\/p>\n\n\n\n<p>Avelino Sierra, R. (2021). La neutralizaci\u00f3n de g\u00e9nero y n\u00famero en los cl\u00edticos de tercera persona de acusativo en el espa\u00f1ol en contacto con otom\u00ed. En \u00c9. Blestel &amp; A. Palacios (Eds.), <em>Variedades del espa\u00f1ol en contacto con otras lenguas<\/em> (pp. 77-95). Peter Lang.<\/p>\n\n\n\n<p>Avelino Sierra, R. &amp; Torres S\u00e1nchez, N. (2021). Efectos del contacto en la duplicaci\u00f3n de objeto directo en dos situaciones de contacto en M\u00e9xico. En A. Palacios &amp; M. S\u00e1nchez Para\u00edso (Eds.), <em>Din\u00e1micas ling\u00fc\u00edsticas de las situaciones de contacto<\/em> (pp. 95-116). De Gruyter.<\/p>\n\n\n\n<p>Avelino Sierra, R. (2021). \u00bfQu\u00e9 se puede prestar en situaciones de contacto ling\u00fc\u00edstico? Sobre las escalas de prestabilidad. <em>Blog del grupo Espa\u00f1ol en Contacto<\/em>.<\/p>\n\n\n\n<p>Avelino Sierra, R. (2020). Rese\u00f1a de L. Orozco &amp; A. Guerrero (Coords.), <em>Estudios de variaci\u00f3n geoling\u00fc\u00edstica<\/em>. <em>Nueva Revista de Filolog\u00eda Hisp\u00e1nica, 68<\/em>(1), 305-311. <\/p>\n\n\n\n<p>Avelino Sierra, R. (2019). Rese\u00f1a de R. Torres Cacoullos &amp; C. E. Travis, <em>Bilingualism in the Community<\/em>. <em>Ling\u00fc\u00edstica Mexicana. Nueva \u00c9poca, 1<\/em>(3), 121\u2013124.<\/p>\n\n\n\n<p>Avelino Sierra, R. (2017). <em>Contacto ling\u00fc\u00edstico entre el espa\u00f1ol y el otom\u00ed en San Andr\u00e9s Cuexcontitl\u00e1n<\/em> [Tesis de maestr\u00eda, Universidad Nacional Aut\u00f3noma de M\u00e9xico].<\/p>\n\n\n\n<p>Avelino Sierra, R. (2016). Rese\u00f1a de Silvina Montrul, <em>El biling\u00fcismo en el mundo hispanohablante<\/em>. <em>Spanish in Context, 13<\/em>(1).<\/p>\n\n\n\n<p>Avelino Sierra, R. (2016). Rese\u00f1a de Kimberly L. Geeslin (Ed.), <em>The handbook of Spanish second language acquisition<\/em>. <em>Nueva Revista de Filolog\u00eda Hisp\u00e1nica, 64<\/em>(2).<\/p>\n","protected":false},"excerpt":{"rendered":"<p>Avelino Sierra, R. (en dictamen). Los efectos en el otom\u00ed en contacto con el espa\u00f1ol. En Reflexiones sobre la vitalidad ling\u00fc\u00edstica. Universidad Nacional Aut\u00f3noma de M\u00e9xico. Avelino Sierra, R., Guerrero Galv\u00e1n, A., &amp; Torres S\u00e1nchez, N. (en prensa). Elisi\u00f3n de \/s\/ en posici\u00f3n final de palabra en tres variedades de<\/p>\n","protected":false},"author":1,"featured_media":0,"parent":3151,"menu_order":0,"comment_status":"closed","ping_status":"closed","template":"","meta":{"footnotes":""},"_links":{"self":[{"href":"https:\/\/espanolcontacto.unirioja.es\/index.php\/wp-json\/wp\/v2\/pages\/3368"}],"collection":[{"href":"https:\/\/espanolcontacto.unirioja.es\/index.php\/wp-json\/wp\/v2\/pages"}],"about":[{"href":"https:\/\/espanolcontacto.unirioja.es\/index.php\/wp-json\/wp\/v2\/types\/page"}],"author":[{"embeddable":true,"href":"https:\/\/espanolcontacto.unirioja.es\/index.php\/wp-json\/wp\/v2\/users\/1"}],"replies":[{"embeddable":true,"href":"https:\/\/espanolcontacto.unirioja.es\/index.php\/wp-json\/wp\/v2\/comments?post=3368"}],"version-history":[{"count":10,"href":"https:\/\/espanolcontacto.unirioja.es\/index.php\/wp-json\/wp\/v2\/pages\/3368\/revisions"}],"predecessor-version":[{"id":5867,"href":"https:\/\/espanolcontacto.unirioja.es\/index.php\/wp-json\/wp\/v2\/pages\/3368\/revisions\/5867"}],"up":[{"embeddable":true,"href":"https:\/\/espanolcontacto.unirioja.es\/index.php\/wp-json\/wp\/v2\/pages\/3151"}],"wp:attachment":[{"href":"https:\/\/espanolcontacto.unirioja.es\/index.php\/wp-json\/wp\/v2\/media?parent=3368"}],"curies":[{"name":"wp","href":"https:\/\/api.w.org\/{rel}","templated":true}]}}