{"id":3152,"date":"2021-03-01T11:23:32","date_gmt":"2021-03-01T11:23:32","guid":{"rendered":"https:\/\/espanolcontacto.unirioja.es\/?page_id=3152"},"modified":"2021-07-29T16:47:10","modified_gmt":"2021-07-29T16:47:10","slug":"recursos","status":"publish","type":"page","link":"https:\/\/espanolcontacto.unirioja.es\/index.php\/recursos\/","title":{"rendered":"Recursos: ponencias, charlas y mesas redondas"},"content":{"rendered":"\n<h1 class=\"wp-block-heading\"><a href=\"https:\/\/espanolcontacto.unirioja.es\/index.php\/2021\/06\/28\/seminario-corec-construccion-de-un-corpus-del-espanol-en-contacto-ponencia-de-sara-gomez-seibane\/\">Seminario \u201cCOREC: construcci\u00f3n de un corpus del espa\u00f1ol en contacto\u201d, ponencia de Sara G\u00f3mez Seibane<\/a><\/h1>\n\n\n\n<figure class=\"wp-block-embed is-type-video is-provider-youtube wp-block-embed-youtube wp-embed-aspect-16-9 wp-has-aspect-ratio\"><div class=\"wp-block-embed__wrapper\">\nhttps:\/\/www.youtube.com\/watch?v=t40HQkzOxik\n<\/div><\/figure>\n\n\n\n<hr class=\"wp-block-separator is-style-wide\"\/>\n\n\n\n<h1 class=\"wp-block-heading\"><a href=\"https:\/\/espanolcontacto.unirioja.es\/index.php\/2021\/05\/24\/coloquio-internacional-virtual\/\">Streamings del Coloquio Internacional Virtual (d\u00edas 24 y 25 de mayo)<\/a><\/h1>\n\n\n\n<figure class=\"wp-block-embed is-type-video is-provider-youtube wp-block-embed-youtube wp-embed-aspect-16-9 wp-has-aspect-ratio\"><div class=\"wp-block-embed__wrapper\">\nhttps:\/\/www.youtube.com\/watch?v=KaMdE2JLwts\n<\/div><\/figure>\n\n\n\n<figure class=\"wp-block-embed is-type-video is-provider-youtube wp-block-embed-youtube wp-embed-aspect-16-9 wp-has-aspect-ratio\"><div class=\"wp-block-embed__wrapper\">\nhttps:\/\/www.youtube.com\/watch?v=ZV-G15CDD5A\n<\/div><\/figure>\n\n\n\n<hr class=\"wp-block-separator is-style-wide\"\/>\n\n\n\n<h1 class=\"wp-block-heading\"><a href=\"https:\/\/espanolcontacto.unirioja.es\/index.php\/2021\/04\/20\/mooc-diversidad-linguistica-para-que\/\">MOOC Diversidad ling\u00fc\u00edstica, \u00bfPara qu\u00e9?<\/a><\/h1>\n\n\n\n<figure class=\"wp-block-embed is-type-video is-provider-youtube wp-block-embed-youtube wp-embed-aspect-16-9 wp-has-aspect-ratio\"><div class=\"wp-block-embed__wrapper\">\n<iframe title=\"Promo MOOC Linguistic Diversity, What For?\" width=\"640\" height=\"360\" src=\"https:\/\/www.youtube.com\/embed\/aVzCKGtuNPY?feature=oembed\" frameborder=\"0\" allow=\"accelerometer; autoplay; clipboard-write; encrypted-media; gyroscope; picture-in-picture; web-share\" referrerpolicy=\"strict-origin-when-cross-origin\" allowfullscreen><\/iframe>\n<\/div><\/figure>\n\n\n\n<hr class=\"wp-block-separator is-style-wide\"\/>\n\n\n\n<h1 class=\"wp-block-heading\"><a href=\"https:\/\/espanolcontacto.unirioja.es\/index.php\/2020\/12\/10\/iv-encuentro-de-dialectos-del-espanol\/\">IV Encuentro de dialectos del Espa\u00f1ol: mesa redonda sobre variaci\u00f3n y contacto<\/a><\/h1>\n\n\n\n<figure class=\"wp-block-embed is-type-video is-provider-youtube wp-block-embed-youtube wp-embed-aspect-16-9 wp-has-aspect-ratio\"><div class=\"wp-block-embed__wrapper\">\nhttps:\/\/www.youtube.com\/watch?v=8nKml7VEbow&#038;feature=emb_title\n<\/div><\/figure>\n\n\n\n<hr class=\"wp-block-separator is-style-wide\"\/>\n\n\n\n<h1 class=\"wp-block-heading\"><a href=\"https:\/\/espanolcontacto.unirioja.es\/index.php\/2020\/11\/04\/xx-coloquio-de-pos-graduacao-e-pesquisa-em-letras-neolatinas\/\">XX Col\u00f3quio de P\u00f3s-Gradua\u00e7\u00e3o e Pesquisa em Letras Neolatinas: ponencia &#8220;El espa\u00f1ol en contacto con lenguas amerindias&#8221;<\/a><\/h1>\n\n\n\n<figure class=\"wp-block-image\"><img decoding=\"async\" src=\"https:\/\/espanolcontacto.unirioja.es\/wp-content\/uploads\/2020\/11\/Sin-t%C3%ADtulo.jpg\" alt=\"\"\/><\/figure>\n\n\n\n<hr class=\"wp-block-separator is-style-wide\"\/>\n\n\n\n<h1 class=\"wp-block-heading\"><a href=\"https:\/\/espanolcontacto.unirioja.es\/index.php\/2020\/06\/23\/mesa-redonda-sobre-contacto-de-lenguas-en-linea-24-de-junio\/\">ABRALIN AO VIVO: mesa redonda sobre contacto de lenguas<\/a><\/h1>\n\n\n\n<figure class=\"wp-block-image\"><img decoding=\"async\" src=\"https:\/\/espanolcontacto.unirioja.es\/wp-content\/uploads\/2020\/06\/Sin-t%C3%ADtulo.jpg\" alt=\"\"\/><\/figure>\n\n\n\n<hr class=\"wp-block-separator is-style-wide\"\/>\n\n\n\n<h1 class=\"wp-block-heading\"><a href=\"https:\/\/espanolcontacto.unirioja.es\/index.php\/2021\/04\/12\/entrevista-a-azucena-palacios-en-radio-berlin-sobre-la-desaparicion-de-las-lenguas-indigenas\/\">Entrevista a Azucena Palacios en radio Berl\u00edn sobre la desaparici\u00f3n de las lenguas ind\u00edgenas<\/a><\/h1>\n\n\n\n<div class=\"wp-block-image\"><figure class=\"aligncenter size-large is-resized\"><img fetchpriority=\"high\" decoding=\"async\" src=\"https:\/\/espanolcontacto.unirioja.es\/wp-content\/uploads\/2021\/04\/Mein_WDR_Radio_Logo.svg_.png\" alt=\"\" class=\"wp-image-3598\" width=\"617\" height=\"329\" srcset=\"https:\/\/espanolcontacto.unirioja.es\/wp-content\/uploads\/2021\/04\/Mein_WDR_Radio_Logo.svg_.png 800w, https:\/\/espanolcontacto.unirioja.es\/wp-content\/uploads\/2021\/04\/Mein_WDR_Radio_Logo.svg_-300x160.png 300w, https:\/\/espanolcontacto.unirioja.es\/wp-content\/uploads\/2021\/04\/Mein_WDR_Radio_Logo.svg_-768x410.png 768w\" sizes=\"(max-width: 617px) 100vw, 617px\" \/><\/figure><\/div>\n\n\n\n<figure class=\"wp-block-audio\"><audio controls src=\"https:\/\/espanolcontacto.unirioja.es\/wp-content\/uploads\/2021\/04\/AUDIO-2019-10-11-14-07-55.mp3\"><\/audio><\/figure>\n\n\n\n<hr class=\"wp-block-separator is-style-wide\"\/>\n\n\n\n<h1 class=\"wp-block-heading\"><a href=\"https:\/\/espanolcontacto.unirioja.es\/index.php\/2021\/04\/13\/entrevista-a-azucena-palacios-en-rne-sobre-espanol-un-idioma-sin-fronteras\/\">Entrevista a Azucena Palacios en RNE sobre &#8220;Espa\u00f1ol un idioma sin Fronteras&#8221;<\/a><\/h1>\n\n\n\n<div class=\"wp-block-image\"><figure class=\"aligncenter is-resized\"><img decoding=\"async\" src=\"https:\/\/img2.rtve.es\/css\/resources\/share_screens\/radio_share.jpg\" alt=\"Radio y programas online - RTVE.es\" width=\"585\" height=\"468\"\/><\/figure><\/div>\n","protected":false},"excerpt":{"rendered":"<p>Seminario \u201cCOREC: construcci\u00f3n de un corpus del espa\u00f1ol en contacto\u201d, ponencia de Sara G\u00f3mez Seibane Streamings del Coloquio Internacional Virtual (d\u00edas 24 y 25 de mayo) MOOC Diversidad ling\u00fc\u00edstica, \u00bfPara qu\u00e9? IV Encuentro de dialectos del Espa\u00f1ol: mesa redonda sobre variaci\u00f3n y contacto XX Col\u00f3quio de P\u00f3s-Gradua\u00e7\u00e3o e Pesquisa em<\/p>\n","protected":false},"author":1,"featured_media":0,"parent":0,"menu_order":0,"comment_status":"closed","ping_status":"closed","template":"","meta":{"footnotes":""},"_links":{"self":[{"href":"https:\/\/espanolcontacto.unirioja.es\/index.php\/wp-json\/wp\/v2\/pages\/3152"}],"collection":[{"href":"https:\/\/espanolcontacto.unirioja.es\/index.php\/wp-json\/wp\/v2\/pages"}],"about":[{"href":"https:\/\/espanolcontacto.unirioja.es\/index.php\/wp-json\/wp\/v2\/types\/page"}],"author":[{"embeddable":true,"href":"https:\/\/espanolcontacto.unirioja.es\/index.php\/wp-json\/wp\/v2\/users\/1"}],"replies":[{"embeddable":true,"href":"https:\/\/espanolcontacto.unirioja.es\/index.php\/wp-json\/wp\/v2\/comments?post=3152"}],"version-history":[{"count":4,"href":"https:\/\/espanolcontacto.unirioja.es\/index.php\/wp-json\/wp\/v2\/pages\/3152\/revisions"}],"predecessor-version":[{"id":3924,"href":"https:\/\/espanolcontacto.unirioja.es\/index.php\/wp-json\/wp\/v2\/pages\/3152\/revisions\/3924"}],"wp:attachment":[{"href":"https:\/\/espanolcontacto.unirioja.es\/index.php\/wp-json\/wp\/v2\/media?parent=3152"}],"curies":[{"name":"wp","href":"https:\/\/api.w.org\/{rel}","templated":true}]}}