{"id":2897,"date":"2019-08-28T13:09:28","date_gmt":"2019-08-28T13:09:28","guid":{"rendered":"https:\/\/espanolcontacto.unirioja.es\/?page_id=2897"},"modified":"2019-08-28T13:09:28","modified_gmt":"2019-08-28T13:09:28","slug":"anna-babel","status":"publish","type":"page","link":"https:\/\/espanolcontacto.unirioja.es\/index.php\/situaciones-de-contacto-publicaciones\/anna-babel\/","title":{"rendered":"Anna Babel"},"content":{"rendered":"\n<h1 class=\"wp-block-heading\">ANNA BABEL<\/h1>\n\n\n\n<ul><li><span style=\"color: #000000;\"><strong>Universidad:<\/strong> <a href=\"https:\/\/www.osu.edu\/\">The Ohio State University<\/a><\/span><\/li><li><span style=\"color: #000000;\"><strong>Pa\u00eds:<\/strong>&nbsp;Estados Unidos<\/span><\/li><li><span style=\"color: #000000;\"><strong>Email:<\/strong><\/span>  <a href=\"mailto:babel.6@osu.edu\">babel.6@osu.edu<\/a> <\/li><li><span style=\"color: #000000;\"><strong>\u00c1rea geogr\u00e1fica de inter\u00e9s:&nbsp;<\/strong>Bolivia<\/span><\/li><\/ul>\n\n\n\n<h1 class=\"wp-block-heading\">CURR\u00cdCULUM ACAD\u00c9MICO DE ANNA BABEL<\/h1>\n\n\n\n<p><p style=\"text-align: justify;\"><span style=\"color: #000000;\">Anna Babel trabaja en los campos de socioling\u00fc\u00edstica y antropolog\u00eda. Es miembro de la Facultad de Espa\u00f1ol y Portugu\u00e9s en la Ohio State University, donde ense\u00f1a en la secci\u00f3n de Ling\u00fc\u00edstica Hispana. Sus temas de Investigaci\u00f3n abarcan el contacto de lenguas entre Quechua y espa\u00f1ol, la conciencia ling\u00fc\u00edstica, y la migraci\u00f3n, particularmente la migraci\u00f3n rural-urbana en Bolivia y, \u00faltimamente, la migraci\u00f3n internacional. Ha publicado dos libros,&nbsp;<a href=\"https:\/\/www.cambridge.org\/core\/books\/awareness-and-control-in-sociolinguistic-research\/D1FE4CC07EACC05FA25E84A98FB5D9EB\">Awareness and Control in Sociolinguistic Research<\/a>&nbsp;y&nbsp;<a href=\"https:\/\/uapress.arizona.edu\/book\/between-the-andes-and-the-amazon\">Between the Andes and the Amazon<\/a>. <\/span><\/p><\/p>\n\n\n\n<ul><li><a href=\"https:\/\/sppo.osu.edu\/people\/babel.6\">P\u00e1gina personal<\/a><\/li><\/ul>\n","protected":false},"excerpt":{"rendered":"<p>ANNA BABEL Universidad: The Ohio State University Pa\u00eds:&nbsp;Estados Unidos Email: babel.6@osu.edu \u00c1rea geogr\u00e1fica de inter\u00e9s:&nbsp;Bolivia CURR\u00cdCULUM ACAD\u00c9MICO DE ANNA BABEL Anna Babel trabaja en los campos de socioling\u00fc\u00edstica y antropolog\u00eda. Es miembro de la Facultad de Espa\u00f1ol y Portugu\u00e9s en la Ohio State University, donde ense\u00f1a en la secci\u00f3n de<\/p>\n","protected":false},"author":1,"featured_media":0,"parent":50,"menu_order":0,"comment_status":"closed","ping_status":"closed","template":"","meta":{"footnotes":""},"_links":{"self":[{"href":"https:\/\/espanolcontacto.unirioja.es\/index.php\/wp-json\/wp\/v2\/pages\/2897"}],"collection":[{"href":"https:\/\/espanolcontacto.unirioja.es\/index.php\/wp-json\/wp\/v2\/pages"}],"about":[{"href":"https:\/\/espanolcontacto.unirioja.es\/index.php\/wp-json\/wp\/v2\/types\/page"}],"author":[{"embeddable":true,"href":"https:\/\/espanolcontacto.unirioja.es\/index.php\/wp-json\/wp\/v2\/users\/1"}],"replies":[{"embeddable":true,"href":"https:\/\/espanolcontacto.unirioja.es\/index.php\/wp-json\/wp\/v2\/comments?post=2897"}],"version-history":[{"count":0,"href":"https:\/\/espanolcontacto.unirioja.es\/index.php\/wp-json\/wp\/v2\/pages\/2897\/revisions"}],"up":[{"embeddable":true,"href":"https:\/\/espanolcontacto.unirioja.es\/index.php\/wp-json\/wp\/v2\/pages\/50"}],"wp:attachment":[{"href":"https:\/\/espanolcontacto.unirioja.es\/index.php\/wp-json\/wp\/v2\/media?parent=2897"}],"curies":[{"name":"wp","href":"https:\/\/api.w.org\/{rel}","templated":true}]}}