{"id":2409,"date":"2019-04-03T15:26:31","date_gmt":"2019-04-03T15:26:31","guid":{"rendered":"https:\/\/espanolcontacto.unirioja.es\/?page_id=2409"},"modified":"2025-07-11T09:53:30","modified_gmt":"2025-07-11T07:53:30","slug":"sierra-norte-de-puebla-mexico","status":"publish","type":"page","link":"https:\/\/espanolcontacto.unirioja.es\/index.php\/muestras-corec\/sierra-norte-de-puebla-mexico\/","title":{"rendered":"Sierra Norte de Puebla, M\u00e9xico"},"content":{"rendered":"\n<h1 class=\"wp-block-heading\" id=\"mce_0\"><a href=\"https:\/\/espanolcontacto.unirioja.es\/corpus\/mapa-corec\/\">COREC<\/a> &#8211; ESPA\u00d1OL EN CONTACTO CON OTOM\u00cd<\/h1>\n\n\n\n<h1 class=\"wp-block-heading\">Sierra Norte de Puebla, M\u00e9xico<\/h1>\n\n\n\n<p>Muestra de <strong>espa\u00f1ol en contacto con otom\u00ed de la Sierra Norte de Puebla<\/strong> realizadas en M\u00e9xico. Esta entrevista ha sido registrada en el marco del proyecto doctoral en curso: <strong>\u201c\u00bfDe vitalidades o desplazamientos? Din\u00e1micas de contacto ling\u00fc\u00edstico entre el espa\u00f1ol y dos variantes dialectales del otom\u00ed\u201d.<\/strong><\/p>\n\n\n\n<p><span style=\"color: #000000;\">Si desea utilizar el material expuesto en la p\u00e1gina web, deber\u00e1 seguir las indicaciones descritas en <\/span><a href=\"https:\/\/espanolcontacto.unirioja.es\/index.php\/condiciones-de-uso-del-corec\/\"><strong>Condiciones de uso del COREC<\/strong><\/a><span style=\"color: #000000;\"> (Corpus Oral de Referencia de Espa\u00f1ol en Contacto) y notificarlo al equipo a trav\u00e9s de nuestra direcci\u00f3n de correo electr\u00f3nico (<a href=\"mailto:espanolcontactolenguas@gmail.com\">espanolcontactolenguas@gmail.com<\/a>).&nbsp;<\/span><\/p>\n\n\n\n<hr class=\"wp-block-separator has-alpha-channel-opacity is-style-wide\"\/>\n\n\n\n<h2 class=\"wp-block-heading\">Muestra 1<\/h2>\n\n\n\n<figure class=\"wp-block-table is-style-stripes\"><table><tbody><tr><td><strong>Enclave<\/strong><\/td><td><span style=\"color: #000000;\">Sierra Norte de Puebla<\/span><\/td><\/tr><tr><td><strong>Fecha<\/strong><\/td><td><span style=\"color: #000000;\">05\/2016<\/span><\/td><\/tr><tr><td><strong>Duraci\u00f3n <\/strong><\/td><td><span style=\"color: #000000;\">04:<\/span>31<\/td><\/tr><tr><td><strong>Informante<\/strong><\/td><td><span style=\"color: #000000;\">Hombre de 58 a\u00f1os. Biling\u00fce otom\u00ed-espa\u00f1ol (Lengua materna: otom\u00ed).\n<\/span><\/td><\/tr><tr><td><b>Registro a cargo de<\/b><\/td><td><span style=\"color: #000000;\">Itzel Vargas<\/span><\/td><\/tr><tr><td><strong>Tema<\/strong><\/td><td>Juicio de paz<\/td><\/tr><tr><td><strong>Lenguas en contacto<\/strong><\/td><td><span style=\"color: #000000;\">Espa\u00f1ol-Otom\u00ed (Variante de la Sierra Norte de Puebla)<\/span><\/td><\/tr><\/tbody><\/table><\/figure>\n\n\n\n<figure class=\"wp-block-audio\"><audio controls src=\"https:\/\/espanolcontacto.unirioja.es\/wp-content\/uploads\/2019\/04\/Muestra-3.wav\"><\/audio><\/figure>\n\n\n\n<div data-wp-interactive=\"core\/file\" class=\"wp-block-file\"><object data-wp-bind--hidden=\"!state.hasPdfPreview\"  class=\"wp-block-file__embed\" data=\"https:\/\/espanolcontacto.unirioja.es\/wp-content\/uploads\/2019\/04\/Muestra-3.pdf\" type=\"application\/pdf\" style=\"width:100%;height:600px\" aria-label=\"Incrustado de Muestra 3.\"><\/object><a id=\"wp-block-file--media-0b5ac3ea-c58e-4e03-818a-e87e7d4f7680\" href=\"https:\/\/espanolcontacto.unirioja.es\/wp-content\/uploads\/2019\/04\/Muestra-3.pdf\">Muestra 3<\/a><a href=\"https:\/\/espanolcontacto.unirioja.es\/wp-content\/uploads\/2019\/04\/Muestra-3.pdf\" class=\"wp-block-file__button wp-element-button\" download aria-describedby=\"wp-block-file--media-0b5ac3ea-c58e-4e03-818a-e87e7d4f7680\">Descarga<\/a><\/div>\n\n\n\n<p><\/p>\n\n\n\n<figure class=\"wp-block-image size-large\"><a href=\"https:\/\/espanolcontacto.unirioja.es\/index.php\/corpus-oral-de-referencia\/mapa-corec\/\"><img fetchpriority=\"high\" decoding=\"async\" width=\"1024\" height=\"460\" src=\"https:\/\/espanolcontacto.unirioja.es\/wp-content\/uploads\/2021\/10\/COREC-Sierra-Norte-de-Puebla-1024x460.jpg\" alt=\"\" class=\"wp-image-4122\" srcset=\"https:\/\/espanolcontacto.unirioja.es\/wp-content\/uploads\/2021\/10\/COREC-Sierra-Norte-de-Puebla-1024x460.jpg 1024w, https:\/\/espanolcontacto.unirioja.es\/wp-content\/uploads\/2021\/10\/COREC-Sierra-Norte-de-Puebla-300x135.jpg 300w, https:\/\/espanolcontacto.unirioja.es\/wp-content\/uploads\/2021\/10\/COREC-Sierra-Norte-de-Puebla-768x345.jpg 768w, https:\/\/espanolcontacto.unirioja.es\/wp-content\/uploads\/2021\/10\/COREC-Sierra-Norte-de-Puebla.jpg 1201w\" sizes=\"(max-width: 1024px) 100vw, 1024px\" \/><\/a><\/figure>\n","protected":false},"excerpt":{"rendered":"<p>COREC &#8211; ESPA\u00d1OL EN CONTACTO CON OTOM\u00cd Sierra Norte de Puebla, M\u00e9xico Muestra de espa\u00f1ol en contacto con otom\u00ed de la Sierra Norte de Puebla realizadas en M\u00e9xico. Esta entrevista ha sido registrada en el marco del proyecto doctoral en curso: \u201c\u00bfDe vitalidades o desplazamientos? Din\u00e1micas de contacto ling\u00fc\u00edstico entre<\/p>\n","protected":false},"author":1,"featured_media":0,"parent":1281,"menu_order":0,"comment_status":"closed","ping_status":"closed","template":"","meta":{"footnotes":""},"_links":{"self":[{"href":"https:\/\/espanolcontacto.unirioja.es\/index.php\/wp-json\/wp\/v2\/pages\/2409"}],"collection":[{"href":"https:\/\/espanolcontacto.unirioja.es\/index.php\/wp-json\/wp\/v2\/pages"}],"about":[{"href":"https:\/\/espanolcontacto.unirioja.es\/index.php\/wp-json\/wp\/v2\/types\/page"}],"author":[{"embeddable":true,"href":"https:\/\/espanolcontacto.unirioja.es\/index.php\/wp-json\/wp\/v2\/users\/1"}],"replies":[{"embeddable":true,"href":"https:\/\/espanolcontacto.unirioja.es\/index.php\/wp-json\/wp\/v2\/comments?post=2409"}],"version-history":[{"count":4,"href":"https:\/\/espanolcontacto.unirioja.es\/index.php\/wp-json\/wp\/v2\/pages\/2409\/revisions"}],"predecessor-version":[{"id":5968,"href":"https:\/\/espanolcontacto.unirioja.es\/index.php\/wp-json\/wp\/v2\/pages\/2409\/revisions\/5968"}],"up":[{"embeddable":true,"href":"https:\/\/espanolcontacto.unirioja.es\/index.php\/wp-json\/wp\/v2\/pages\/1281"}],"wp:attachment":[{"href":"https:\/\/espanolcontacto.unirioja.es\/index.php\/wp-json\/wp\/v2\/media?parent=2409"}],"curies":[{"name":"wp","href":"https:\/\/api.w.org\/{rel}","templated":true}]}}