{"id":2304,"date":"2019-03-27T12:58:06","date_gmt":"2019-03-27T12:58:06","guid":{"rendered":"https:\/\/espanolcontacto.unirioja.es\/?page_id=2304"},"modified":"2025-07-11T10:19:21","modified_gmt":"2025-07-11T08:19:21","slug":"siete-palmas-argentina","status":"publish","type":"page","link":"https:\/\/espanolcontacto.unirioja.es\/index.php\/muestras-corec\/siete-palmas-argentina\/","title":{"rendered":"Siete Palmas &#8211; Argentina"},"content":{"rendered":"\n<h1 class=\"wp-block-heading\"><a href=\"https:\/\/espanolcontacto.unirioja.es\/corpus\/mapa-corec\/\">COREC<\/a> &#8211; ESPA\u00d1OL EN CONTACTO CON GUARAN\u00cd<\/h1>\n\n\n\n<h1 class=\"wp-block-heading\">Siete Palmas, Argentina<\/h1>\n\n\n\n<p><span style=\"color: #000000;\">Muestras de <strong>espa\u00f1ol en contacto con guaran\u00ed<\/strong>, realizadas en Siete Palmas, Formosa, Argentina. Si desea utilizar el material expuesto en la p\u00e1gina web, deber\u00e1 seguir las indicaciones descritas en <a href=\"https:\/\/espanolcontacto.unirioja.es\/index.php\/condiciones-de-uso-del-corec\/\"><strong>Condiciones de uso del COREC<\/strong><\/a> (Corpus Oral de Referencia de Espa\u00f1ol en Contacto) y notificarlo al equipo a trav\u00e9s de nuestra direcci\u00f3n de correo electr\u00f3nico (<\/span><a href=\"espanolcontactolenguas@gmail.com\">espanolcontactolenguas@gmail.com<\/a><span style=\"color: #000000;\">).&nbsp;<\/span><\/p>\n\n\n\n<hr class=\"wp-block-separator has-alpha-channel-opacity is-style-wide\"\/>\n\n\n\n<h2 class=\"wp-block-heading\">Muestra 1<\/h2>\n\n\n\n<figure class=\"wp-block-table is-style-stripes\"><table><tbody><tr><td><strong>Enclave<\/strong><\/td><td><span style=\"color: #000000;\">Siete Palmas, Formosa<\/span><\/td><\/tr><tr><td><strong>Fecha<\/strong><\/td><td><span style=\"color: #000000;\">Julio 2016<\/span><\/td><\/tr><tr><td><strong>Duraci\u00f3n<\/strong><\/td><td><span style=\"color: #000000;\">12:04<\/span><\/td><\/tr><tr><td><strong>Informante<\/strong><\/td><td><span style=\"color: #000000;\">Mujer biling\u00fce de 29 a\u00f1os, docente. Tambi\u00e9n participa de la entrevista, su hermana, hablante biling\u00fce de 34 a\u00f1os y con estudios terciarios no universitarios incompletos.<\/span><\/td><\/tr><tr><td><strong>Entrevistadoras<br>(E1) y (E2)<\/strong><\/td><td><strong>(E1)<\/strong> <span style=\"color: #000000;\">Mar\u00eda Isabel Guill\u00e1n<br><strong>(E2)<\/strong> Anal\u00eda Centuri\u00f3n<\/span><\/td><\/tr><tr><td><strong>Tema<\/strong><\/td><td>Lengua guaran\u00ed<\/td><\/tr><tr><td><strong>Lenguas en contacto<\/strong><\/td><td><span style=\"color: #000000;\">Espa\u00f1ol-Guaran\u00ed<\/span><\/td><\/tr><\/tbody><\/table><\/figure>\n\n\n\n<figure class=\"wp-block-audio\"><audio controls src=\"https:\/\/espanolcontacto.unirioja.es\/wp-content\/uploads\/2019\/03\/Muestra-1.wav\"><\/audio><\/figure>\n\n\n\n<div data-wp-interactive=\"core\/file\" class=\"wp-block-file\"><object data-wp-bind--hidden=\"!state.hasPdfPreview\"  class=\"wp-block-file__embed\" data=\"https:\/\/espanolcontacto.unirioja.es\/wp-content\/uploads\/2019\/03\/Muestra-1.pdf\" type=\"application\/pdf\" style=\"width:100%;height:600px\" aria-label=\"Incrustado de Muestra 1.\"><\/object><a id=\"wp-block-file--media-c13a2ff0-d569-4094-8c9c-57d4fa6a7bc3\" href=\"https:\/\/espanolcontacto.unirioja.es\/wp-content\/uploads\/2019\/03\/Muestra-1.pdf\">Muestra 1<\/a><a href=\"https:\/\/espanolcontacto.unirioja.es\/wp-content\/uploads\/2019\/03\/Muestra-1.pdf\" class=\"wp-block-file__button wp-element-button\" download aria-describedby=\"wp-block-file--media-c13a2ff0-d569-4094-8c9c-57d4fa6a7bc3\">Descarga<\/a><\/div>\n\n\n\n<hr class=\"wp-block-separator has-alpha-channel-opacity is-style-wide\"\/>\n\n\n\n<h2 class=\"wp-block-heading\">Muestra 2<\/h2>\n\n\n\n<figure class=\"wp-block-table is-style-stripes\"><table><tbody><tr><td><strong>Enclave<\/strong><\/td><td><span style=\"color: #000000;\">Siete Palmas, Formosa<\/span><\/td><\/tr><tr><td><strong>Fecha<\/strong><\/td><td><span style=\"color: #000000;\">Julio 2016<\/span><\/td><\/tr><tr><td><strong>Duraci\u00f3n <\/strong><\/td><td><span style=\"color: #000000;\">08:23<\/span><\/td><\/tr><tr><td><strong>Informante<\/strong><\/td><td><span style=\"color: #000000;\">Informante 1: Hombre biling\u00fce de m\u00e1s de 50 a\u00f1os masculino, con estudios primarios completos, empleado municipal.Informate 2: Mujer hablante biling\u00fce de 34 a\u00f1os y con estudios terciarios no universitarios incompletos.<\/span><\/td><\/tr><tr><td><strong><strong>Entrevistadoras<br>(E1) y (E2)<\/strong><\/strong><\/td><td><strong>(E1)<\/strong> <span style=\"color: #000000;\">Mar\u00eda Isabel Guill\u00e1n<br><strong>(E2)<\/strong> Anal\u00eda Centuri\u00f3n<\/span><\/td><\/tr><tr><td><strong>Tema<\/strong><\/td><td><span style=\"color: #000000;\">Mitos<\/span><\/td><\/tr><tr><td><strong>Lenguas en contacto<\/strong><\/td><td><span style=\"color: #000000;\">Espa\u00f1ol-Guaran\u00ed<\/span><\/td><\/tr><\/tbody><\/table><\/figure>\n\n\n\n<figure class=\"wp-block-audio\"><audio controls src=\"https:\/\/espanolcontacto.unirioja.es\/wp-content\/uploads\/2019\/03\/Muestra-2.wav\"><\/audio><\/figure>\n\n\n\n<div data-wp-interactive=\"core\/file\" class=\"wp-block-file\"><object data-wp-bind--hidden=\"!state.hasPdfPreview\"  class=\"wp-block-file__embed\" data=\"https:\/\/espanolcontacto.unirioja.es\/wp-content\/uploads\/2019\/03\/Muestra-2.pdf\" type=\"application\/pdf\" style=\"width:100%;height:600px\" aria-label=\"Incrustado de Muestra 2.\"><\/object><a id=\"wp-block-file--media-a9203a4f-5b46-4b99-b67e-9ec123835f8d\" href=\"https:\/\/espanolcontacto.unirioja.es\/wp-content\/uploads\/2019\/03\/Muestra-2.pdf\">Muestra 2<\/a><a href=\"https:\/\/espanolcontacto.unirioja.es\/wp-content\/uploads\/2019\/03\/Muestra-2.pdf\" class=\"wp-block-file__button wp-element-button\" download aria-describedby=\"wp-block-file--media-a9203a4f-5b46-4b99-b67e-9ec123835f8d\">Descarga<\/a><\/div>\n\n\n\n<hr class=\"wp-block-separator has-alpha-channel-opacity is-style-wide\"\/>\n\n\n<div class=\"wp-block-image\">\n<figure class=\"aligncenter\"><a href=\"https:\/\/espanolcontacto.unirioja.es\/index.php\/corpus-oral-de-referencia\/mapa-corec\/\"><img fetchpriority=\"high\" decoding=\"async\" width=\"1201\" height=\"540\" src=\"https:\/\/espanolcontacto.unirioja.es\/wp-content\/uploads\/2019\/03\/COREC-Siete-Palmas-1.jpg\" alt=\"\" class=\"wp-image-2326\" srcset=\"https:\/\/espanolcontacto.unirioja.es\/wp-content\/uploads\/2019\/03\/COREC-Siete-Palmas-1.jpg 1201w, https:\/\/espanolcontacto.unirioja.es\/wp-content\/uploads\/2019\/03\/COREC-Siete-Palmas-1-300x135.jpg 300w, https:\/\/espanolcontacto.unirioja.es\/wp-content\/uploads\/2019\/03\/COREC-Siete-Palmas-1-768x345.jpg 768w, https:\/\/espanolcontacto.unirioja.es\/wp-content\/uploads\/2019\/03\/COREC-Siete-Palmas-1-1024x460.jpg 1024w\" sizes=\"(max-width: 1201px) 100vw, 1201px\" \/><\/a><\/figure><\/div>","protected":false},"excerpt":{"rendered":"<p>COREC &#8211; ESPA\u00d1OL EN CONTACTO CON GUARAN\u00cd Siete Palmas, Argentina Muestras de espa\u00f1ol en contacto con guaran\u00ed, realizadas en Siete Palmas, Formosa, Argentina. Si desea utilizar el material expuesto en la p\u00e1gina web, deber\u00e1 seguir las indicaciones descritas en Condiciones de uso del COREC (Corpus Oral de Referencia de Espa\u00f1ol<\/p>\n","protected":false},"author":1,"featured_media":0,"parent":1281,"menu_order":0,"comment_status":"closed","ping_status":"closed","template":"","meta":{"footnotes":""},"_links":{"self":[{"href":"https:\/\/espanolcontacto.unirioja.es\/index.php\/wp-json\/wp\/v2\/pages\/2304"}],"collection":[{"href":"https:\/\/espanolcontacto.unirioja.es\/index.php\/wp-json\/wp\/v2\/pages"}],"about":[{"href":"https:\/\/espanolcontacto.unirioja.es\/index.php\/wp-json\/wp\/v2\/types\/page"}],"author":[{"embeddable":true,"href":"https:\/\/espanolcontacto.unirioja.es\/index.php\/wp-json\/wp\/v2\/users\/1"}],"replies":[{"embeddable":true,"href":"https:\/\/espanolcontacto.unirioja.es\/index.php\/wp-json\/wp\/v2\/comments?post=2304"}],"version-history":[{"count":4,"href":"https:\/\/espanolcontacto.unirioja.es\/index.php\/wp-json\/wp\/v2\/pages\/2304\/revisions"}],"predecessor-version":[{"id":5984,"href":"https:\/\/espanolcontacto.unirioja.es\/index.php\/wp-json\/wp\/v2\/pages\/2304\/revisions\/5984"}],"up":[{"embeddable":true,"href":"https:\/\/espanolcontacto.unirioja.es\/index.php\/wp-json\/wp\/v2\/pages\/1281"}],"wp:attachment":[{"href":"https:\/\/espanolcontacto.unirioja.es\/index.php\/wp-json\/wp\/v2\/media?parent=2304"}],"curies":[{"name":"wp","href":"https:\/\/api.w.org\/{rel}","templated":true}]}}