{"id":1946,"date":"2018-10-12T17:41:10","date_gmt":"2018-10-12T17:41:10","guid":{"rendered":"https:\/\/espanolcontacto.unirioja.es\/?page_id=1946"},"modified":"2018-10-12T17:41:10","modified_gmt":"2018-10-12T17:41:10","slug":"ji-son-jang","status":"publish","type":"page","link":"https:\/\/espanolcontacto.unirioja.es\/index.php\/situaciones-de-contacto-publicaciones\/ji-son-jang\/","title":{"rendered":"Ji Son Jang"},"content":{"rendered":"<h1>JI SON JANG<\/h1>\n<ul>\n<li style=\"list-style-type: none;\">\n<ul>\n<li style=\"list-style-type: none;\">\n<ul>\n<li><span style=\"color: #000000;\"><strong>Universidad:<\/strong> <a style=\"color: #000000;\" href=\"http:\/\/www.udea.edu.co\/wps\/portal\/udea\/web\/inicio\">Universidad de Antioquia\u00a0<\/a><\/span><\/li>\n<li><span style=\"color: #000000;\"><strong>Pa\u00eds:<\/strong>\u00a0Colombia<\/span><\/li>\n<li><span style=\"color: #000000;\"><strong>Email: <\/strong><\/span><\/li>\n<li><strong style=\"color: #000000;\">\u00c1rea geogr\u00e1fica de inter\u00e9s:<\/strong><span style=\"color: #000000;\"> Per\u00fa, Guatemala<\/span><\/li>\n<\/ul>\n<\/li>\n<\/ul>\n<\/li>\n<\/ul>\n<h1 style=\"text-align: left;\">CURR\u00cdCULUM ACAD\u00c9MICO DE JI SON JANG<\/h1>\n<p style=\"text-align: justify;\"><span style=\"color: #000000;\">Ph.D. in Language and Culture Studies por la Universidad de Kansai Gaidai y profesor de la Universidad de Antioquia, Colombia. Actualmente es Coordinador del Doctorado en Ling\u00fc\u00edstica de la misma. Su investigaci\u00f3n se centra en el campo de la pragm\u00e1tica sociocultural. Participa en distintos proyectos y forma parte de los grupos de investigaci\u00f3n \u201cCambio ling\u00fc\u00edstico en situaciones de contacto\u201d de la Universidad Aut\u00f3noma de Madrid y \u201cGrupo de Estudios Socioling\u00fc\u00edsticos\u201d de la Universidad de Antioquia.<\/span><\/p>\n","protected":false},"excerpt":{"rendered":"<p>JI SON JANG Universidad: Universidad de Antioquia\u00a0 Pa\u00eds:\u00a0Colombia Email: \u00c1rea geogr\u00e1fica de inter\u00e9s: Per\u00fa, Guatemala CURR\u00cdCULUM ACAD\u00c9MICO DE JI SON JANG Ph.D. in Language and Culture Studies por la Universidad de Kansai Gaidai y profesor de la Universidad de Antioquia, Colombia. Actualmente es Coordinador del Doctorado en Ling\u00fc\u00edstica de la<\/p>\n","protected":false},"author":1,"featured_media":0,"parent":50,"menu_order":0,"comment_status":"closed","ping_status":"closed","template":"","meta":{"footnotes":""},"_links":{"self":[{"href":"https:\/\/espanolcontacto.unirioja.es\/index.php\/wp-json\/wp\/v2\/pages\/1946"}],"collection":[{"href":"https:\/\/espanolcontacto.unirioja.es\/index.php\/wp-json\/wp\/v2\/pages"}],"about":[{"href":"https:\/\/espanolcontacto.unirioja.es\/index.php\/wp-json\/wp\/v2\/types\/page"}],"author":[{"embeddable":true,"href":"https:\/\/espanolcontacto.unirioja.es\/index.php\/wp-json\/wp\/v2\/users\/1"}],"replies":[{"embeddable":true,"href":"https:\/\/espanolcontacto.unirioja.es\/index.php\/wp-json\/wp\/v2\/comments?post=1946"}],"version-history":[{"count":0,"href":"https:\/\/espanolcontacto.unirioja.es\/index.php\/wp-json\/wp\/v2\/pages\/1946\/revisions"}],"up":[{"embeddable":true,"href":"https:\/\/espanolcontacto.unirioja.es\/index.php\/wp-json\/wp\/v2\/pages\/50"}],"wp:attachment":[{"href":"https:\/\/espanolcontacto.unirioja.es\/index.php\/wp-json\/wp\/v2\/media?parent=1946"}],"curies":[{"name":"wp","href":"https:\/\/api.w.org\/{rel}","templated":true}]}}