{"id":1809,"date":"2018-07-18T12:32:35","date_gmt":"2018-07-18T12:32:35","guid":{"rendered":"https:\/\/espanolcontacto.unirioja.es\/?page_id=1809"},"modified":"2018-07-18T12:32:35","modified_gmt":"2018-07-18T12:32:35","slug":"maria-sanchez-paraiso","status":"publish","type":"page","link":"https:\/\/espanolcontacto.unirioja.es\/index.php\/situaciones-de-contacto-publicaciones\/maria-sanchez-paraiso\/","title":{"rendered":"Mar\u00eda S\u00e1nchez Para\u00edso"},"content":{"rendered":"<h1>MAR\u00cdA S\u00c1NCHEZ PARA\u00cdSO<\/h1>\n<ul>\n<li><span style=\"color: #000000;\"><strong>Universidad:<\/strong> <a style=\"color: #000000;\" href=\"https:\/\/www.uam.es\/UAM\/Home.htm?language=es\">Universidad Aut\u00f3noma de Madrid<\/a><\/span><\/li>\n<li><span style=\"color: #000000;\"><strong>Pa\u00eds:<\/strong>\u00a0Espa\u00f1a<\/span><\/li>\n<li><span style=\"color: #000000;\"><strong>Email: <\/strong>maria.sanchezparaiso@gmail.com<strong><br \/>\n<\/strong><\/span><\/li>\n<li><span style=\"color: #000000;\"><strong>\u00c1rea geogr\u00e1fica de inter\u00e9s: <\/strong>Per\u00fa<\/span><\/li>\n<\/ul>\n<h1>CURR\u00cdCULUM ACAD\u00c9MICO DE MAR\u00cdA S\u00c1NCHEZ PARA\u00cdSO<\/h1>\n<p style=\"text-align: justify;\"><span style=\"color: #000000;\">Licenciada en Filolog\u00eda Inglesa y m\u00e1ster en Lengua Espa\u00f1ola por la Universidad Aut\u00f3noma de Madrid. Trabaja en la Real Academia Espa\u00f1ola. Actualmente, compagina su trabajo con la realizaci\u00f3n de su tesis doctoral sobre el espa\u00f1ol andino peruano en contacto con el quechua y el aimara.<\/span><\/p>\n","protected":false},"excerpt":{"rendered":"<p>MAR\u00cdA S\u00c1NCHEZ PARA\u00cdSO Universidad: Universidad Aut\u00f3noma de Madrid Pa\u00eds:\u00a0Espa\u00f1a Email: maria.sanchezparaiso@gmail.com \u00c1rea geogr\u00e1fica de inter\u00e9s: Per\u00fa CURR\u00cdCULUM ACAD\u00c9MICO DE MAR\u00cdA S\u00c1NCHEZ PARA\u00cdSO Licenciada en Filolog\u00eda Inglesa y m\u00e1ster en Lengua Espa\u00f1ola por la Universidad Aut\u00f3noma de Madrid. Trabaja en la Real Academia Espa\u00f1ola. Actualmente, compagina su trabajo con la realizaci\u00f3n<\/p>\n","protected":false},"author":1,"featured_media":0,"parent":50,"menu_order":0,"comment_status":"closed","ping_status":"closed","template":"","meta":{"footnotes":""},"_links":{"self":[{"href":"https:\/\/espanolcontacto.unirioja.es\/index.php\/wp-json\/wp\/v2\/pages\/1809"}],"collection":[{"href":"https:\/\/espanolcontacto.unirioja.es\/index.php\/wp-json\/wp\/v2\/pages"}],"about":[{"href":"https:\/\/espanolcontacto.unirioja.es\/index.php\/wp-json\/wp\/v2\/types\/page"}],"author":[{"embeddable":true,"href":"https:\/\/espanolcontacto.unirioja.es\/index.php\/wp-json\/wp\/v2\/users\/1"}],"replies":[{"embeddable":true,"href":"https:\/\/espanolcontacto.unirioja.es\/index.php\/wp-json\/wp\/v2\/comments?post=1809"}],"version-history":[{"count":0,"href":"https:\/\/espanolcontacto.unirioja.es\/index.php\/wp-json\/wp\/v2\/pages\/1809\/revisions"}],"up":[{"embeddable":true,"href":"https:\/\/espanolcontacto.unirioja.es\/index.php\/wp-json\/wp\/v2\/pages\/50"}],"wp:attachment":[{"href":"https:\/\/espanolcontacto.unirioja.es\/index.php\/wp-json\/wp\/v2\/media?parent=1809"}],"curies":[{"name":"wp","href":"https:\/\/api.w.org\/{rel}","templated":true}]}}