{"id":1797,"date":"2018-07-18T11:39:10","date_gmt":"2018-07-18T11:39:10","guid":{"rendered":"https:\/\/espanolcontacto.unirioja.es\/?page_id=1797"},"modified":"2018-07-18T11:39:10","modified_gmt":"2018-07-18T11:39:10","slug":"carmen-polo-malo","status":"publish","type":"page","link":"https:\/\/espanolcontacto.unirioja.es\/index.php\/situaciones-de-contacto-publicaciones\/carmen-polo-malo\/","title":{"rendered":"Carmen Polo Malo"},"content":{"rendered":"<h1>CARMEN POLO MALO<\/h1>\n<ul>\n<li><span style=\"color: #000000;\"><strong>Universidad: <\/strong><a style=\"color: #000000;\" href=\"https:\/\/www.uni-freiburg.de\/\">Albert-Ludwigs-Universit\u00e4t Freiburg<\/a><\/span><\/li>\n<li><span style=\"color: #000000;\"><strong>Pa\u00eds:<\/strong>\u00a0Alemania<\/span><\/li>\n<li><span style=\"color: #000000;\"><strong>Email:\u00a0<\/strong><\/span><\/li>\n<li><span style=\"color: #000000;\"><strong>\u00c1rea geogr\u00e1fica de inter\u00e9s:\u00a0<\/strong><\/span><\/li>\n<\/ul>\n<h1>CURR\u00cdCULUM ACAD\u00c9MICO DE CARMEN POLO MALO<\/h1>\n<p style=\"text-align: justify;\"><span style=\"color: #000000;\">Licenciada en Filolog\u00eda Hisp\u00e1nica y M\u00e1ster en Ense\u00f1anza de Espa\u00f1ol como Lengua Extranjera. Trabaja como lectora en el Romanisches Seminar de la Universidad de Freiburg. Es autora de materiales de ELE y formadora de docentes.<\/span><\/p>\n","protected":false},"excerpt":{"rendered":"<p>CARMEN POLO MALO Universidad: Albert-Ludwigs-Universit\u00e4t Freiburg Pa\u00eds:\u00a0Alemania Email:\u00a0 \u00c1rea geogr\u00e1fica de inter\u00e9s:\u00a0 CURR\u00cdCULUM ACAD\u00c9MICO DE CARMEN POLO MALO Licenciada en Filolog\u00eda Hisp\u00e1nica y M\u00e1ster en Ense\u00f1anza de Espa\u00f1ol como Lengua Extranjera. Trabaja como lectora en el Romanisches Seminar de la Universidad de Freiburg. Es autora de materiales de ELE y<\/p>\n","protected":false},"author":1,"featured_media":0,"parent":50,"menu_order":0,"comment_status":"closed","ping_status":"closed","template":"","meta":{"footnotes":""},"_links":{"self":[{"href":"https:\/\/espanolcontacto.unirioja.es\/index.php\/wp-json\/wp\/v2\/pages\/1797"}],"collection":[{"href":"https:\/\/espanolcontacto.unirioja.es\/index.php\/wp-json\/wp\/v2\/pages"}],"about":[{"href":"https:\/\/espanolcontacto.unirioja.es\/index.php\/wp-json\/wp\/v2\/types\/page"}],"author":[{"embeddable":true,"href":"https:\/\/espanolcontacto.unirioja.es\/index.php\/wp-json\/wp\/v2\/users\/1"}],"replies":[{"embeddable":true,"href":"https:\/\/espanolcontacto.unirioja.es\/index.php\/wp-json\/wp\/v2\/comments?post=1797"}],"version-history":[{"count":0,"href":"https:\/\/espanolcontacto.unirioja.es\/index.php\/wp-json\/wp\/v2\/pages\/1797\/revisions"}],"up":[{"embeddable":true,"href":"https:\/\/espanolcontacto.unirioja.es\/index.php\/wp-json\/wp\/v2\/pages\/50"}],"wp:attachment":[{"href":"https:\/\/espanolcontacto.unirioja.es\/index.php\/wp-json\/wp\/v2\/media?parent=1797"}],"curies":[{"name":"wp","href":"https:\/\/api.w.org\/{rel}","templated":true}]}}