{"id":1771,"date":"2018-07-16T11:42:44","date_gmt":"2018-07-16T11:42:44","guid":{"rendered":"https:\/\/espanolcontacto.unirioja.es\/?page_id=1771"},"modified":"2018-07-16T11:42:44","modified_gmt":"2018-07-16T11:42:44","slug":"amanda-diaz-garcia","status":"publish","type":"page","link":"https:\/\/espanolcontacto.unirioja.es\/index.php\/situaciones-de-contacto-publicaciones\/amanda-diaz-garcia\/","title":{"rendered":"Amanda D\u00edaz Garc\u00eda"},"content":{"rendered":"<h1>AMANDA D\u00cdAZ GARC\u00cdA<\/h1>\n<ul>\n<li style=\"list-style-type: none;\">\n<ul>\n<li><span style=\"color: #000000;\"><strong>Universida<span style=\"color: #000000;\">d:<\/span><\/strong> <a style=\"color: #000000;\" href=\"https:\/\/www.uam.es\/UAM\/Home.htm?language=es\">Universidad Aut\u00f3noma de Madrid<\/a><\/span><\/li>\n<li><span style=\"color: #000000;\"><strong>Pa\u00eds:<\/strong>\u00a0Espa\u00f1a <\/span><\/li>\n<li style=\"text-align: left;\"><span style=\"color: #000000;\"><span style=\"color: #000000;\"><strong>Email:\u00a0<\/strong><a href=\"mailto:amanda.diaz@uam.es\">amanda.diaz@uam.es<\/a><\/span><\/span><\/li>\n<li style=\"text-align: left;\"><span style=\"color: #000000;\"><strong>Puesto:\u00a0<\/strong><\/span><span style=\"color: #000000;\">personal t\u00e9cnico<\/span><\/li>\n<\/ul>\n<\/li>\n<\/ul>\n<h1 style=\"text-align: left;\">CURR\u00cdCULUM ACAD\u00c9MICO DE AMANDA D\u00cdAZ GARC\u00cdA<\/h1>\n<p style=\"text-align: justify;\"><span style=\"color: #000000;\">Licenciada en Filolog\u00eda Hisp\u00e1nica por la Universidad de La Laguna, Mag\u00edster en Formaci\u00f3n de Profesores Especialistas en la Ense\u00f1anza del Espa\u00f1ol como Lengua Extranjera por la Universidad Complutense de Madrid, M\u00e1ster en Lengua Espa\u00f1ola: Investigaci\u00f3n y pr\u00e1cticas profesionales por la Universidad Aut\u00f3noma de Madrid y doctoranda en el Programa de Doctorado en Estudios Hisp\u00e1nicos de la Universidad Aut\u00f3noma de Madrid. Trabaja como profesora de Espa\u00f1ol como Lengua Extranjera online y como personal t\u00e9cnico en el proyecto de investigaci\u00f3n\u00a0\u201c<a style=\"color: #000000;\" href=\"https:\/\/espanolcontacto.unirioja.es\/\">El espa\u00f1ol en contacto con otras lenguas: variaci\u00f3n y cambio ling\u00fc\u00edstico<\/a>\u201d .<\/span><\/p>\n<h1>OTRAS PUBLICACIONES DE\u00a0AMANDA D\u00cdAZ GARC\u00cdA<\/h1>\n<ul>\n<li><a href=\"https:\/\/uam.academia.edu\/AmandaD%C3%ADazGarc%C3%ADa\"><span style=\"color: #000000;\">Acedemia.edu<\/span><\/a><\/li>\n<\/ul>\n","protected":false},"excerpt":{"rendered":"<p>AMANDA D\u00cdAZ GARC\u00cdA Universidad: Universidad Aut\u00f3noma de Madrid Pa\u00eds:\u00a0Espa\u00f1a Email:\u00a0amanda.diaz@uam.es Puesto:\u00a0personal t\u00e9cnico CURR\u00cdCULUM ACAD\u00c9MICO DE AMANDA D\u00cdAZ GARC\u00cdA Licenciada en Filolog\u00eda Hisp\u00e1nica por la Universidad de La Laguna, Mag\u00edster en Formaci\u00f3n de Profesores Especialistas en la Ense\u00f1anza del Espa\u00f1ol como Lengua Extranjera por la Universidad Complutense de Madrid, M\u00e1ster en<\/p>\n","protected":false},"author":1,"featured_media":0,"parent":50,"menu_order":0,"comment_status":"closed","ping_status":"closed","template":"","meta":{"footnotes":""},"_links":{"self":[{"href":"https:\/\/espanolcontacto.unirioja.es\/index.php\/wp-json\/wp\/v2\/pages\/1771"}],"collection":[{"href":"https:\/\/espanolcontacto.unirioja.es\/index.php\/wp-json\/wp\/v2\/pages"}],"about":[{"href":"https:\/\/espanolcontacto.unirioja.es\/index.php\/wp-json\/wp\/v2\/types\/page"}],"author":[{"embeddable":true,"href":"https:\/\/espanolcontacto.unirioja.es\/index.php\/wp-json\/wp\/v2\/users\/1"}],"replies":[{"embeddable":true,"href":"https:\/\/espanolcontacto.unirioja.es\/index.php\/wp-json\/wp\/v2\/comments?post=1771"}],"version-history":[{"count":0,"href":"https:\/\/espanolcontacto.unirioja.es\/index.php\/wp-json\/wp\/v2\/pages\/1771\/revisions"}],"up":[{"embeddable":true,"href":"https:\/\/espanolcontacto.unirioja.es\/index.php\/wp-json\/wp\/v2\/pages\/50"}],"wp:attachment":[{"href":"https:\/\/espanolcontacto.unirioja.es\/index.php\/wp-json\/wp\/v2\/media?parent=1771"}],"curies":[{"name":"wp","href":"https:\/\/api.w.org\/{rel}","templated":true}]}}