{"id":1483,"date":"2018-03-20T21:47:56","date_gmt":"2018-03-20T21:47:56","guid":{"rendered":"https:\/\/espanolcontacto.unirioja.es\/?page_id=1483"},"modified":"2025-07-11T10:03:28","modified_gmt":"2025-07-11T08:03:28","slug":"mendaro-espana","status":"publish","type":"page","link":"https:\/\/espanolcontacto.unirioja.es\/index.php\/muestras-corec\/mendaro-espana\/","title":{"rendered":"Mendaro, Pa\u00eds Vasco &#8211; Espa\u00f1a"},"content":{"rendered":"\n<h1 class=\"wp-block-heading\"><a href=\"https:\/\/espanolcontacto.unirioja.es\/corpus\/mapa-corec\/\">COREC<\/a> &#8211; ESPA\u00d1OL EN CONTACTO CON EUSKERA<\/h1>\n\n\n\n<h1 class=\"wp-block-heading\">Mendaro, Pa\u00eds Vasco, Espa\u00f1a<\/h1>\n\n\n\n<p><span style=\"color: #000000;\">Muestras de <strong>espa\u00f1ol en contacto con euskera<\/strong>&nbsp;realizadas en Espa\u00f1a.&nbsp;Si desea utilizar el material expuesto en la p\u00e1gina web, deber\u00e1 seguir las indicaciones descritas en <\/span><a href=\"https:\/\/espanolcontacto.unirioja.es\/index.php\/condiciones-de-uso-del-corec\/\"><strong>Condiciones de uso del COREC<\/strong><\/a><span style=\"color: #000000;\"> (Corpus Oral de Referencia de Espa\u00f1ol en Contacto) y notificarlo al equipo a trav\u00e9s de nuestra direcci\u00f3n de correo electr\u00f3nico (espanolcontactolenguas@gmail.com).&nbsp;<\/span><\/p>\n\n\n\n<hr class=\"wp-block-separator has-alpha-channel-opacity is-style-wide\"\/>\n\n\n\n<h2 class=\"wp-block-heading\">Muestra 1<\/h2>\n\n\n\n<figure class=\"wp-block-table is-style-stripes\"><table><tbody><tr><td><strong>Enclave<\/strong><\/td><td><span style=\"color: #000000;\">Mendaro<\/span><\/td><\/tr><tr><td><strong>Fecha<\/strong><\/td><td><span style=\"color: #000000;\">02\/2011<\/span><\/td><\/tr><tr><td><strong>Duraci\u00f3n <\/strong><\/td><td><span style=\"color: #000000;\">07:28<\/span><\/td><\/tr><tr><td><strong>Informante<\/strong><\/td><td><span style=\"color: #000000;\">Hombre de 42 a\u00f1os, biling\u00fce desde su infancia, de primera lengua espa\u00f1ol, con estudios medios.<\/span><\/td><\/tr><tr><td><b>Entrevistadora<\/b><\/td><td><span style=\"color: #000000;\">Sara G\u00f3mez Seibane<\/span><\/td><\/tr><tr><td><strong>Tema<\/strong><\/td><td>Vida cotidiana<br>Trabajo<br>El euskera<\/td><\/tr><tr><td><strong>Lenguas en contacto<\/strong><\/td><td><span style=\"color: #000000;\">Espa\u00f1ol-Euskera<\/span><\/td><\/tr><\/tbody><\/table><\/figure>\n\n\n\n<figure class=\"wp-block-audio\"><audio controls src=\"https:\/\/espanolcontacto.unirioja.es\/wp-content\/uploads\/2024\/07\/Muestra-1-3.wav\"><\/audio><\/figure>\n\n\n\n<div data-wp-interactive=\"core\/file\" class=\"wp-block-file\"><object data-wp-bind--hidden=\"!state.hasPdfPreview\"  class=\"wp-block-file__embed\" data=\"https:\/\/espanolcontacto.unirioja.es\/wp-content\/uploads\/2024\/07\/Muestra-1-6.pdf\" type=\"application\/pdf\" style=\"width:100%;height:600px\" aria-label=\"Incrustado de Muestra-1-6.\"><\/object><a id=\"wp-block-file--media-484a42db-03cd-454c-8bb7-3a41c9d8ad8a\" href=\"https:\/\/espanolcontacto.unirioja.es\/wp-content\/uploads\/2024\/07\/Muestra-1-6.pdf\">Muestra-1-6<\/a><a href=\"https:\/\/espanolcontacto.unirioja.es\/wp-content\/uploads\/2024\/07\/Muestra-1-6.pdf\" class=\"wp-block-file__button wp-element-button\" download aria-describedby=\"wp-block-file--media-484a42db-03cd-454c-8bb7-3a41c9d8ad8a\">Descarga<\/a><\/div>\n\n\n\n<hr class=\"wp-block-separator has-alpha-channel-opacity is-style-wide\"\/>\n\n\n<div class=\"wp-block-image\">\n<figure class=\"aligncenter\"><a href=\"https:\/\/espanolcontacto.unirioja.es\/index.php\/corpus-oral-de-referencia\/mapa-corec\/\"><img fetchpriority=\"high\" decoding=\"async\" width=\"1201\" height=\"540\" src=\"https:\/\/espanolcontacto.unirioja.es\/wp-content\/uploads\/2018\/02\/COREC-Quito.jpg\" alt=\"Logo COREC localizaci\u00f3n espa\u00f1ol en contacto con euskera\" class=\"wp-image-1266\" srcset=\"https:\/\/espanolcontacto.unirioja.es\/wp-content\/uploads\/2018\/02\/COREC-Quito.jpg 1201w, https:\/\/espanolcontacto.unirioja.es\/wp-content\/uploads\/2018\/02\/COREC-Quito-300x135.jpg 300w, https:\/\/espanolcontacto.unirioja.es\/wp-content\/uploads\/2018\/02\/COREC-Quito-768x345.jpg 768w, https:\/\/espanolcontacto.unirioja.es\/wp-content\/uploads\/2018\/02\/COREC-Quito-1024x460.jpg 1024w\" sizes=\"(max-width: 1201px) 100vw, 1201px\" \/><\/a><\/figure><\/div>\n\n\n<p><br><\/p>\n","protected":false},"excerpt":{"rendered":"<p>COREC &#8211; ESPA\u00d1OL EN CONTACTO CON EUSKERA Mendaro, Pa\u00eds Vasco, Espa\u00f1a Muestras de espa\u00f1ol en contacto con euskera&nbsp;realizadas en Espa\u00f1a.&nbsp;Si desea utilizar el material expuesto en la p\u00e1gina web, deber\u00e1 seguir las indicaciones descritas en Condiciones de uso del COREC (Corpus Oral de Referencia de Espa\u00f1ol en Contacto) y notificarlo<\/p>\n","protected":false},"author":1,"featured_media":0,"parent":1281,"menu_order":0,"comment_status":"closed","ping_status":"closed","template":"","meta":{"footnotes":""},"_links":{"self":[{"href":"https:\/\/espanolcontacto.unirioja.es\/index.php\/wp-json\/wp\/v2\/pages\/1483"}],"collection":[{"href":"https:\/\/espanolcontacto.unirioja.es\/index.php\/wp-json\/wp\/v2\/pages"}],"about":[{"href":"https:\/\/espanolcontacto.unirioja.es\/index.php\/wp-json\/wp\/v2\/types\/page"}],"author":[{"embeddable":true,"href":"https:\/\/espanolcontacto.unirioja.es\/index.php\/wp-json\/wp\/v2\/users\/1"}],"replies":[{"embeddable":true,"href":"https:\/\/espanolcontacto.unirioja.es\/index.php\/wp-json\/wp\/v2\/comments?post=1483"}],"version-history":[{"count":6,"href":"https:\/\/espanolcontacto.unirioja.es\/index.php\/wp-json\/wp\/v2\/pages\/1483\/revisions"}],"predecessor-version":[{"id":5976,"href":"https:\/\/espanolcontacto.unirioja.es\/index.php\/wp-json\/wp\/v2\/pages\/1483\/revisions\/5976"}],"up":[{"embeddable":true,"href":"https:\/\/espanolcontacto.unirioja.es\/index.php\/wp-json\/wp\/v2\/pages\/1281"}],"wp:attachment":[{"href":"https:\/\/espanolcontacto.unirioja.es\/index.php\/wp-json\/wp\/v2\/media?parent=1483"}],"curies":[{"name":"wp","href":"https:\/\/api.w.org\/{rel}","templated":true}]}}