{"id":1440,"date":"2018-03-09T11:54:28","date_gmt":"2018-03-09T11:54:28","guid":{"rendered":"https:\/\/espanolcontacto.unirioja.es\/?page_id=1440"},"modified":"2023-07-03T19:31:47","modified_gmt":"2023-07-03T17:31:47","slug":"espanol-contacto-euskera","status":"publish","type":"page","link":"https:\/\/espanolcontacto.unirioja.es\/index.php\/muestras-corec\/espanol-contacto-euskera\/","title":{"rendered":"Espa\u00f1ol en contacto con euskera"},"content":{"rendered":"\n<h1 class=\"wp-block-heading\">ESPA\u00d1OL EN CONTACTO CON EUSKERA<\/h1>\n\n\n\n<p><span style=\"color: #000000;\">Este apartado del corpus <strong>COREC (Corpus Oral de Referencia de Espa\u00f1ol en Contacto)<\/strong> est\u00e1 conformado por fragmentos de entrevistas recogidas en diferentes enclaves del Pa\u00eds Vasco, Espa\u00f1a, cuy<\/span><span style=\"color: #000000;\">os informantes son hablantes biling\u00fces espa\u00f1ol-euskera o monoling\u00fces de espa\u00f1ol. Las muestras de espa\u00f1ol en contacto con euskera que les ofrecemos en nuestra p\u00e1gina web se localizan en:<\/span><\/p>\n\n\n\n<ul>\n<li><a href=\"https:\/\/espanolcontacto.unirioja.es\/index.php\/muestras-corec\/gernika-espana\/\"><span style=\"color: #000000;\"><strong>Gernika-Lumo<\/strong><\/span><\/a><\/li>\n\n\n\n<li><a href=\"https:\/\/espanolcontacto.unirioja.es\/index.php\/muestras-corec\/llodio-espana\/\"><span style=\"color: #000000;\"><strong>Laudio\/Llodio<\/strong><\/span><\/a><\/li>\n\n\n\n<li><a href=\"https:\/\/espanolcontacto.unirioja.es\/index.php\/muestras-corec\/mendaro-espana\/\"><span style=\"color: #000000;\"><strong>Mendaro<\/strong><\/span><\/a><\/li>\n\n\n\n<li><a href=\"https:\/\/espanolcontacto.unirioja.es\/index.php\/pamplona-navarra-espana\/\"><strong>Pamplona\/Iru\u00f1a<\/strong><\/a><\/li>\n\n\n\n<li><a href=\"https:\/\/espanolcontacto.unirioja.es\/index.php\/vitoria-pais-vasco-espana\/\"><strong>Vitoria-Gasteiz<\/strong><\/a><\/li>\n<\/ul>\n\n\n<div class=\"wp-block-image\">\n<figure class=\"aligncenter\"><a href=\"https:\/\/espanolcontacto.unirioja.es\/wp-content\/uploads\/2018\/03\/Logo-COREC-euskera.jpg\"><img decoding=\"async\" src=\"https:\/\/espanolcontacto.unirioja.es\/wp-content\/uploads\/2018\/03\/Logo-COREC-euskera.jpg\" alt=\"espa\u00f1ol en contacto con euskera. Logo COREC Corpus Oral de Referencia de Espa\u00f1ol en Contacto\" class=\"wp-image-1352\"\/><\/a><\/figure><\/div>","protected":false},"excerpt":{"rendered":"<p>ESPA\u00d1OL EN CONTACTO CON EUSKERA Este apartado del corpus COREC (Corpus Oral de Referencia de Espa\u00f1ol en Contacto) est\u00e1 conformado por fragmentos de entrevistas recogidas en diferentes enclaves del Pa\u00eds Vasco, Espa\u00f1a, cuyos informantes son hablantes biling\u00fces espa\u00f1ol-euskera o monoling\u00fces de espa\u00f1ol. Las muestras de espa\u00f1ol en contacto con euskera<\/p>\n","protected":false},"author":1,"featured_media":0,"parent":1281,"menu_order":0,"comment_status":"closed","ping_status":"closed","template":"","meta":{"footnotes":""},"_links":{"self":[{"href":"https:\/\/espanolcontacto.unirioja.es\/index.php\/wp-json\/wp\/v2\/pages\/1440"}],"collection":[{"href":"https:\/\/espanolcontacto.unirioja.es\/index.php\/wp-json\/wp\/v2\/pages"}],"about":[{"href":"https:\/\/espanolcontacto.unirioja.es\/index.php\/wp-json\/wp\/v2\/types\/page"}],"author":[{"embeddable":true,"href":"https:\/\/espanolcontacto.unirioja.es\/index.php\/wp-json\/wp\/v2\/users\/1"}],"replies":[{"embeddable":true,"href":"https:\/\/espanolcontacto.unirioja.es\/index.php\/wp-json\/wp\/v2\/comments?post=1440"}],"version-history":[{"count":5,"href":"https:\/\/espanolcontacto.unirioja.es\/index.php\/wp-json\/wp\/v2\/pages\/1440\/revisions"}],"predecessor-version":[{"id":5098,"href":"https:\/\/espanolcontacto.unirioja.es\/index.php\/wp-json\/wp\/v2\/pages\/1440\/revisions\/5098"}],"up":[{"embeddable":true,"href":"https:\/\/espanolcontacto.unirioja.es\/index.php\/wp-json\/wp\/v2\/pages\/1281"}],"wp:attachment":[{"href":"https:\/\/espanolcontacto.unirioja.es\/index.php\/wp-json\/wp\/v2\/media?parent=1440"}],"curies":[{"name":"wp","href":"https:\/\/api.w.org\/{rel}","templated":true}]}}