{"id":1293,"date":"2018-02-08T16:32:04","date_gmt":"2018-02-08T16:32:04","guid":{"rendered":"https:\/\/espanolcontacto.unirioja.es\/?page_id=1293"},"modified":"2022-01-07T15:49:08","modified_gmt":"2022-01-07T15:49:08","slug":"condiciones-de-uso-del-corec","status":"publish","type":"page","link":"https:\/\/espanolcontacto.unirioja.es\/index.php\/condiciones-de-uso-del-corec\/","title":{"rendered":"Condiciones de uso del COREC"},"content":{"rendered":"\n<h2 class=\"wp-block-heading\"><strong>\u00bfCon qu\u00e9 fines se puede utilizar COREC?<\/strong><\/h2>\n\n\n\n<p>Los recursos del&nbsp;<strong>COREC (Corpus Oral de Referencia de Espa\u00f1ol en Contacto)<\/strong>&nbsp;est\u00e1n disponibles para uso docente o de investigaci\u00f3n. No obstante, los derechos de reproducci\u00f3n total o parcial, tanto de los archivos de texto como los sonoros, as\u00ed como su difusi\u00f3n o su uso con fines comerciales, est\u00e1n reservados al equipo de investigaci\u00f3n de&nbsp;<strong>\u00abEspa\u00f1ol en contacto con otras lenguas: variaci\u00f3n y cambio ling\u00fc\u00edstico\u00bb<\/strong>&nbsp;y a los proyectos vinculados al mismo.<\/p>\n\n\n\n<p>Si desea utilizar el corpus, puede hacerlo cit\u00e1ndolo como se indica continuaci\u00f3n. Asimismo, le agradecemos que se ponga en contacto con nosotros para informarnos del uso de COREC para sus publicaciones, proyectos o investigaciones a trav\u00e9s de nuestra direcci\u00f3n de correo electr\u00f3nico: espanolcontactolenguas@gmail.com<\/p>\n\n\n\n<hr class=\"wp-block-separator is-style-wide\"\/>\n\n\n\n<h2 class=\"wp-block-heading\"><strong>\u00bfC\u00f3mo se debe citar COREC?<\/strong><\/h2>\n\n\n\n<p>Para citar el corpus COREC deber\u00e1 citar la p\u00e1gina web de la siguiente manera:&nbsp;<\/p>\n\n\n\n<blockquote class=\"wp-block-quote is-layout-flow wp-block-quote-is-layout-flow\"><p><em>Azucena Palacios (dir.) (2013-): Localidad, Pa\u00eds, N\u00famero de Muestra, COREC. En,&nbsp;Corpus Oral de Referencia de Espa\u00f1ol en Contacto. &lt;https:\/\/espanolcontacto.unirioja.es\/&gt; [fecha de consulta]&nbsp;&nbsp;<\/em><\/p><\/blockquote>\n\n\n\n<p>Por ejemplo: <\/p>\n\n\n\n<blockquote class=\"wp-block-quote is-layout-flow wp-block-quote-is-layout-flow\"><p>Azucena Palacios (dir.) (2013-): Quito, Ecuador, Entrevista 2, COREC. En,&nbsp;<em>Corpus Oral de Referencia de Espa\u00f1ol en Contacto<\/em>. &lt; https:\/\/espanolcontacto.unirioja.es\/&gt; [08\/02\/2018]&nbsp;&nbsp;<\/p><\/blockquote>\n\n\n\n<hr class=\"wp-block-separator is-style-wide\"\/>\n\n\n\n<p>&nbsp;<\/p>\n\n\n\n<figure class=\"wp-block-image size-full\"><a href=\"https:\/\/espanolcontacto.unirioja.es\/index.php\/corpus-oral-de-referencia\/mapa-corec\/\"><img fetchpriority=\"high\" decoding=\"async\" width=\"1015\" height=\"271\" src=\"https:\/\/espanolcontacto.unirioja.es\/wp-content\/uploads\/2021\/04\/Logo-COREC.jpg.png\" alt=\"\" class=\"wp-image-3672\" srcset=\"https:\/\/espanolcontacto.unirioja.es\/wp-content\/uploads\/2021\/04\/Logo-COREC.jpg.png 1015w, https:\/\/espanolcontacto.unirioja.es\/wp-content\/uploads\/2021\/04\/Logo-COREC.jpg-300x80.png 300w, https:\/\/espanolcontacto.unirioja.es\/wp-content\/uploads\/2021\/04\/Logo-COREC.jpg-768x205.png 768w\" sizes=\"(max-width: 1015px) 100vw, 1015px\" \/><\/a><figcaption><strong>Consulta nuestro mapa COREC haciendo click en la imagen<\/strong><\/figcaption><\/figure>\n\n\n\n<p><\/p>\n","protected":false},"excerpt":{"rendered":"<p>\u00bfCon qu\u00e9 fines se puede utilizar COREC? Los recursos del&nbsp;COREC (Corpus Oral de Referencia de Espa\u00f1ol en Contacto)&nbsp;est\u00e1n disponibles para uso docente o de investigaci\u00f3n. No obstante, los derechos de reproducci\u00f3n total o parcial, tanto de los archivos de texto como los sonoros, as\u00ed como su difusi\u00f3n o su uso<\/p>\n","protected":false},"author":1,"featured_media":0,"parent":0,"menu_order":0,"comment_status":"closed","ping_status":"closed","template":"","meta":{"footnotes":""},"_links":{"self":[{"href":"https:\/\/espanolcontacto.unirioja.es\/index.php\/wp-json\/wp\/v2\/pages\/1293"}],"collection":[{"href":"https:\/\/espanolcontacto.unirioja.es\/index.php\/wp-json\/wp\/v2\/pages"}],"about":[{"href":"https:\/\/espanolcontacto.unirioja.es\/index.php\/wp-json\/wp\/v2\/types\/page"}],"author":[{"embeddable":true,"href":"https:\/\/espanolcontacto.unirioja.es\/index.php\/wp-json\/wp\/v2\/users\/1"}],"replies":[{"embeddable":true,"href":"https:\/\/espanolcontacto.unirioja.es\/index.php\/wp-json\/wp\/v2\/comments?post=1293"}],"version-history":[{"count":10,"href":"https:\/\/espanolcontacto.unirioja.es\/index.php\/wp-json\/wp\/v2\/pages\/1293\/revisions"}],"predecessor-version":[{"id":4237,"href":"https:\/\/espanolcontacto.unirioja.es\/index.php\/wp-json\/wp\/v2\/pages\/1293\/revisions\/4237"}],"wp:attachment":[{"href":"https:\/\/espanolcontacto.unirioja.es\/index.php\/wp-json\/wp\/v2\/media?parent=1293"}],"curies":[{"name":"wp","href":"https:\/\/api.w.org\/{rel}","templated":true}]}}