{"id":1099,"date":"2017-11-15T12:46:02","date_gmt":"2017-11-15T12:46:02","guid":{"rendered":"https:\/\/espanolcontacto.unirioja.es\/?page_id=1099"},"modified":"2017-11-15T12:46:02","modified_gmt":"2017-11-15T12:46:02","slug":"nadiezdha-torres-sanchez","status":"publish","type":"page","link":"https:\/\/espanolcontacto.unirioja.es\/index.php\/situaciones-de-contacto-publicaciones\/nadiezdha-torres-sanchez\/","title":{"rendered":"Nadiezdha Torres S\u00e1nchez"},"content":{"rendered":"<h1>NADIEZDHA TORRES S\u00c1NCHEZ<\/h1>\n<ul>\n<li><span style=\"color: #000000;\"><strong>Universidad:<\/strong>\u00a0<a style=\"color: #000000;\" href=\"https:\/\/www.colmex.mx\/\">El Colegio de M\u00e9xico<\/a><\/span><\/li>\n<li><span style=\"color: #000000;\"><strong>Pa\u00eds:<\/strong>\u00a0M\u00e9xico<\/span><\/li>\n<li><span style=\"color: #000000;\"><strong>Email:\u00a0<\/strong><a href=\"mailto:nadiezdhatorres@gmail.com\">nadiezdhatorres@gmail.com<\/a><\/span><\/li>\n<li><span style=\"color: #000000;\"><strong>\u00c1rea geogr\u00e1fica de inter\u00e9s:\u00a0<\/strong>M\u00e9xico<\/span><\/li>\n<\/ul>\n<h1>CURR\u00cdCULUM ACAD\u00c9MICO DE NADIEZDHA TORRES S\u00c1NCHEZ<\/h1>\n<p style=\"text-align: justify;\"><span style=\"color: #000000;\">Doctora en ling\u00fc\u00edstica e investigadora por proyecto en el Laboratorio de Estudios F\u00f3nicos de El Colegio de M\u00e9xico. Su tesis doctoral trata el espa\u00f1ol de biling\u00fces tepehuano del sureste-espa\u00f1ol en el estado mexicano de Durango. Forma parte del grupo de investigaci\u00f3n socioling\u00fc\u00edstica coordinado por Pedro Mart\u00edn Butrague\u00f1o y del grupo de investigaci\u00f3n \u201cCambio ling\u00fc\u00edstico en situaciones de contacto\u201d de la Universidad Aut\u00f3noma de Madrid.<\/span><\/p>\n","protected":false},"excerpt":{"rendered":"<p>NADIEZDHA TORRES S\u00c1NCHEZ Universidad:\u00a0El Colegio de M\u00e9xico Pa\u00eds:\u00a0M\u00e9xico Email:\u00a0nadiezdhatorres@gmail.com \u00c1rea geogr\u00e1fica de inter\u00e9s:\u00a0M\u00e9xico CURR\u00cdCULUM ACAD\u00c9MICO DE NADIEZDHA TORRES S\u00c1NCHEZ Doctora en ling\u00fc\u00edstica e investigadora por proyecto en el Laboratorio de Estudios F\u00f3nicos de El Colegio de M\u00e9xico. Su tesis doctoral trata el espa\u00f1ol de biling\u00fces tepehuano del sureste-espa\u00f1ol en el<\/p>\n","protected":false},"author":1,"featured_media":0,"parent":50,"menu_order":0,"comment_status":"closed","ping_status":"closed","template":"","meta":{"footnotes":""},"_links":{"self":[{"href":"https:\/\/espanolcontacto.unirioja.es\/index.php\/wp-json\/wp\/v2\/pages\/1099"}],"collection":[{"href":"https:\/\/espanolcontacto.unirioja.es\/index.php\/wp-json\/wp\/v2\/pages"}],"about":[{"href":"https:\/\/espanolcontacto.unirioja.es\/index.php\/wp-json\/wp\/v2\/types\/page"}],"author":[{"embeddable":true,"href":"https:\/\/espanolcontacto.unirioja.es\/index.php\/wp-json\/wp\/v2\/users\/1"}],"replies":[{"embeddable":true,"href":"https:\/\/espanolcontacto.unirioja.es\/index.php\/wp-json\/wp\/v2\/comments?post=1099"}],"version-history":[{"count":0,"href":"https:\/\/espanolcontacto.unirioja.es\/index.php\/wp-json\/wp\/v2\/pages\/1099\/revisions"}],"up":[{"embeddable":true,"href":"https:\/\/espanolcontacto.unirioja.es\/index.php\/wp-json\/wp\/v2\/pages\/50"}],"wp:attachment":[{"href":"https:\/\/espanolcontacto.unirioja.es\/index.php\/wp-json\/wp\/v2\/media?parent=1099"}],"curies":[{"name":"wp","href":"https:\/\/api.w.org\/{rel}","templated":true}]}}