{"id":1089,"date":"2017-11-15T12:30:11","date_gmt":"2017-11-15T12:30:11","guid":{"rendered":"https:\/\/espanolcontacto.unirioja.es\/?page_id=1089"},"modified":"2017-11-15T12:30:11","modified_gmt":"2017-11-15T12:30:11","slug":"azucena-palacios-alcaine","status":"publish","type":"page","link":"https:\/\/espanolcontacto.unirioja.es\/index.php\/situaciones-de-contacto-publicaciones\/azucena-palacios-alcaine\/","title":{"rendered":"Azucena Palacios Alcaine"},"content":{"rendered":"<h1>AZUCENA PALACIOS ALCAINE (Investigador principal)<\/h1>\n<ul>\n<li><span style=\"color: #000000;\"><strong>Universidad:<\/strong> <a style=\"color: #000000;\" href=\"https:\/\/www.uam.es\/UAM\/Home.htm?language=es\">Universidad Aut\u00f3noma de Madrid<\/a><\/span><\/li>\n<li><span style=\"color: #000000;\"><strong>Pa\u00eds:<\/strong>\u00a0Espa\u00f1a<\/span><\/li>\n<li><span style=\"color: #000000;\"><strong>Email:\u00a0<\/strong><a href=\"mailto:azucena.palacios@uam.es\">azucena.palacios@uam.es<\/a><\/span><\/li>\n<li><span style=\"color: #000000;\"><strong>\u00c1rea geogr\u00e1fica de inter\u00e9<span style=\"color: #000000;\">s:\u00a0<\/span><\/strong>Ecuador, Paraguay<\/span><\/li>\n<\/ul>\n<h1>CURR\u00cdCULUM ACAD\u00c9MICO DE AZUCENA PALACIOS ALCAINE<\/h1>\n<p style=\"text-align: justify;\"><span style=\"color: #000000;\">Doctora en Filolog\u00eda Hisp\u00e1nica por la Universidad Aut\u00f3noma de Madrid y catedr\u00e1tica de Lengua Espa\u00f1ola en esa misma universidad. Es coordinadora del Grupo de investigaci\u00f3n de la UAM (HUM F-022) \u201cCambio ling\u00fc\u00edstico en situaciones de contacto\u201d desde 2006. Su investigaci\u00f3n versa sobre contacto de lenguas: espa\u00f1ol y lenguas amerindias. Actualmente dirige el proyecto de investigaci\u00f3n \u201c<a style=\"color: #000000;\" href=\"http:\/\/espanolencontacto.com\/\">El espa\u00f1ol en contacto con otras lenguas II: variaci\u00f3n y cambio ling\u00fc\u00edstico<\/a>\u201d\u00a0y coordina el proyecto de la Asociaci\u00f3n de Ling\u00fc\u00edstica y Filolog\u00eda en Am\u00e9rica Latina (ALFAL) \u201cLenguas en contacto: espa\u00f1ol\/portugu\u00e9s y lenguas amerindias\u201d. Es miembro del Comit\u00e9 Consultivo de la red tem\u00e1tica internacional Espa\u00f1ol de los Andes.<\/span><\/p>\n<ul>\n<li><span style=\"color: #000000;\"><a style=\"color: #000000;\" href=\"https:\/\/www.uam.es\/personal_pdi\/filoyletras\/alcaine\/\">P\u00e1gina personal<\/a><\/span><\/li>\n<li><span style=\"color: #000000;\"><a style=\"color: #000000;\" href=\"https:\/\/portalcientifico.uam.es\/ipublic\/agent-personal\/profile\/iMarinaID\/04-258628\/name\/PALACIOS%20ALCAINE,%20AZUCENA\">Perfil investigador<\/a><\/span><\/li>\n<\/ul>\n","protected":false},"excerpt":{"rendered":"<p>AZUCENA PALACIOS ALCAINE (Investigador principal) Universidad: Universidad Aut\u00f3noma de Madrid Pa\u00eds:\u00a0Espa\u00f1a Email:\u00a0azucena.palacios@uam.es \u00c1rea geogr\u00e1fica de inter\u00e9s:\u00a0Ecuador, Paraguay CURR\u00cdCULUM ACAD\u00c9MICO DE AZUCENA PALACIOS ALCAINE Doctora en Filolog\u00eda Hisp\u00e1nica por la Universidad Aut\u00f3noma de Madrid y catedr\u00e1tica de Lengua Espa\u00f1ola en esa misma universidad. Es coordinadora del Grupo de investigaci\u00f3n de la<\/p>\n","protected":false},"author":1,"featured_media":0,"parent":50,"menu_order":0,"comment_status":"closed","ping_status":"closed","template":"","meta":{"footnotes":""},"_links":{"self":[{"href":"https:\/\/espanolcontacto.unirioja.es\/index.php\/wp-json\/wp\/v2\/pages\/1089"}],"collection":[{"href":"https:\/\/espanolcontacto.unirioja.es\/index.php\/wp-json\/wp\/v2\/pages"}],"about":[{"href":"https:\/\/espanolcontacto.unirioja.es\/index.php\/wp-json\/wp\/v2\/types\/page"}],"author":[{"embeddable":true,"href":"https:\/\/espanolcontacto.unirioja.es\/index.php\/wp-json\/wp\/v2\/users\/1"}],"replies":[{"embeddable":true,"href":"https:\/\/espanolcontacto.unirioja.es\/index.php\/wp-json\/wp\/v2\/comments?post=1089"}],"version-history":[{"count":0,"href":"https:\/\/espanolcontacto.unirioja.es\/index.php\/wp-json\/wp\/v2\/pages\/1089\/revisions"}],"up":[{"embeddable":true,"href":"https:\/\/espanolcontacto.unirioja.es\/index.php\/wp-json\/wp\/v2\/pages\/50"}],"wp:attachment":[{"href":"https:\/\/espanolcontacto.unirioja.es\/index.php\/wp-json\/wp\/v2\/media?parent=1089"}],"curies":[{"name":"wp","href":"https:\/\/api.w.org\/{rel}","templated":true}]}}