{"id":1077,"date":"2017-11-15T12:13:07","date_gmt":"2017-11-15T12:13:07","guid":{"rendered":"https:\/\/espanolcontacto.unirioja.es\/?page_id=1077"},"modified":"2017-11-15T12:13:07","modified_gmt":"2017-11-15T12:13:07","slug":"marleen-haboud","status":"publish","type":"page","link":"https:\/\/espanolcontacto.unirioja.es\/index.php\/situaciones-de-contacto-publicaciones\/marleen-haboud\/","title":{"rendered":"Marleen Haboud"},"content":{"rendered":"<h1>MARLEEN HABOUD<\/h1>\n<ul>\n<li style=\"list-style-type: none;\">\n<ul>\n<li><span style=\"color: #000000;\"><strong>Universidad:<\/strong>\u00a0<a style=\"color: #000000;\" href=\"https:\/\/www.puce.edu.ec\">Pontificia\u00a0Universidad Cat\u00f3lica de Ecuador<\/a><\/span><\/li>\n<li><span style=\"color: #000000;\"><strong>Pa\u00eds:<\/strong> Ecuador<\/span><\/li>\n<li><span style=\"color: #000000;\"><strong>Email:<\/strong><\/span><\/li>\n<li><span style=\"color: #000000;\"><strong>\u00c1rea geogr\u00e1fica de inter\u00e9s:<\/strong> Ecuador<\/span><\/li>\n<\/ul>\n<\/li>\n<\/ul>\n<p><span style=\"color: #23282d; font-size: 2em; font-weight: 600;\">CURR\u00cdCULUM ACAD\u00c9MICO DE MARLEEN HABOUD<\/span><\/p>\n<p style=\"text-align: justify;\"><span style=\"color: #000000;\">Ph.D. en Ling\u00fc\u00edstica por la Universidad de Oreg\u00f3n, es catedr\u00e1tica de la Pontificia Universidad Cat\u00f3lica del Ecuador y especialista en el estudio de las lenguas ind\u00edgenas y de los efectos ling\u00fc\u00edsticos y sociales del contacto. Dirige los proyectos \u201c<a href=\"https:\/\/oralidadmodernidad.wixsite.com\/oralidad\">Oralidad Modernidad<\/a>\u201d y \u201cL\u00e9xicos etnogr\u00e1ficos y pr\u00e1cticas ancestrales en el Ecuador andino\u201d. Ha participado en proyectos internacionales sobre el espa\u00f1ol de contacto y desarrolla, desde hace algunos a\u00f1os, metodolog\u00edas de investigaci\u00f3n que priorizan el trabajo de colaboraci\u00f3n con los hablantes.<\/span><\/p>\n","protected":false},"excerpt":{"rendered":"<p>MARLEEN HABOUD Universidad:\u00a0Pontificia\u00a0Universidad Cat\u00f3lica de Ecuador Pa\u00eds: Ecuador Email: \u00c1rea geogr\u00e1fica de inter\u00e9s: Ecuador CURR\u00cdCULUM ACAD\u00c9MICO DE MARLEEN HABOUD Ph.D. en Ling\u00fc\u00edstica por la Universidad de Oreg\u00f3n, es catedr\u00e1tica de la Pontificia Universidad Cat\u00f3lica del Ecuador y especialista en el estudio de las lenguas ind\u00edgenas y de los efectos ling\u00fc\u00edsticos<\/p>\n","protected":false},"author":1,"featured_media":0,"parent":50,"menu_order":0,"comment_status":"closed","ping_status":"closed","template":"","meta":{"footnotes":""},"_links":{"self":[{"href":"https:\/\/espanolcontacto.unirioja.es\/index.php\/wp-json\/wp\/v2\/pages\/1077"}],"collection":[{"href":"https:\/\/espanolcontacto.unirioja.es\/index.php\/wp-json\/wp\/v2\/pages"}],"about":[{"href":"https:\/\/espanolcontacto.unirioja.es\/index.php\/wp-json\/wp\/v2\/types\/page"}],"author":[{"embeddable":true,"href":"https:\/\/espanolcontacto.unirioja.es\/index.php\/wp-json\/wp\/v2\/users\/1"}],"replies":[{"embeddable":true,"href":"https:\/\/espanolcontacto.unirioja.es\/index.php\/wp-json\/wp\/v2\/comments?post=1077"}],"version-history":[{"count":0,"href":"https:\/\/espanolcontacto.unirioja.es\/index.php\/wp-json\/wp\/v2\/pages\/1077\/revisions"}],"up":[{"embeddable":true,"href":"https:\/\/espanolcontacto.unirioja.es\/index.php\/wp-json\/wp\/v2\/pages\/50"}],"wp:attachment":[{"href":"https:\/\/espanolcontacto.unirioja.es\/index.php\/wp-json\/wp\/v2\/media?parent=1077"}],"curies":[{"name":"wp","href":"https:\/\/api.w.org\/{rel}","templated":true}]}}