{"id":1071,"date":"2017-11-15T11:59:49","date_gmt":"2017-11-15T11:59:49","guid":{"rendered":"https:\/\/espanolcontacto.unirioja.es\/?page_id=1071"},"modified":"2017-11-15T11:59:49","modified_gmt":"2017-11-15T11:59:49","slug":"sara-gomez-seibane","status":"publish","type":"page","link":"https:\/\/espanolcontacto.unirioja.es\/index.php\/situaciones-de-contacto-publicaciones\/sara-gomez-seibane\/","title":{"rendered":"Sara G\u00f3mez Seibane"},"content":{"rendered":"\n<h1 class=\"wp-block-heading\">SARA G\u00d3MEZ SEIBANE<\/h1>\n\n\n\n<ul><li style=\"list-style-type: none;\">\n<ul>\n<li><span style=\"color: #000000;\"><strong>Universida<span style=\"color: #000000;\">d:<\/span><\/strong> <a style=\"color: #000000;\" href=\"http:\/\/www.unirioja.es\/\">Universidad de&nbsp;La Rioja<\/a><\/span><\/li>\n<li><span style=\"color: #000000;\"><strong>Pa\u00eds:<\/strong>&nbsp;Espa\u00f1a<\/span><\/li>\n<li><strong style=\"color: #000000;\">Email:&nbsp;<\/strong><\/li>\n<li><span style=\"color: #000000;\"><strong>\u00c1rea geogr\u00e1fica de inter\u00e9s:<span style=\"color: #000000;\">&nbsp;<\/span><\/strong>Pa\u00eds Vasco, Espa\u00f1a<\/span><\/li>\n<\/ul>\n<\/li><\/ul>\n\n\n\n<h1 class=\"wp-block-heading\">CURR\u00cdCULUM ACAD\u00c9MICO DE SARA G\u00d3MEZ SEIBANE<\/h1>\n\n\n\n<p><span style=\"color: #000000;\">Doctora por la Universidad de Deusto, profesora de Lengua espa\u00f1ola en la Universidad de La Rioja y antes en la Universidad de Castilla-La Mancha. Su actividad investigadora se centra en la (morfo)sintaxis del espa\u00f1ol, con especial atenci\u00f3n al contacto con la lengua vasca, sobre lo que ha publicado varios art\u00edculos y, con B. Camus Bergareche, la monograf\u00eda\u00a0<em>El castellano del Pa\u00eds Vasco\u00a0<\/em>(2012). Destacan, asimismo,\u00a0<em>Los pronombres \u00e1tonos (le, la, lo) en espa\u00f1ol\u00a0<\/em>(2016) y\u00a0<em>Los pronombres \u00e1tonos (le, la, lo) en espa\u00f1ol: aproximaci\u00f3n hist\u00f3rica\u00a0<\/em>(2013).<\/span><\/p>\n","protected":false},"excerpt":{"rendered":"<p>SARA G\u00d3MEZ SEIBANE Universidad: Universidad de&nbsp;La Rioja Pa\u00eds:&nbsp;Espa\u00f1a Email:&nbsp; \u00c1rea geogr\u00e1fica de inter\u00e9s:&nbsp;Pa\u00eds Vasco, Espa\u00f1a CURR\u00cdCULUM ACAD\u00c9MICO DE SARA G\u00d3MEZ SEIBANE Doctora por la Universidad de Deusto, profesora de Lengua espa\u00f1ola en la Universidad de La Rioja y antes en la Universidad de Castilla-La Mancha. Su actividad investigadora se centra<\/p>\n","protected":false},"author":1,"featured_media":0,"parent":50,"menu_order":0,"comment_status":"closed","ping_status":"closed","template":"","meta":{"footnotes":""},"_links":{"self":[{"href":"https:\/\/espanolcontacto.unirioja.es\/index.php\/wp-json\/wp\/v2\/pages\/1071"}],"collection":[{"href":"https:\/\/espanolcontacto.unirioja.es\/index.php\/wp-json\/wp\/v2\/pages"}],"about":[{"href":"https:\/\/espanolcontacto.unirioja.es\/index.php\/wp-json\/wp\/v2\/types\/page"}],"author":[{"embeddable":true,"href":"https:\/\/espanolcontacto.unirioja.es\/index.php\/wp-json\/wp\/v2\/users\/1"}],"replies":[{"embeddable":true,"href":"https:\/\/espanolcontacto.unirioja.es\/index.php\/wp-json\/wp\/v2\/comments?post=1071"}],"version-history":[{"count":0,"href":"https:\/\/espanolcontacto.unirioja.es\/index.php\/wp-json\/wp\/v2\/pages\/1071\/revisions"}],"up":[{"embeddable":true,"href":"https:\/\/espanolcontacto.unirioja.es\/index.php\/wp-json\/wp\/v2\/pages\/50"}],"wp:attachment":[{"href":"https:\/\/espanolcontacto.unirioja.es\/index.php\/wp-json\/wp\/v2\/media?parent=1071"}],"curies":[{"name":"wp","href":"https:\/\/api.w.org\/{rel}","templated":true}]}}