{"id":1065,"date":"2017-11-15T11:40:55","date_gmt":"2017-11-15T11:40:55","guid":{"rendered":"https:\/\/espanolcontacto.unirioja.es\/?page_id=1065"},"modified":"2017-11-15T11:40:55","modified_gmt":"2017-11-15T11:40:55","slug":"bruno-camus-bergareche","status":"publish","type":"page","link":"https:\/\/espanolcontacto.unirioja.es\/index.php\/situaciones-de-contacto-publicaciones\/bruno-camus-bergareche\/","title":{"rendered":"Bruno Camus Bergareche"},"content":{"rendered":"<h1>BRUNO CAMUS BERGARECHE<\/h1>\n<ul>\n<li style=\"list-style-type: none;\">\n<ul>\n<li style=\"list-style-type: none;\">\n<ul>\n<li><span style=\"color: #000000;\"><strong>Universida<span style=\"color: #000000;\">d:<\/span><\/strong> <a style=\"color: #000000;\" href=\"https:\/\/www.uclm.es\/\">Universidad de Castilla La Mancha\u00a0<\/a><\/span><\/li>\n<li><span style=\"color: #000000;\"><strong>Pa\u00eds:<\/strong>\u00a0Espa\u00f1a <\/span><\/li>\n<\/ul>\n<\/li>\n<\/ul>\n<ul>\n<li style=\"list-style-type: none;\">\n<ul>\n<li style=\"text-align: left;\"><span style=\"color: #000000;\"><span style=\"color: #000000;\"><strong>Email:\u00a0<\/strong><a href=\"mailto:bruno.camus@uclm.es\">bruno.camus@uclm.es<\/a><\/span><\/span><\/li>\n<li><span style=\"color: #000000;\"><strong>\u00c1rea geogr\u00e1fica de inter\u00e9s:<span style=\"color: #000000;\">\u00a0<\/span><\/strong>Pa\u00eds Vasco, Espa\u00f1a<\/span><\/li>\n<\/ul>\n<\/li>\n<\/ul>\n<\/li>\n<\/ul>\n<h1 style=\"text-align: left;\">CURR\u00cdCULUM ACAD\u00c9MICO DE BRUNO CAMUS BERGARECHE<\/h1>\n<p style=\"text-align: justify;\"><span style=\"color: #000000;\">Catedr\u00e1tico de Lengua Espa\u00f1ola en la Universidad de Castilla-La Mancha. Ha publicado trabajos especializados en sintaxis hist\u00f3rica del espa\u00f1ol, morfolog\u00eda te\u00f3rica y descriptiva y sobre la historia y descripci\u00f3n de la variedad de espa\u00f1ol del Pa\u00eds Vasco, en contacto intenso con la lengua vasca. Entre ellos cabe destacar \u201cLa expresi\u00f3n de la negaci\u00f3n\u201d, en la <em>Sintaxis hist\u00f3rica de la lengua espa\u00f1ola. Parte I<\/em>, dirigida por C. Company (2006); \u201cEl castellano de San Sebasti\u00e1n: desarrollo y caracterizaci\u00f3n\u201d, en\u00a0<em>Oihenart\u00a0<\/em>(2011); y la edici\u00f3n junto a Sara G\u00f3mez Seibane del libro\u00a0<em>El castellano del Pa\u00eds Vasco\u00a0<\/em>(2012).<\/span><\/p>\n<h1><\/h1>\n","protected":false},"excerpt":{"rendered":"<p>BRUNO CAMUS BERGARECHE Universidad: Universidad de Castilla La Mancha\u00a0 Pa\u00eds:\u00a0Espa\u00f1a Email:\u00a0bruno.camus@uclm.es \u00c1rea geogr\u00e1fica de inter\u00e9s:\u00a0Pa\u00eds Vasco, Espa\u00f1a CURR\u00cdCULUM ACAD\u00c9MICO DE BRUNO CAMUS BERGARECHE Catedr\u00e1tico de Lengua Espa\u00f1ola en la Universidad de Castilla-La Mancha. Ha publicado trabajos especializados en sintaxis hist\u00f3rica del espa\u00f1ol, morfolog\u00eda te\u00f3rica y descriptiva y sobre la historia<\/p>\n","protected":false},"author":1,"featured_media":0,"parent":50,"menu_order":0,"comment_status":"closed","ping_status":"closed","template":"","meta":{"footnotes":""},"_links":{"self":[{"href":"https:\/\/espanolcontacto.unirioja.es\/index.php\/wp-json\/wp\/v2\/pages\/1065"}],"collection":[{"href":"https:\/\/espanolcontacto.unirioja.es\/index.php\/wp-json\/wp\/v2\/pages"}],"about":[{"href":"https:\/\/espanolcontacto.unirioja.es\/index.php\/wp-json\/wp\/v2\/types\/page"}],"author":[{"embeddable":true,"href":"https:\/\/espanolcontacto.unirioja.es\/index.php\/wp-json\/wp\/v2\/users\/1"}],"replies":[{"embeddable":true,"href":"https:\/\/espanolcontacto.unirioja.es\/index.php\/wp-json\/wp\/v2\/comments?post=1065"}],"version-history":[{"count":0,"href":"https:\/\/espanolcontacto.unirioja.es\/index.php\/wp-json\/wp\/v2\/pages\/1065\/revisions"}],"up":[{"embeddable":true,"href":"https:\/\/espanolcontacto.unirioja.es\/index.php\/wp-json\/wp\/v2\/pages\/50"}],"wp:attachment":[{"href":"https:\/\/espanolcontacto.unirioja.es\/index.php\/wp-json\/wp\/v2\/media?parent=1065"}],"curies":[{"name":"wp","href":"https:\/\/api.w.org\/{rel}","templated":true}]}}